{"id":101604,"date":"2025-11-30T19:22:26","date_gmt":"2025-11-30T18:22:26","guid":{"rendered":"https:\/\/nimedixmedical.com\/notre-catalogue\/immobilisateur-contour-de-tete-noir-jaune\/"},"modified":"2026-01-12T14:52:27","modified_gmt":"2026-01-12T13:52:27","slug":"immobilisateur-contour-de-tete-noir-jaune","status":"publish","type":"product","link":"https:\/\/nimedixmedical.com\/fr\/notre-catalogue\/immobilisateur-contour-de-tete-noir-jaune\/","title":{"rendered":"Immobilisateur Contour de T\u00eate &#8211; Noir\/jaune"},"content":{"rendered":"<p>L&#8217;immobilisateur contour de t\u00eate en noir et jaune est con\u00e7u pour garantir la s\u00e9curit\u00e9 des patients bless\u00e9s lors de leur transport en milieu m\u00e9dical. Sa conception ergonomique permet de maintenir la t\u00eate immobile, r\u00e9duisant ainsi le risque de complications lors de l&#8217;\u00e9vacuation.<\/p>\n<h2>Caract\u00e9ristiques<\/h2>\n<ul>\n<li>Couleur : Noir et jaune<\/li>\n<li>Poids : 1,5 kg<\/li>\n<li>Mat\u00e9riau : Polyur\u00e9thane et PVC moul\u00e9s, radiotransparents<\/li>\n<li>Con\u00e7u pour les adultes, avec deux blocs et deux sangles pour immobilisation<\/li>\n<li>Ouvertures lat\u00e9rales pour les oreilles, am\u00e9liorant le confort<\/li>\n<li>Utilisable avec brancards cuill\u00e8res et brancards en PE<\/li>\n<li>Mode d\u2019emploi multilingue : GB, FR, IT, ES, PT, DE, NL, DK, GR, BG, RO<\/li>\n<\/ul>\n<h2>Livraison<\/h2>\n<ul>\n<li><strong>France :<\/strong> Livraison directe.<\/li>\n<li><strong>Export (Europe et Afrique) :<\/strong> Sur devis.<\/li>\n<\/ul>\n","protected":false},"excerpt":{"rendered":"<ul>\n<li>Usage : Immobilisation de la t\u00eate pour les patients bless\u00e9s lors de leur transport.<\/li>\n<li>B\u00e9n\u00e9fice : Mat\u00e9riau radiotransparent pour des examens de radiologie sans retrait de l&#8217;immobilisateur.<\/li>\n<li>Confort : Ouvertures pour les oreilles permettant un meilleur confort au patient.<\/li>\n<li>Polyvalence : Compatible avec les brancards cuill\u00e8res et brancards en PE.<\/li>\n<\/ul>\n","protected":false},"featured_media":101605,"comment_status":"open","ping_status":"open","template":"","meta":{"inline_featured_image":false},"product_brand":[],"product_cat":[863,864,784],"product_tag":[],"class_list":{"0":"post-101604","1":"product","2":"type-product","3":"status-publish","4":"has-post-thumbnail","6":"product_cat-accessoires-pour-brancards","7":"product_cat-immobilisateurs-de-tete","8":"product_cat-urgences-premiers-secours","10":"first","11":"instock","12":"sale","13":"taxable","14":"shipping-taxable","15":"purchasable","16":"product-type-simple"},"_links":{"self":[{"href":"https:\/\/nimedixmedical.com\/fr\/wp-json\/wp\/v2\/product\/101604","targetHints":{"allow":["GET"]}}],"collection":[{"href":"https:\/\/nimedixmedical.com\/fr\/wp-json\/wp\/v2\/product"}],"about":[{"href":"https:\/\/nimedixmedical.com\/fr\/wp-json\/wp\/v2\/types\/product"}],"replies":[{"embeddable":true,"href":"https:\/\/nimedixmedical.com\/fr\/wp-json\/wp\/v2\/comments?post=101604"}],"wp:featuredmedia":[{"embeddable":true,"href":"https:\/\/nimedixmedical.com\/fr\/wp-json\/wp\/v2\/media\/101605"}],"wp:attachment":[{"href":"https:\/\/nimedixmedical.com\/fr\/wp-json\/wp\/v2\/media?parent=101604"}],"wp:term":[{"taxonomy":"product_brand","embeddable":true,"href":"https:\/\/nimedixmedical.com\/fr\/wp-json\/wp\/v2\/product_brand?post=101604"},{"taxonomy":"product_cat","embeddable":true,"href":"https:\/\/nimedixmedical.com\/fr\/wp-json\/wp\/v2\/product_cat?post=101604"},{"taxonomy":"product_tag","embeddable":true,"href":"https:\/\/nimedixmedical.com\/fr\/wp-json\/wp\/v2\/product_tag?post=101604"}],"curies":[{"name":"wp","href":"https:\/\/api.w.org\/{rel}","templated":true}]}}