{"id":101465,"date":"2025-11-30T19:21:09","date_gmt":"2025-11-30T18:21:09","guid":{"rendered":"https:\/\/nimedixmedical.com\/notre-catalogue\/logiciel-de-formation-pour-def-ipad-cu-sp1-14-langues-gbitsefinodkhuruuajpkriltharabe\/"},"modified":"2026-01-12T14:52:03","modified_gmt":"2026-01-12T13:52:03","slug":"logiciel-de-formation-pour-def-ipad-cu-sp1-14-langues-gbitsefinodkhuruuajpkriltharabe","status":"publish","type":"product","link":"https:\/\/nimedixmedical.com\/fr\/notre-catalogue\/logiciel-de-formation-pour-def-ipad-cu-sp1-14-langues-gbitsefinodkhuruuajpkriltharabe\/","title":{"rendered":"Logiciel de Formation pour D\u00e9f. Ipad Cu-sp1 &#8211; 14 Langues Gb,it,se,fi,no,dk,hu,ru,ua,jp,kr,il,th,arabe"},"content":{"rendered":"<p>Ce logiciel de formation pour d\u00e9fibrillateur iPad CU-SP1 est con\u00e7u pour aider \u00e0 l&#8217;apprentissage des techniques de premiers secours. Avec un support en 14 langues, il s&#8217;adresse \u00e0 un public international, garantissant une compr\u00e9hension optimale des proc\u00e9dures essentielles en cas d&#8217;urgence m\u00e9dicale.<\/p>\n<h2>Caract\u00e9ristiques<\/h2>\n<ul>\n<li>Logiciel sp\u00e9cialement con\u00e7u pour les d\u00e9fibrillateurs iPad CU-SP1.<\/li>\n<li>14 langues s\u00e9lectionnables : Anglais, Italien, Su\u00e9dois, Finnois, Norv\u00e9gien, Danois, Hongrois, Russe, Ukrainien, Japonais, Cor\u00e9en, H\u00e9breu, Tha\u00ef, Arabe.<\/li>\n<li>Facilit\u00e9 d&#8217;utilisation et interface intuitive pour un apprentissage rapide.<\/li>\n<li>Adapt\u00e9 aux formations en entreprise, \u00e9coles, et organisations de secourisme.<\/li>\n<\/ul>\n<h2>Livraison<\/h2>\n<ul>\n<li><strong>France :<\/strong> Livraison directe.<\/li>\n<li><strong>Export (Europe et Afrique) :<\/strong> Sur devis.<\/li>\n<\/ul>\n","protected":false},"excerpt":{"rendered":"<ul>\n<li>Logiciel de formation complet pour d\u00e9fibrillateur iPad CU-SP1.<\/li>\n<li>Support multilingue : 14 langues disponibles pour une utilisation internationale.<\/li>\n<li>Facilite l&#8217;apprentissage des premiers secours et l&#8217;utilisation du d\u00e9fibrillateur.<\/li>\n<li>Id\u00e9al pour les formations en entreprise ou les \u00e9coles de secourisme.<\/li>\n<\/ul>\n","protected":false},"featured_media":101466,"comment_status":"open","ping_status":"open","template":"","meta":{"inline_featured_image":false},"product_brand":[],"product_cat":[856,859,784],"product_tag":[],"class_list":{"0":"post-101465","1":"product","2":"type-product","3":"status-publish","4":"has-post-thumbnail","6":"product_cat-accessoires-pour-defibrillateurs","7":"product_cat-pieces-de-rechange-et-accessoires-pour-defibrillateurs-cu-et-i-pad","8":"product_cat-urgences-premiers-secours","10":"first","11":"outofstock","12":"sale","13":"taxable","14":"shipping-taxable","15":"purchasable","16":"product-type-simple"},"_links":{"self":[{"href":"https:\/\/nimedixmedical.com\/fr\/wp-json\/wp\/v2\/product\/101465","targetHints":{"allow":["GET"]}}],"collection":[{"href":"https:\/\/nimedixmedical.com\/fr\/wp-json\/wp\/v2\/product"}],"about":[{"href":"https:\/\/nimedixmedical.com\/fr\/wp-json\/wp\/v2\/types\/product"}],"replies":[{"embeddable":true,"href":"https:\/\/nimedixmedical.com\/fr\/wp-json\/wp\/v2\/comments?post=101465"}],"wp:featuredmedia":[{"embeddable":true,"href":"https:\/\/nimedixmedical.com\/fr\/wp-json\/wp\/v2\/media\/101466"}],"wp:attachment":[{"href":"https:\/\/nimedixmedical.com\/fr\/wp-json\/wp\/v2\/media?parent=101465"}],"wp:term":[{"taxonomy":"product_brand","embeddable":true,"href":"https:\/\/nimedixmedical.com\/fr\/wp-json\/wp\/v2\/product_brand?post=101465"},{"taxonomy":"product_cat","embeddable":true,"href":"https:\/\/nimedixmedical.com\/fr\/wp-json\/wp\/v2\/product_cat?post=101465"},{"taxonomy":"product_tag","embeddable":true,"href":"https:\/\/nimedixmedical.com\/fr\/wp-json\/wp\/v2\/product_tag?post=101465"}],"curies":[{"name":"wp","href":"https:\/\/api.w.org\/{rel}","templated":true}]}}