{"id":101452,"date":"2025-11-30T19:20:36","date_gmt":"2025-11-30T18:20:36","guid":{"rendered":"https:\/\/nimedixmedical.com\/notre-catalogue\/logiciel-de-formation-pour-def-ipad-cu-sp1-14-langues-gbfresptdeplczgrnlseroltuskr\/"},"modified":"2026-01-12T14:52:02","modified_gmt":"2026-01-12T13:52:02","slug":"logiciel-de-formation-pour-def-ipad-cu-sp1-14-langues-gbfresptdeplczgrnlseroltuskr","status":"publish","type":"product","link":"https:\/\/nimedixmedical.com\/fr\/notre-catalogue\/logiciel-de-formation-pour-def-ipad-cu-sp1-14-langues-gbfresptdeplczgrnlseroltuskr\/","title":{"rendered":"Logiciel de Formation pour D\u00e9f. Ipad Cu-sp1 &#8211; 14 Langues Gb,fr,es,pt,de,pl,cz,gr,nl,se,ro,lt,us,kr"},"content":{"rendered":"<p>Le logiciel de formation pour d\u00e9fibrillateur iPad CU-SP1 est un outil p\u00e9dagogique indispensable dans le domaine m\u00e9dical. Il permet aux utilisateurs de se familiariser avec le fonctionnement des d\u00e9fibrillateurs tout en offrant une formation multilingue accessible \u00e0 un large public.<\/p>\n<h2>Caract\u00e9ristiques<\/h2>\n<ul>\n<li>Compatible avec le d\u00e9fibrillateur iPad CU-SP1.<\/li>\n<li>Propose une interface conviviale pour un apprentissage intuitif.<\/li>\n<li>Langues disponibles : GB, FR, ES, PT, DE, PL, CZ, GR, NL, SE, RO, LT, US, KR.<\/li>\n<li>Id\u00e9al pour les sessions de formation en urgences et premiers secours.<\/li>\n<\/ul>\n<h2>Livraison<\/h2>\n<ul>\n<li><strong>France :<\/strong> Livraison directe.<\/li>\n<li><strong>Export (Europe et Afrique) :<\/strong> Sur devis.<\/li>\n<\/ul>\n","protected":false},"excerpt":{"rendered":"<ul>\n<li>Logiciel de formation pour d\u00e9fibrillateur iPad CU-SP1.<\/li>\n<li>Disponible en 14 langues (GB, FR, ES, PT, DE, PL, CZ, GR, NL, SE, RO, LT, US, KR).<\/li>\n<li>Facilite l&#8217;apprentissage et la compr\u00e9hension des proc\u00e9dures de r\u00e9animation.<\/li>\n<li>Outil essentiel pour les formations en urgences et premiers secours.<\/li>\n<\/ul>\n","protected":false},"featured_media":101453,"comment_status":"open","ping_status":"open","template":"","meta":{"inline_featured_image":false},"product_brand":[],"product_cat":[856,859,784],"product_tag":[],"class_list":{"0":"post-101452","1":"product","2":"type-product","3":"status-publish","4":"has-post-thumbnail","6":"product_cat-accessoires-pour-defibrillateurs","7":"product_cat-pieces-de-rechange-et-accessoires-pour-defibrillateurs-cu-et-i-pad","8":"product_cat-urgences-premiers-secours","10":"first","11":"outofstock","12":"sale","13":"taxable","14":"shipping-taxable","15":"purchasable","16":"product-type-simple"},"_links":{"self":[{"href":"https:\/\/nimedixmedical.com\/fr\/wp-json\/wp\/v2\/product\/101452","targetHints":{"allow":["GET"]}}],"collection":[{"href":"https:\/\/nimedixmedical.com\/fr\/wp-json\/wp\/v2\/product"}],"about":[{"href":"https:\/\/nimedixmedical.com\/fr\/wp-json\/wp\/v2\/types\/product"}],"replies":[{"embeddable":true,"href":"https:\/\/nimedixmedical.com\/fr\/wp-json\/wp\/v2\/comments?post=101452"}],"wp:featuredmedia":[{"embeddable":true,"href":"https:\/\/nimedixmedical.com\/fr\/wp-json\/wp\/v2\/media\/101453"}],"wp:attachment":[{"href":"https:\/\/nimedixmedical.com\/fr\/wp-json\/wp\/v2\/media?parent=101452"}],"wp:term":[{"taxonomy":"product_brand","embeddable":true,"href":"https:\/\/nimedixmedical.com\/fr\/wp-json\/wp\/v2\/product_brand?post=101452"},{"taxonomy":"product_cat","embeddable":true,"href":"https:\/\/nimedixmedical.com\/fr\/wp-json\/wp\/v2\/product_cat?post=101452"},{"taxonomy":"product_tag","embeddable":true,"href":"https:\/\/nimedixmedical.com\/fr\/wp-json\/wp\/v2\/product_tag?post=101452"}],"curies":[{"name":"wp","href":"https:\/\/api.w.org\/{rel}","templated":true}]}}