{"id":101222,"date":"2025-11-30T19:18:19","date_gmt":"2025-11-30T18:18:19","guid":{"rendered":"https:\/\/nimedixmedical.com\/notre-catalogue\/masque-larynge-jetable-pvc-n-4\/"},"modified":"2026-01-12T14:50:43","modified_gmt":"2026-01-12T13:50:43","slug":"masque-larynge-jetable-pvc-n-4","status":"publish","type":"product","link":"https:\/\/nimedixmedical.com\/fr\/notre-catalogue\/masque-larynge-jetable-pvc-n-4\/","title":{"rendered":"Masque Laryng\u00e9 Jetable PVC N\u00b0 4"},"content":{"rendered":"<p>Le masque laryng\u00e9 jetable en PVC N\u00b0 4 est un dispositif m\u00e9dical essentiel pour l&#8217;anesth\u00e9sie et la m\u00e9decine d&#8217;urgence. Avec des caract\u00e9ristiques optimis\u00e9es pour g\u00e9rer les voies a\u00e9riennes, il garantit une intervention rapide et efficace tout en minimisant l&#8217;inconfort du patient.<\/p>\n<h2>Caract\u00e9ristiques<\/h2>\n<ul>\n<li>Masque laryng\u00e9 N\u00b0 4,0, adapt\u00e9 pour des patients pesant entre 50 et 70 kg.<\/li>\n<li>Volume de gonflage du bourrelet : 30 ml.<\/li>\n<li>Longueur du tube : 175 mm.<\/li>\n<li>Compos\u00e9 d&#8217;un tube respiratoire, d&#8217;un masque laryng\u00e9, d&#8217;un connecteur, d&#8217;un tube de gonflage, d&#8217;une valve, d&#8217;un ballonnet pilote, d&#8217;une valve de d\u00e9gonflage et d&#8217;un dos annex\u00e9.<\/li>\n<li>Permet un acc\u00e8s rapide et efficace aux voies a\u00e9riennes pour ventilation spontan\u00e9e ou contr\u00f4l\u00e9e.<\/li>\n<li>Compatible avec les stades d&#8217;anesth\u00e9sie les plus l\u00e9gers.<\/li>\n<li>Produit st\u00e9rile et sans latex pour minimiser les risques allergiques.<\/li>\n<\/ul>\n<h2>Livraison<\/h2>\n<ul>\n<li><strong>France :<\/strong> Livraison directe.<\/li>\n<li><strong>Export (Europe et Afrique) :<\/strong> Sur devis.<\/li>\n<\/ul>\n","protected":false},"excerpt":{"rendered":"<ul>\n<li>Usage : Con\u00e7u pour l&#8217;anesth\u00e9sie et la m\u00e9decine d&#8217;urgence.<\/li>\n<li>B\u00e9n\u00e9fice : R\u00e9duit la douleur et la toux lors de l&#8217;intubation.<\/li>\n<li>St\u00e9rile et sans latex pour une s\u00e9curit\u00e9 accrue.<\/li>\n<li>Acc\u00e8s rapide aux voies a\u00e9riennes pour ventilation efficace.<\/li>\n<\/ul>\n","protected":false},"featured_media":101223,"comment_status":"open","ping_status":"open","template":"","meta":{"inline_featured_image":false},"product_brand":[],"product_cat":[851,853,784],"product_tag":[],"class_list":{"0":"post-101222","1":"product","2":"type-product","3":"status-publish","4":"has-post-thumbnail","6":"product_cat-accessoires-premiers-secours-canules-de-guedel-ciseaux-sondes-dintubation-endotracheale","7":"product_cat-masques-larynges","8":"product_cat-urgences-premiers-secours","10":"first","11":"instock","12":"sale","13":"taxable","14":"shipping-taxable","15":"purchasable","16":"product-type-simple"},"_links":{"self":[{"href":"https:\/\/nimedixmedical.com\/fr\/wp-json\/wp\/v2\/product\/101222","targetHints":{"allow":["GET"]}}],"collection":[{"href":"https:\/\/nimedixmedical.com\/fr\/wp-json\/wp\/v2\/product"}],"about":[{"href":"https:\/\/nimedixmedical.com\/fr\/wp-json\/wp\/v2\/types\/product"}],"replies":[{"embeddable":true,"href":"https:\/\/nimedixmedical.com\/fr\/wp-json\/wp\/v2\/comments?post=101222"}],"wp:featuredmedia":[{"embeddable":true,"href":"https:\/\/nimedixmedical.com\/fr\/wp-json\/wp\/v2\/media\/101223"}],"wp:attachment":[{"href":"https:\/\/nimedixmedical.com\/fr\/wp-json\/wp\/v2\/media?parent=101222"}],"wp:term":[{"taxonomy":"product_brand","embeddable":true,"href":"https:\/\/nimedixmedical.com\/fr\/wp-json\/wp\/v2\/product_brand?post=101222"},{"taxonomy":"product_cat","embeddable":true,"href":"https:\/\/nimedixmedical.com\/fr\/wp-json\/wp\/v2\/product_cat?post=101222"},{"taxonomy":"product_tag","embeddable":true,"href":"https:\/\/nimedixmedical.com\/fr\/wp-json\/wp\/v2\/product_tag?post=101222"}],"curies":[{"name":"wp","href":"https:\/\/api.w.org\/{rel}","templated":true}]}}