{"id":101157,"date":"2025-11-30T19:17:04","date_gmt":"2025-11-30T18:17:04","guid":{"rendered":"https:\/\/nimedixmedical.com\/notre-catalogue\/canule-de-tracheotomie-a-ballonnet-diametre-65-mm\/"},"modified":"2026-01-12T14:50:38","modified_gmt":"2026-01-12T13:50:38","slug":"canule-de-tracheotomie-a-ballonnet-diametre-65-mm","status":"publish","type":"product","link":"https:\/\/nimedixmedical.com\/fr\/notre-catalogue\/canule-de-tracheotomie-a-ballonnet-diametre-65-mm\/","title":{"rendered":"Canule de Trach\u00e9otomie \u00c0 Ballonnet Diam\u00e8tre 6,5 mm"},"content":{"rendered":"<p>La canule de trach\u00e9otomie \u00e0 ballonnet de diam\u00e8tre 6,5 mm est un dispositif m\u00e9dical essentiel pour \u00e9tablir rapidement une voie a\u00e9rienne en cas d&#8217;urgence. Con\u00e7ue pour une insertion rapide et efficace, elle r\u00e9pond aux besoins des professionnels de sant\u00e9 en situations critiques.<\/p>\n<h2>Caract\u00e9ristiques<\/h2>\n<ul>\n<li>Canules en PVC de qualit\u00e9 m\u00e9dicale, non toxique et r\u00e9sistant au tortillement.<\/li>\n<li>Pointe arrondie et lisse de l&#8217;obturateur pour r\u00e9duire le risque de traumatisme.<\/li>\n<li>Ballonnet basse pression de grand volume assurant une \u00e9tanch\u00e9it\u00e9 optimale.<\/li>\n<li>Valve anti-retour efficace pour un gonflage et d\u00e9gonflage facile du ballonnet.<\/li>\n<li>St\u00e9rile et destin\u00e9 \u00e0 un patient unique, classe IIa, sans DEHP.<\/li>\n<li>Fabriqu\u00e9 sans caoutchouc naturel ou latex.<\/li>\n<\/ul>\n<h2>Livraison<\/h2>\n<ul>\n<li><strong>France :<\/strong> Livraison directe.<\/li>\n<li><strong>Export (Europe et Afrique) :<\/strong> Sur devis.<\/li>\n<\/ul>\n","protected":false},"excerpt":{"rendered":"<ul>\n<li>Usage : \u00c9tablir rapidement une voie a\u00e9rienne en cas d&#8217;urgence.<\/li>\n<li>B\u00e9n\u00e9fice : Con\u00e7ue pour une insertion atraumatique gr\u00e2ce \u00e0 sa pointe arrondie.<\/li>\n<li>Qualit\u00e9 : Fabriqu\u00e9e en PVC m\u00e9dical, non toxique et r\u00e9sistant au tortillement.<\/li>\n<li>Caract\u00e9ristiques : Ballonnet basse pression pour une \u00e9tanch\u00e9it\u00e9 optimale.<\/li>\n<\/ul>\n","protected":false},"featured_media":101158,"comment_status":"open","ping_status":"open","template":"","meta":{"inline_featured_image":false},"product_brand":[],"product_cat":[851,852,784],"product_tag":[],"class_list":{"0":"post-101157","1":"product","2":"type-product","3":"status-publish","4":"has-post-thumbnail","6":"product_cat-accessoires-premiers-secours-canules-de-guedel-ciseaux-sondes-dintubation-endotracheale","7":"product_cat-sondes-dintubation-endotracheale","8":"product_cat-urgences-premiers-secours","10":"first","11":"instock","12":"sale","13":"taxable","14":"shipping-taxable","15":"purchasable","16":"product-type-simple"},"_links":{"self":[{"href":"https:\/\/nimedixmedical.com\/fr\/wp-json\/wp\/v2\/product\/101157","targetHints":{"allow":["GET"]}}],"collection":[{"href":"https:\/\/nimedixmedical.com\/fr\/wp-json\/wp\/v2\/product"}],"about":[{"href":"https:\/\/nimedixmedical.com\/fr\/wp-json\/wp\/v2\/types\/product"}],"replies":[{"embeddable":true,"href":"https:\/\/nimedixmedical.com\/fr\/wp-json\/wp\/v2\/comments?post=101157"}],"wp:featuredmedia":[{"embeddable":true,"href":"https:\/\/nimedixmedical.com\/fr\/wp-json\/wp\/v2\/media\/101158"}],"wp:attachment":[{"href":"https:\/\/nimedixmedical.com\/fr\/wp-json\/wp\/v2\/media?parent=101157"}],"wp:term":[{"taxonomy":"product_brand","embeddable":true,"href":"https:\/\/nimedixmedical.com\/fr\/wp-json\/wp\/v2\/product_brand?post=101157"},{"taxonomy":"product_cat","embeddable":true,"href":"https:\/\/nimedixmedical.com\/fr\/wp-json\/wp\/v2\/product_cat?post=101157"},{"taxonomy":"product_tag","embeddable":true,"href":"https:\/\/nimedixmedical.com\/fr\/wp-json\/wp\/v2\/product_tag?post=101157"}],"curies":[{"name":"wp","href":"https:\/\/api.w.org\/{rel}","templated":true}]}}