{"id":101145,"date":"2025-11-30T19:17:04","date_gmt":"2025-11-30T18:17:04","guid":{"rendered":"https:\/\/nimedixmedical.com\/notre-catalogue\/canule-de-tracheotomie-a-ballonnet-diametre-85-mm\/"},"modified":"2026-01-12T14:50:35","modified_gmt":"2026-01-12T13:50:35","slug":"canule-de-tracheotomie-a-ballonnet-diametre-85-mm","status":"publish","type":"product","link":"https:\/\/nimedixmedical.com\/fr\/notre-catalogue\/canule-de-tracheotomie-a-ballonnet-diametre-85-mm\/","title":{"rendered":"Canule de Trach\u00e9otomie \u00c0 Ballonnet Diam\u00e8tre 8,5 mm"},"content":{"rendered":"<p>La canule de trach\u00e9otomie \u00e0 ballonnet de diam\u00e8tre 8,5 mm est con\u00e7ue pour une intervention rapide en cas d&#8217;urgence respiratoire. Elle permet une mise en place efficace d&#8217;une voie a\u00e9rienne, essentielle pour des situations critiques.<\/p>\n<h2>Caract\u00e9ristiques<\/h2>\n<ul>\n<li>Fabriqu\u00e9e en PVC de qualit\u00e9 m\u00e9dicale, non toxique et transparent, offrant une r\u00e9sistance au tortillement.<\/li>\n<li>Pointe arrondie et lisse pour minimiser le risque de traumatisme lors de l&#8217;insertion.<\/li>\n<li>Ballonnet haute capacit\u00e9 \u00e0 basse pression assurant une \u00e9tanch\u00e9it\u00e9 optimale et une manipulation atraumatique.<\/li>\n<li>Dot\u00e9e d&#8217;une ligne radio-opaque pour le positionnement pr\u00e9cis de la canule.<\/li>\n<li>St\u00e9rile et d\u00e9di\u00e9e \u00e0 un seul patient, sans DEHP, caoutchouc naturel ou latex.<\/li>\n<\/ul>\n<h2>Livraison<\/h2>\n<ul>\n<li><strong>France :<\/strong> Livraison directe.<\/li>\n<li><strong>Export (Europe et Afrique) :<\/strong> Sur devis.<\/li>\n<\/ul>\n","protected":false},"excerpt":{"rendered":"<ul>\n<li>Usage : \u00c9tablir rapidement une voie a\u00e9rienne en cas d&#8217;urgence gr\u00e2ce \u00e0 une insertion facile et rapide dans la trach\u00e9e.<\/li>\n<li>B\u00e9n\u00e9fice : Conception en PVC m\u00e9dical de qualit\u00e9, r\u00e9duisant le risque de traumatisme lors de l&#8217;insertion et garantissant une utilisation s\u00e9curis\u00e9e.<\/li>\n<li>Caract\u00e9ristique : Ballonnet basse pression pour une \u00e9tanch\u00e9it\u00e9 efficace et atraumatique lors de l&#8217;intubation et de l&#8217;extubation.<\/li>\n<li>\u00c9quipement : Comprend tous les accessoires n\u00e9cessaires pour une utilisation optimale, y compris un obturateur et un connecteur standard.<\/li>\n<\/ul>\n","protected":false},"featured_media":101146,"comment_status":"open","ping_status":"open","template":"","meta":{"inline_featured_image":false},"product_brand":[],"product_cat":[851,852,784],"product_tag":[],"class_list":{"0":"post-101145","1":"product","2":"type-product","3":"status-publish","4":"has-post-thumbnail","6":"product_cat-accessoires-premiers-secours-canules-de-guedel-ciseaux-sondes-dintubation-endotracheale","7":"product_cat-sondes-dintubation-endotracheale","8":"product_cat-urgences-premiers-secours","10":"first","11":"instock","12":"sale","13":"taxable","14":"shipping-taxable","15":"purchasable","16":"product-type-simple"},"_links":{"self":[{"href":"https:\/\/nimedixmedical.com\/fr\/wp-json\/wp\/v2\/product\/101145","targetHints":{"allow":["GET"]}}],"collection":[{"href":"https:\/\/nimedixmedical.com\/fr\/wp-json\/wp\/v2\/product"}],"about":[{"href":"https:\/\/nimedixmedical.com\/fr\/wp-json\/wp\/v2\/types\/product"}],"replies":[{"embeddable":true,"href":"https:\/\/nimedixmedical.com\/fr\/wp-json\/wp\/v2\/comments?post=101145"}],"wp:featuredmedia":[{"embeddable":true,"href":"https:\/\/nimedixmedical.com\/fr\/wp-json\/wp\/v2\/media\/101146"}],"wp:attachment":[{"href":"https:\/\/nimedixmedical.com\/fr\/wp-json\/wp\/v2\/media?parent=101145"}],"wp:term":[{"taxonomy":"product_brand","embeddable":true,"href":"https:\/\/nimedixmedical.com\/fr\/wp-json\/wp\/v2\/product_brand?post=101145"},{"taxonomy":"product_cat","embeddable":true,"href":"https:\/\/nimedixmedical.com\/fr\/wp-json\/wp\/v2\/product_cat?post=101145"},{"taxonomy":"product_tag","embeddable":true,"href":"https:\/\/nimedixmedical.com\/fr\/wp-json\/wp\/v2\/product_tag?post=101145"}],"curies":[{"name":"wp","href":"https:\/\/api.w.org\/{rel}","templated":true}]}}