{"id":101140,"date":"2025-11-30T19:17:04","date_gmt":"2025-11-30T18:17:04","guid":{"rendered":"https:\/\/nimedixmedical.com\/notre-catalogue\/attelles-et-gouttieres-gonflables-de-premiers-secours-ensemble-de-4-unites\/"},"modified":"2026-01-12T14:50:33","modified_gmt":"2026-01-12T13:50:33","slug":"attelles-et-gouttieres-gonflables-de-premiers-secours-ensemble-de-4-unites","status":"publish","type":"product","link":"https:\/\/nimedixmedical.com\/fr\/notre-catalogue\/attelles-et-gouttieres-gonflables-de-premiers-secours-ensemble-de-4-unites\/","title":{"rendered":"Attelles et Goutti\u00e8res Gonflables de Premiers Secours &#8211; Ensemble de 4 Unit\u00e9s"},"content":{"rendered":"<p>Les attelles et goutti\u00e8res gonflables de premiers secours sont essentielles pour le traitement des blessures en urgence. Con\u00e7ues pour immobiliser efficacement tout en respectant la circulation sanguine, elles permettent un transport s\u00e9curis\u00e9 des victimes.<\/p>\n<h2>Caract\u00e9ristiques<\/h2>\n<ul>\n<li>Jeu de 4 attelles gonflables : jambe enti\u00e8re, pieds\/cheville, bras, main\/poignet.<\/li>\n<li>Rev\u00eatement transparent en PVC, facile \u00e0 nettoyer et r\u00e9sistant aux intemp\u00e9ries.<\/li>\n<li>Bandage radiotransparent pour diagnostics m\u00e9dicaux sans retrait n\u00e9cessaire.<\/li>\n<li>\u00c9quip\u00e9 d&#8217;un tube de 14,5 cm et d&#8217;une valve pour un gonflage ais\u00e9.<\/li>\n<li>Inclus une sacoche \u00e0 4 compartiments pour un rangement pratique.<\/li>\n<li>Fabriqu\u00e9 en Italie pour une qualit\u00e9 sup\u00e9rieure.<\/li>\n<\/ul>\n<h2>Livraison<\/h2>\n<ul>\n<li><strong>France :<\/strong> Livraison directe.<\/li>\n<li><strong>Export (Europe et Afrique) :<\/strong> Sur devis.<\/li>\n<\/ul>\n","protected":false},"excerpt":{"rendered":"<ul>\n<li>Outils indispensables pour les premiers secours en cas d&#8217;accidents, coupures et \u00e9crasements.<\/li>\n<li>Facilitent le transport des bless\u00e9s sans douleur tout en \u00e9liminant le risque d&#8217;h\u00e9morragie externe.<\/li>\n<li>Rev\u00eatement en PVC transparent, r\u00e9sistant \u00e0 l&#8217;eau et facile \u00e0 nettoyer, permettant une r\u00e9utilisation.<\/li>\n<li>Jeu de 4 attelles adapt\u00e9es \u00e0 diff\u00e9rentes parties du corps, livr\u00e9es avec une pompe de gonflage.<\/li>\n<\/ul>\n","protected":false},"featured_media":101141,"comment_status":"open","ping_status":"open","template":"","meta":{"inline_featured_image":false},"product_brand":[],"product_cat":[850,844,784],"product_tag":[],"class_list":{"0":"post-101140","1":"product","2":"type-product","3":"status-publish","4":"has-post-thumbnail","6":"product_cat-attelles","7":"product_cat-attelles-colliers-cervicaux","8":"product_cat-urgences-premiers-secours","10":"first","11":"instock","12":"sale","13":"taxable","14":"shipping-taxable","15":"purchasable","16":"product-type-simple"},"_links":{"self":[{"href":"https:\/\/nimedixmedical.com\/fr\/wp-json\/wp\/v2\/product\/101140","targetHints":{"allow":["GET"]}}],"collection":[{"href":"https:\/\/nimedixmedical.com\/fr\/wp-json\/wp\/v2\/product"}],"about":[{"href":"https:\/\/nimedixmedical.com\/fr\/wp-json\/wp\/v2\/types\/product"}],"replies":[{"embeddable":true,"href":"https:\/\/nimedixmedical.com\/fr\/wp-json\/wp\/v2\/comments?post=101140"}],"wp:featuredmedia":[{"embeddable":true,"href":"https:\/\/nimedixmedical.com\/fr\/wp-json\/wp\/v2\/media\/101141"}],"wp:attachment":[{"href":"https:\/\/nimedixmedical.com\/fr\/wp-json\/wp\/v2\/media?parent=101140"}],"wp:term":[{"taxonomy":"product_brand","embeddable":true,"href":"https:\/\/nimedixmedical.com\/fr\/wp-json\/wp\/v2\/product_brand?post=101140"},{"taxonomy":"product_cat","embeddable":true,"href":"https:\/\/nimedixmedical.com\/fr\/wp-json\/wp\/v2\/product_cat?post=101140"},{"taxonomy":"product_tag","embeddable":true,"href":"https:\/\/nimedixmedical.com\/fr\/wp-json\/wp\/v2\/product_tag?post=101140"}],"curies":[{"name":"wp","href":"https:\/\/api.w.org\/{rel}","templated":true}]}}