{"id":101098,"date":"2025-11-30T19:16:22","date_gmt":"2025-11-30T18:16:22","guid":{"rendered":"https:\/\/nimedixmedical.com\/notre-catalogue\/attelle-gimasplint-set-de-5-unites-avec-sac\/"},"modified":"2026-01-12T14:50:20","modified_gmt":"2026-01-12T13:50:20","slug":"attelle-gimasplint-set-de-5-unites-avec-sac","status":"publish","type":"product","link":"https:\/\/nimedixmedical.com\/fr\/notre-catalogue\/attelle-gimasplint-set-de-5-unites-avec-sac\/","title":{"rendered":"Attelle Gimasplint &#8211; Set de 5 Unit\u00e9s avec Sac"},"content":{"rendered":"<p>Les attelles Gimasplint sont des dispositifs m\u00e9dicaux essentiels pour la prise en charge des urgences. Con\u00e7ues pour immobiliser efficacement les membres, elles offrent un soutien optimal tout en garantissant le confort du patient. Leur adaptabilit\u00e9 et leur facilit\u00e9 d&#8217;utilisation en font un choix privil\u00e9gi\u00e9 pour les professionnels de sant\u00e9.<\/p>\n<h2>Caract\u00e9ristiques<\/h2>\n<ul>\n<li>Set de 5 attelles avec sac de rangement.<\/li>\n<li>Chaque attelle est modelable pour un ajustement personnalis\u00e9.<\/li>\n<li>Mat\u00e9riau int\u00e9rieur : n\u00e9opr\u00e8ne 100 % nylon lamin\u00e9 et attelle m\u00e9tallique rigide.<\/li>\n<li>Fermeture rapide avec bande velcro pour une utilisation ais\u00e9e.<\/li>\n<li>Disponible dans 5 tailles pour s&#8217;adapter \u00e0 tous les besoins.<\/li>\n<li>Instructions fournies en plusieurs langues : GB, FR, IT, ES, PT.<\/li>\n<\/ul>\n<h2>Livraison<\/h2>\n<ul>\n<li><strong>France :<\/strong> Livraison directe.<\/li>\n<li><strong>Export (Europe et Afrique) :<\/strong> Sur devis.<\/li>\n<\/ul>\n","protected":false},"excerpt":{"rendered":"<ul>\n<li>Attelles con\u00e7ues pour immobiliser efficacement les membres sans g\u00eane.<\/li>\n<li>Mod\u00e8les adaptables aux besoins sp\u00e9cifiques de chaque patient.<\/li>\n<li>Int\u00e9rieur en n\u00e9opr\u00e8ne 100 % nylon lamin\u00e9 pour un soutien optimal.<\/li>\n<li>Fermeture rapide et facile gr\u00e2ce \u00e0 une bande velcro.<\/li>\n<\/ul>\n","protected":false},"featured_media":101099,"comment_status":"open","ping_status":"open","template":"","meta":{"inline_featured_image":false},"product_brand":[],"product_cat":[850,844,784],"product_tag":[],"class_list":{"0":"post-101098","1":"product","2":"type-product","3":"status-publish","4":"has-post-thumbnail","6":"product_cat-attelles","7":"product_cat-attelles-colliers-cervicaux","8":"product_cat-urgences-premiers-secours","10":"first","11":"instock","12":"sale","13":"taxable","14":"shipping-taxable","15":"purchasable","16":"product-type-simple"},"_links":{"self":[{"href":"https:\/\/nimedixmedical.com\/fr\/wp-json\/wp\/v2\/product\/101098","targetHints":{"allow":["GET"]}}],"collection":[{"href":"https:\/\/nimedixmedical.com\/fr\/wp-json\/wp\/v2\/product"}],"about":[{"href":"https:\/\/nimedixmedical.com\/fr\/wp-json\/wp\/v2\/types\/product"}],"replies":[{"embeddable":true,"href":"https:\/\/nimedixmedical.com\/fr\/wp-json\/wp\/v2\/comments?post=101098"}],"wp:featuredmedia":[{"embeddable":true,"href":"https:\/\/nimedixmedical.com\/fr\/wp-json\/wp\/v2\/media\/101099"}],"wp:attachment":[{"href":"https:\/\/nimedixmedical.com\/fr\/wp-json\/wp\/v2\/media?parent=101098"}],"wp:term":[{"taxonomy":"product_brand","embeddable":true,"href":"https:\/\/nimedixmedical.com\/fr\/wp-json\/wp\/v2\/product_brand?post=101098"},{"taxonomy":"product_cat","embeddable":true,"href":"https:\/\/nimedixmedical.com\/fr\/wp-json\/wp\/v2\/product_cat?post=101098"},{"taxonomy":"product_tag","embeddable":true,"href":"https:\/\/nimedixmedical.com\/fr\/wp-json\/wp\/v2\/product_tag?post=101098"}],"curies":[{"name":"wp","href":"https:\/\/api.w.org\/{rel}","templated":true}]}}