{"id":100962,"date":"2025-11-30T19:15:11","date_gmt":"2025-11-30T18:15:11","guid":{"rendered":"https:\/\/nimedixmedical.com\/notre-catalogue\/collier-ambu-perfit-militaire\/"},"modified":"2026-01-12T14:49:40","modified_gmt":"2026-01-12T13:49:40","slug":"collier-ambu-perfit-militaire","status":"publish","type":"product","link":"https:\/\/nimedixmedical.com\/fr\/notre-catalogue\/collier-ambu-perfit-militaire\/","title":{"rendered":"Collier Ambu Perfit Militaire"},"content":{"rendered":"<p>Le collier Ambu\u00ae Perfit\u2122 ACE\u00ae militaire est con\u00e7u pour assurer une immobilisation efficace du rachis cervical lors des interventions d&#8217;urgence. Sa structure sp\u00e9cifique et son design militaire en font un outil indispensable pour les professionnels de la sant\u00e9 dans des situations critiques.<\/p>\n<h2>Caract\u00e9ristiques<\/h2>\n<ul>\n<li>Jetable pour une utilisation pratique et hygi\u00e9nique.<\/li>\n<li>Mat\u00e9riau en poly\u00e9thyl\u00e8ne, sans latex, pour \u00e9viter les allergies.<\/li>\n<li>Radiotransparent, compatible avec les examens TC et IRM.<\/li>\n<li>Coque arri\u00e8re con\u00e7ue pour favoriser l&#8217;a\u00e9ration et le drainage des fluides.<\/li>\n<li>Rangement \u00e0 plat pour un transport facile.<\/li>\n<li>16 positions de r\u00e9glage : sans cou, court, normal et haut, pour un ajustement personnalis\u00e9.<\/li>\n<\/ul>\n<h2>Livraison<\/h2>\n<ul>\n<li><strong>France :<\/strong> Livraison directe.<\/li>\n<li><strong>Export (Europe et Afrique) :<\/strong> Sur devis.<\/li>\n<\/ul>\n","protected":false},"excerpt":{"rendered":"<ul>\n<li>Usage : Collier cervical jetable pour immobilisation lors de situations d&#8217;urgence.<\/li>\n<li>B\u00e9n\u00e9fice : Maintien rigide de l&#8217;axe t\u00eate-cou-tronc pour \u00e9viter toute rotation ou mouvement ind\u00e9sirable.<\/li>\n<li>Adaptabilit\u00e9 : 16 positions de r\u00e9glage pour s&#8217;ajuster \u00e0 diff\u00e9rentes tailles et morphologies.<\/li>\n<li>Confort : Conception en mousse a\u00e9r\u00e9e pour un transport optimal.<\/li>\n<\/ul>\n","protected":false},"featured_media":100963,"comment_status":"open","ping_status":"open","template":"","meta":{"inline_featured_image":false},"product_brand":[],"product_cat":[844,848,784],"product_tag":[],"class_list":{"0":"post-100962","1":"product","2":"type-product","3":"status-publish","4":"has-post-thumbnail","6":"product_cat-attelles-colliers-cervicaux","7":"product_cat-colliers-cervicaux","8":"product_cat-urgences-premiers-secours","10":"first","11":"instock","12":"sale","13":"taxable","14":"shipping-taxable","15":"purchasable","16":"product-type-simple"},"_links":{"self":[{"href":"https:\/\/nimedixmedical.com\/fr\/wp-json\/wp\/v2\/product\/100962","targetHints":{"allow":["GET"]}}],"collection":[{"href":"https:\/\/nimedixmedical.com\/fr\/wp-json\/wp\/v2\/product"}],"about":[{"href":"https:\/\/nimedixmedical.com\/fr\/wp-json\/wp\/v2\/types\/product"}],"replies":[{"embeddable":true,"href":"https:\/\/nimedixmedical.com\/fr\/wp-json\/wp\/v2\/comments?post=100962"}],"wp:featuredmedia":[{"embeddable":true,"href":"https:\/\/nimedixmedical.com\/fr\/wp-json\/wp\/v2\/media\/100963"}],"wp:attachment":[{"href":"https:\/\/nimedixmedical.com\/fr\/wp-json\/wp\/v2\/media?parent=100962"}],"wp:term":[{"taxonomy":"product_brand","embeddable":true,"href":"https:\/\/nimedixmedical.com\/fr\/wp-json\/wp\/v2\/product_brand?post=100962"},{"taxonomy":"product_cat","embeddable":true,"href":"https:\/\/nimedixmedical.com\/fr\/wp-json\/wp\/v2\/product_cat?post=100962"},{"taxonomy":"product_tag","embeddable":true,"href":"https:\/\/nimedixmedical.com\/fr\/wp-json\/wp\/v2\/product_tag?post=100962"}],"curies":[{"name":"wp","href":"https:\/\/api.w.org\/{rel}","templated":true}]}}