{"id":100751,"date":"2025-11-30T19:12:53","date_gmt":"2025-11-30T18:12:53","guid":{"rendered":"https:\/\/nimedixmedical.com\/notre-catalogue\/detendeur-de-pression-uni\/"},"modified":"2026-01-12T14:48:21","modified_gmt":"2026-01-12T13:48:21","slug":"detendeur-de-pression-uni","status":"publish","type":"product","link":"https:\/\/nimedixmedical.com\/fr\/notre-catalogue\/detendeur-de-pression-uni\/","title":{"rendered":"D\u00e9tendeur de Pression &#8211; Uni"},"content":{"rendered":"<p>Le d\u00e9tendeur de pression UNI est con\u00e7u pour une utilisation m\u00e9dicale, assurant un approvisionnement en oxyg\u00e8ne fiable et s\u00e9curis\u00e9 dans les situations d&#8217;urgence. Sa conception ergonomique et ses r\u00e9glages pr\u00e9cis en font un outil indispensable pour les professionnels de sant\u00e9.<\/p>\n<h2>Caract\u00e9ristiques<\/h2>\n<ul>\n<li>D\u00e9tendeur avec soupape de d\u00e9tente int\u00e9gr\u00e9e.<\/li>\n<li>Manom\u00e8tre haute pression pour une lecture facile de la pression.<\/li>\n<li>D\u00e9bit r\u00e9glable de 0 \u00e0 15 l\/min en 9 paliers : 1, 1.5, 2, 3, 4, 6, 9, 12, 15 l\/min.<\/li>\n<li>Port basse pression (LP) compatible avec respirateurs et autres \u00e9quipements m\u00e9dicaux.<\/li>\n<li>Sans d\u00e9bitm\u00e8tre ni humidificateur pour une utilisation simplifi\u00e9e.<\/li>\n<\/ul>\n<h2>Livraison<\/h2>\n<ul>\n<li><strong>France :<\/strong> Livraison directe.<\/li>\n<li><strong>Export (Europe et Afrique) :<\/strong> Sur devis.<\/li>\n<\/ul>\n","protected":false},"excerpt":{"rendered":"<ul>\n<li>Usage : D\u00e9tendeur de pression pour oxyg\u00e8ne m\u00e9dical, id\u00e9al pour les situations d&#8217;urgence.<\/li>\n<li>B\u00e9n\u00e9fice : D\u00e9bit r\u00e9glable de 0-15 l\/min en 9 paliers, permettant une adaptation pr\u00e9cise aux besoins du patient.<\/li>\n<li>S\u00e9curit\u00e9 : Equip\u00e9 d&#8217;une soupape de d\u00e9tente pour assurer une utilisation sans risque.<\/li>\n<li>Compatibilit\u00e9 : Port basse pression, id\u00e9al pour les respirateurs et autres dispositifs m\u00e9dicaux.<\/li>\n<\/ul>\n","protected":false},"featured_media":100752,"comment_status":"open","ping_status":"open","template":"","meta":{"inline_featured_image":false},"product_brand":[],"product_cat":[836,838,784],"product_tag":[],"class_list":{"0":"post-100751","1":"product","2":"type-product","3":"status-publish","4":"has-post-thumbnail","6":"product_cat-bouteilles-a-oxygene-et-detendeurs","7":"product_cat-detendeur-et-humidificateur","8":"product_cat-urgences-premiers-secours","10":"first","11":"instock","12":"sale","13":"taxable","14":"shipping-taxable","15":"purchasable","16":"product-type-simple"},"_links":{"self":[{"href":"https:\/\/nimedixmedical.com\/fr\/wp-json\/wp\/v2\/product\/100751","targetHints":{"allow":["GET"]}}],"collection":[{"href":"https:\/\/nimedixmedical.com\/fr\/wp-json\/wp\/v2\/product"}],"about":[{"href":"https:\/\/nimedixmedical.com\/fr\/wp-json\/wp\/v2\/types\/product"}],"replies":[{"embeddable":true,"href":"https:\/\/nimedixmedical.com\/fr\/wp-json\/wp\/v2\/comments?post=100751"}],"wp:featuredmedia":[{"embeddable":true,"href":"https:\/\/nimedixmedical.com\/fr\/wp-json\/wp\/v2\/media\/100752"}],"wp:attachment":[{"href":"https:\/\/nimedixmedical.com\/fr\/wp-json\/wp\/v2\/media?parent=100751"}],"wp:term":[{"taxonomy":"product_brand","embeddable":true,"href":"https:\/\/nimedixmedical.com\/fr\/wp-json\/wp\/v2\/product_brand?post=100751"},{"taxonomy":"product_cat","embeddable":true,"href":"https:\/\/nimedixmedical.com\/fr\/wp-json\/wp\/v2\/product_cat?post=100751"},{"taxonomy":"product_tag","embeddable":true,"href":"https:\/\/nimedixmedical.com\/fr\/wp-json\/wp\/v2\/product_tag?post=100751"}],"curies":[{"name":"wp","href":"https:\/\/api.w.org\/{rel}","templated":true}]}}