{"id":100645,"date":"2025-11-30T19:11:37","date_gmt":"2025-11-30T18:11:37","guid":{"rendered":"https:\/\/nimedixmedical.com\/notre-catalogue\/chaise-devacuation-monte-escaliers-pliable\/"},"modified":"2026-01-12T14:47:50","modified_gmt":"2026-01-12T13:47:50","slug":"chaise-devacuation-monte-escaliers-pliable","status":"publish","type":"product","link":"https:\/\/nimedixmedical.com\/fr\/notre-catalogue\/chaise-devacuation-monte-escaliers-pliable\/","title":{"rendered":"Chaise D&#8217;\u00e9vacuation Monte-escaliers Pliable"},"content":{"rendered":"<p>La chaise d&#8217;\u00e9vacuation monte-escaliers pliable est un \u00e9quipement essentiel pour assurer la s\u00e9curit\u00e9 des personnes \u00e0 mobilit\u00e9 r\u00e9duite lors d&#8217;\u00e9vacuation d&#8217;urgence. Sa conception ergonomique et ses mat\u00e9riaux de qualit\u00e9 garantissent un transport s\u00fbr et efficace.<\/p>\n<h2>Caract\u00e9ristiques<\/h2>\n<ul>\n<li>Dimensions : 131x50x155 cm (pli\u00e9e : 125x55x33 cm)<\/li>\n<li>Mat\u00e9riaux : Structure en alliage d\u2019aluminium, chenille en caoutchouc \u00e0 forte adh\u00e9rence.<\/li>\n<li>Capacit\u00e9 de charge : Max 180 kg.<\/li>\n<li>\u00c9l\u00e9ments de s\u00e9curit\u00e9 : Ceintures de s\u00e9curit\u00e9, coussin amovible, matelas en mousse de PU.<\/li>\n<li>Mobilit\u00e9 : 4 roues en caoutchouc r\u00e9sistantes \u00e0 l&#8217;usure, poign\u00e9es pliables et poign\u00e9e t\u00e9lescopique.<\/li>\n<li>Dossier r\u00e9glable en hauteur pour un meilleur confort.<\/li>\n<li>Mode d&#8217;emploi disponible en plusieurs langues : GB, FR, IT, ES, PT, DE, PL, RO.<\/li>\n<\/ul>\n<h2>Livraison<\/h2>\n<ul>\n<li><strong>France :<\/strong> Livraison directe.<\/li>\n<li><strong>Export (Europe et Afrique) :<\/strong> Sur devis.<\/li>\n<\/ul>\n","protected":false},"excerpt":{"rendered":"<ul>\n<li>Usage : Id\u00e9ale pour l&#8217;\u00e9vacuation d&#8217;urgence des personnes \u00e0 mobilit\u00e9 r\u00e9duite dans divers environnements (domicile, \u00e9coles, h\u00f4pitaux, etc.).<\/li>\n<li>B\u00e9n\u00e9fice : Con\u00e7ue pour descendre les escaliers sans secousses, offrant s\u00e9curit\u00e9 et confort aux utilisateurs.<\/li>\n<li>Facilit\u00e9 de rangement : Pliable et transportable, elle se range facilement lorsqu&#8217;elle n&#8217;est pas utilis\u00e9e.<\/li>\n<li>Robustesse : Capacit\u00e9 maximale de 180 kg, avec des mat\u00e9riaux durables pour une utilisation fr\u00e9quente.<\/li>\n<\/ul>\n","protected":false},"featured_media":100646,"comment_status":"open","ping_status":"open","template":"","meta":{"inline_featured_image":false},"product_brand":[],"product_cat":[827,832,784],"product_tag":[],"class_list":{"0":"post-100645","1":"product","2":"type-product","3":"status-publish","4":"has-post-thumbnail","6":"product_cat-brancards","7":"product_cat-chaises-portoir-et-devacuation","8":"product_cat-urgences-premiers-secours","10":"first","11":"outofstock","12":"sale","13":"taxable","14":"shipping-taxable","15":"purchasable","16":"product-type-simple"},"_links":{"self":[{"href":"https:\/\/nimedixmedical.com\/fr\/wp-json\/wp\/v2\/product\/100645","targetHints":{"allow":["GET"]}}],"collection":[{"href":"https:\/\/nimedixmedical.com\/fr\/wp-json\/wp\/v2\/product"}],"about":[{"href":"https:\/\/nimedixmedical.com\/fr\/wp-json\/wp\/v2\/types\/product"}],"replies":[{"embeddable":true,"href":"https:\/\/nimedixmedical.com\/fr\/wp-json\/wp\/v2\/comments?post=100645"}],"wp:featuredmedia":[{"embeddable":true,"href":"https:\/\/nimedixmedical.com\/fr\/wp-json\/wp\/v2\/media\/100646"}],"wp:attachment":[{"href":"https:\/\/nimedixmedical.com\/fr\/wp-json\/wp\/v2\/media?parent=100645"}],"wp:term":[{"taxonomy":"product_brand","embeddable":true,"href":"https:\/\/nimedixmedical.com\/fr\/wp-json\/wp\/v2\/product_brand?post=100645"},{"taxonomy":"product_cat","embeddable":true,"href":"https:\/\/nimedixmedical.com\/fr\/wp-json\/wp\/v2\/product_cat?post=100645"},{"taxonomy":"product_tag","embeddable":true,"href":"https:\/\/nimedixmedical.com\/fr\/wp-json\/wp\/v2\/product_tag?post=100645"}],"curies":[{"name":"wp","href":"https:\/\/api.w.org\/{rel}","templated":true}]}}