{"id":100528,"date":"2025-11-30T19:10:19","date_gmt":"2025-11-30T18:10:19","guid":{"rendered":"https:\/\/nimedixmedical.com\/notre-catalogue\/glace-instantanee-sachet-pe\/"},"modified":"2026-01-12T14:47:18","modified_gmt":"2026-01-12T13:47:18","slug":"glace-instantanee-sachet-pe","status":"publish","type":"product","link":"https:\/\/nimedixmedical.com\/fr\/notre-catalogue\/glace-instantanee-sachet-pe\/","title":{"rendered":"Glace Instantan\u00e9e &#8211; Sachet Pe"},"content":{"rendered":"<p>La glace instantan\u00e9e est un produit essentiel en milieu m\u00e9dical pour traiter les traumatismes. Facile \u00e0 transporter et \u00e0 utiliser, elle permet un soulagement imm\u00e9diat des douleurs gr\u00e2ce \u00e0 son efficacit\u00e9 en cryoth\u00e9rapie.<\/p>\n<h2>Caract\u00e9ristiques<\/h2>\n<ul>\n<li>Sachet en poly\u00e9thyl\u00e8ne de dimensions 14 x 18 cm.<\/li>\n<li>Poids de 250 g, id\u00e9al pour une utilisation pratique.<\/li>\n<li>Activation rapide par compression du sachet, atteignant -4 \u00b0C.<\/li>\n<li>Dur\u00e9e d&#8217;efficacit\u00e9 de 30 minutes \u00e0 temp\u00e9rature ambiante de 20 \u00b0C.<\/li>\n<li>Sachet multilingue : GB, FR, IT, ES.<\/li>\n<\/ul>\n<h2>Livraison<\/h2>\n<ul>\n<li><strong>France :<\/strong> Livraison directe.<\/li>\n<li><strong>Export (Europe et Afrique) :<\/strong> Sur devis.<\/li>\n<\/ul>\n","protected":false},"excerpt":{"rendered":"<ul>\n<li>Utilisation facile et rapide pour la cryoth\u00e9rapie.<\/li>\n<li>Soulagement imm\u00e9diat des douleurs li\u00e9es aux traumatismes.<\/li>\n<li>Pr\u00e9vention des h\u00e9matomes et gonflements.<\/li>\n<li>Temp\u00e9rature atteignant -4 \u00b0C lors de l&#8217;activation.<\/li>\n<\/ul>\n","protected":false},"featured_media":100529,"comment_status":"open","ping_status":"open","template":"","meta":{"inline_featured_image":false},"product_brand":[],"product_cat":[823,825,784],"product_tag":[],"class_list":{"0":"post-100528","1":"product","2":"type-product","3":"status-publish","4":"has-post-thumbnail","6":"product_cat-brulures-et-traitements-chaud-froid","7":"product_cat-glace-et-gel","8":"product_cat-urgences-premiers-secours","10":"first","11":"instock","12":"sale","13":"taxable","14":"shipping-taxable","15":"purchasable","16":"product-type-simple"},"_links":{"self":[{"href":"https:\/\/nimedixmedical.com\/fr\/wp-json\/wp\/v2\/product\/100528","targetHints":{"allow":["GET"]}}],"collection":[{"href":"https:\/\/nimedixmedical.com\/fr\/wp-json\/wp\/v2\/product"}],"about":[{"href":"https:\/\/nimedixmedical.com\/fr\/wp-json\/wp\/v2\/types\/product"}],"replies":[{"embeddable":true,"href":"https:\/\/nimedixmedical.com\/fr\/wp-json\/wp\/v2\/comments?post=100528"}],"wp:featuredmedia":[{"embeddable":true,"href":"https:\/\/nimedixmedical.com\/fr\/wp-json\/wp\/v2\/media\/100529"}],"wp:attachment":[{"href":"https:\/\/nimedixmedical.com\/fr\/wp-json\/wp\/v2\/media?parent=100528"}],"wp:term":[{"taxonomy":"product_brand","embeddable":true,"href":"https:\/\/nimedixmedical.com\/fr\/wp-json\/wp\/v2\/product_brand?post=100528"},{"taxonomy":"product_cat","embeddable":true,"href":"https:\/\/nimedixmedical.com\/fr\/wp-json\/wp\/v2\/product_cat?post=100528"},{"taxonomy":"product_tag","embeddable":true,"href":"https:\/\/nimedixmedical.com\/fr\/wp-json\/wp\/v2\/product_tag?post=100528"}],"curies":[{"name":"wp","href":"https:\/\/api.w.org\/{rel}","templated":true}]}}