{"id":100515,"date":"2025-11-30T19:10:19","date_gmt":"2025-11-30T18:10:19","guid":{"rendered":"https:\/\/nimedixmedical.com\/notre-catalogue\/pansement-pour-brulure-burnfree-30x30-cm\/"},"modified":"2026-01-12T14:47:13","modified_gmt":"2026-01-12T13:47:13","slug":"pansement-pour-brulure-burnfree-30x30-cm","status":"publish","type":"product","link":"https:\/\/nimedixmedical.com\/fr\/notre-catalogue\/pansement-pour-brulure-burnfree-30x30-cm\/","title":{"rendered":"Pansement pour Br\u00fblure Burnfree &#8211; 30&#215;30 cm"},"content":{"rendered":"<p>Les pansements Burnfree sont sp\u00e9cifiquement con\u00e7us pour traiter les br\u00fblures et les plaies en milieu m\u00e9dical. Gr\u00e2ce \u00e0 leur composition unique, ils apportent un soulagement imm\u00e9diat et aident \u00e0 pr\u00e9venir les infections.<\/p>\n<h2>Caract\u00e9ristiques<\/h2>\n<ul>\n<li>Dimensions : 30 x 30 cm.<\/li>\n<li>Bo\u00eete de 20 unit\u00e9s, st\u00e9riles et pr\u00eates \u00e0 l&#8217;emploi.<\/li>\n<li>Fabriqu\u00e9s en mousse inerte \u00e0 cellules ouvertes, douce et non adh\u00e9rente.<\/li>\n<li>Satur\u00e9s de gel Burnfree\u00ae pour un refroidissement efficace.<\/li>\n<li>Sans lidoca\u00efne, donc adapt\u00e9s aux enfants.<\/li>\n<li>Propri\u00e9t\u00e9s \u00e9lastiques pour un meilleur confort lors de l&#8217;utilisation.<\/li>\n<\/ul>\n<h2>Livraison<\/h2>\n<ul>\n<li><strong>France :<\/strong> Livraison directe.<\/li>\n<li><strong>Export (Europe et Afrique) :<\/strong> Sur devis.<\/li>\n<\/ul>\n","protected":false},"excerpt":{"rendered":"<ul>\n<li>Usage : Pansements st\u00e9riles adapt\u00e9s aux br\u00fblures et plaies.<\/li>\n<li>B\u00e9n\u00e9fice : Dissipation de la chaleur et soulagement de la douleur.<\/li>\n<li>\u00c9lasticit\u00e9 : S&#8217;adapte aux mouvements et au gonflement.<\/li>\n<li>Non adh\u00e9rent : Ne laisse aucun r\u00e9sidu dans la plaie.<\/li>\n<\/ul>\n","protected":false},"featured_media":100516,"comment_status":"open","ping_status":"open","template":"","meta":{"inline_featured_image":false},"product_brand":[],"product_cat":[823,824,784],"product_tag":[],"class_list":{"0":"post-100515","1":"product","2":"type-product","3":"status-publish","4":"has-post-thumbnail","6":"product_cat-brulures-et-traitements-chaud-froid","7":"product_cat-produits-burnfree","8":"product_cat-urgences-premiers-secours","10":"first","11":"instock","12":"sale","13":"taxable","14":"shipping-taxable","15":"purchasable","16":"product-type-simple"},"_links":{"self":[{"href":"https:\/\/nimedixmedical.com\/fr\/wp-json\/wp\/v2\/product\/100515","targetHints":{"allow":["GET"]}}],"collection":[{"href":"https:\/\/nimedixmedical.com\/fr\/wp-json\/wp\/v2\/product"}],"about":[{"href":"https:\/\/nimedixmedical.com\/fr\/wp-json\/wp\/v2\/types\/product"}],"replies":[{"embeddable":true,"href":"https:\/\/nimedixmedical.com\/fr\/wp-json\/wp\/v2\/comments?post=100515"}],"wp:featuredmedia":[{"embeddable":true,"href":"https:\/\/nimedixmedical.com\/fr\/wp-json\/wp\/v2\/media\/100516"}],"wp:attachment":[{"href":"https:\/\/nimedixmedical.com\/fr\/wp-json\/wp\/v2\/media?parent=100515"}],"wp:term":[{"taxonomy":"product_brand","embeddable":true,"href":"https:\/\/nimedixmedical.com\/fr\/wp-json\/wp\/v2\/product_brand?post=100515"},{"taxonomy":"product_cat","embeddable":true,"href":"https:\/\/nimedixmedical.com\/fr\/wp-json\/wp\/v2\/product_cat?post=100515"},{"taxonomy":"product_tag","embeddable":true,"href":"https:\/\/nimedixmedical.com\/fr\/wp-json\/wp\/v2\/product_tag?post=100515"}],"curies":[{"name":"wp","href":"https:\/\/api.w.org\/{rel}","templated":true}]}}