{"id":100501,"date":"2025-11-30T19:09:46","date_gmt":"2025-11-30T18:09:46","guid":{"rendered":"https:\/\/nimedixmedical.com\/notre-catalogue\/gel-antidouleur-burnfree-sachet-35-g\/"},"modified":"2026-01-12T14:47:07","modified_gmt":"2026-01-12T13:47:07","slug":"gel-antidouleur-burnfree-sachet-35-g","status":"publish","type":"product","link":"https:\/\/nimedixmedical.com\/fr\/notre-catalogue\/gel-antidouleur-burnfree-sachet-35-g\/","title":{"rendered":"Gel Antidouleur Burnfree &#8211; Sachet 3,5 G"},"content":{"rendered":"<p>Le gel antidouleur BurnFree est sp\u00e9cialement con\u00e7u pour traiter les br\u00fblures l\u00e9g\u00e8res, y compris les coups de soleil. Son action rafra\u00eechissante soulage rapidement la douleur tout en prot\u00e9geant la zone affect\u00e9e. Ce produit est id\u00e9al pour les situations d&#8217;urgence ou les premiers secours.<\/p>\n<h2>Caract\u00e9ristiques<\/h2>\n<ul>\n<li>Format : Sachets de 3,5 g, bo\u00eete de 1 000 unit\u00e9s.<\/li>\n<li>Type : Gel antidouleur pour les br\u00fblures, coupures et abrasions.<\/li>\n<li>Propri\u00e9t\u00e9s : Dissipe la chaleur, refroidit, calme la douleur, et pr\u00e9vient la contamination.<\/li>\n<li>\u00c9lasticit\u00e9 : S&#8217;adapte facilement aux mouvements des articulations et au gonflement.<\/li>\n<\/ul>\n<h2>Livraison<\/h2>\n<ul>\n<li><strong>France :<\/strong> Livraison directe.<\/li>\n<li><strong>Export (Europe et Afrique) :<\/strong> Sur devis.<\/li>\n<\/ul>\n","protected":false},"excerpt":{"rendered":"<ul>\n<li>Usage : Soulage efficacement les br\u00fblures l\u00e9g\u00e8res, les coupures et les abrasions.<\/li>\n<li>B\u00e9n\u00e9fice : Refroidit la br\u00fblure, soulage la douleur et aide \u00e0 pr\u00e9venir la contamination.<\/li>\n<li>\u00c9lasticit\u00e9 : S&#8217;adapte au gonflement et aux mouvements des articulations.<\/li>\n<li>Pratique : Disponible en sachets de 3,5 g, id\u00e9al pour un usage unique.<\/li>\n<\/ul>\n","protected":false},"featured_media":100500,"comment_status":"open","ping_status":"open","template":"","meta":{"inline_featured_image":false},"product_brand":[],"product_cat":[823,824,784],"product_tag":[],"class_list":{"0":"post-100501","1":"product","2":"type-product","3":"status-publish","4":"has-post-thumbnail","6":"product_cat-brulures-et-traitements-chaud-froid","7":"product_cat-produits-burnfree","8":"product_cat-urgences-premiers-secours","10":"first","11":"instock","12":"sale","13":"taxable","14":"shipping-taxable","15":"purchasable","16":"product-type-simple"},"_links":{"self":[{"href":"https:\/\/nimedixmedical.com\/fr\/wp-json\/wp\/v2\/product\/100501","targetHints":{"allow":["GET"]}}],"collection":[{"href":"https:\/\/nimedixmedical.com\/fr\/wp-json\/wp\/v2\/product"}],"about":[{"href":"https:\/\/nimedixmedical.com\/fr\/wp-json\/wp\/v2\/types\/product"}],"replies":[{"embeddable":true,"href":"https:\/\/nimedixmedical.com\/fr\/wp-json\/wp\/v2\/comments?post=100501"}],"wp:featuredmedia":[{"embeddable":true,"href":"https:\/\/nimedixmedical.com\/fr\/wp-json\/wp\/v2\/media\/100500"}],"wp:attachment":[{"href":"https:\/\/nimedixmedical.com\/fr\/wp-json\/wp\/v2\/media?parent=100501"}],"wp:term":[{"taxonomy":"product_brand","embeddable":true,"href":"https:\/\/nimedixmedical.com\/fr\/wp-json\/wp\/v2\/product_brand?post=100501"},{"taxonomy":"product_cat","embeddable":true,"href":"https:\/\/nimedixmedical.com\/fr\/wp-json\/wp\/v2\/product_cat?post=100501"},{"taxonomy":"product_tag","embeddable":true,"href":"https:\/\/nimedixmedical.com\/fr\/wp-json\/wp\/v2\/product_tag?post=100501"}],"curies":[{"name":"wp","href":"https:\/\/api.w.org\/{rel}","templated":true}]}}