{"id":100494,"date":"2025-11-30T19:09:46","date_gmt":"2025-11-30T18:09:46","guid":{"rendered":"https:\/\/nimedixmedical.com\/notre-catalogue\/trousse-de-premiers-soins-oculaires-brulures-et-pansements\/"},"modified":"2026-01-12T14:47:05","modified_gmt":"2026-01-12T13:47:05","slug":"trousse-de-premiers-soins-oculaires-brulures-et-pansements","status":"publish","type":"product","link":"https:\/\/nimedixmedical.com\/fr\/notre-catalogue\/trousse-de-premiers-soins-oculaires-brulures-et-pansements\/","title":{"rendered":"Trousse de Premiers Soins Oculaires, Br\u00fblures et Pansements"},"content":{"rendered":"<p>La trousse de premiers soins oculaires, br\u00fblures et pansements est un kit essentiel pour toute situation d&#8217;urgence. Con\u00e7ue pour offrir des soins imm\u00e9diats, elle est id\u00e9ale pour les professionnels de sant\u00e9 ou les particuliers souhaitant \u00eatre pr\u00e9par\u00e9s face \u00e0 des accidents.<\/p>\n<h2>Caract\u00e9ristiques<\/h2>\n<ul>\n<li>Dimensions : 340 x 80 x h 380 mm<\/li>\n<li>Poids : 1,15 kg (avec produits), 306 g (vide)<\/li>\n<li>Contenu : 1 solution lavage yeux 500 ml, 1 \u00e9tui PIC 3 avec 8 serviettes, 2 bandages 80\u00d7100 mm, 1 ciseau 14 cm, 1 rouleau de sparadrap 5 m \u00d7 2,5 cm, 40 pi\u00e8ces de sparadraps imperm\u00e9ables Dry Skin, 1 bandage coh\u00e9sif Soft Next bleu 3\u00d7450 cm, 1 flacon gel \u00e0 br\u00fblures 50 ml<\/li>\n<li>Conformit\u00e9 : Capuchon de la solution de lavage yeux conforme \u00e0 DIN EN 15154-4<\/li>\n<\/ul>\n<h2>Livraison<\/h2>\n<ul>\n<li><strong>France :<\/strong> Livraison directe.<\/li>\n<li><strong>Export (Europe et Afrique) :<\/strong> Sur devis.<\/li>\n<\/ul>\n","protected":false},"excerpt":{"rendered":"<ul>\n<li>Usage : Trousse 3 en 1 pour traiter les urgences oculaires, les br\u00fblures et les pansements.<\/li>\n<li>B\u00e9n\u00e9fice : Contient 9 produits essentiels pour des premiers soins rapides et efficaces.<\/li>\n<li>Pratique : Dimensions compactes et poids l\u00e9ger pour un transport facile.<\/li>\n<li>Conforme : Solution de lavage des yeux conforme \u00e0 la norme DIN EN 15154-4.<\/li>\n<\/ul>\n","protected":false},"featured_media":100495,"comment_status":"open","ping_status":"open","template":"","meta":{"inline_featured_image":false},"product_brand":[],"product_cat":[823,824,784],"product_tag":[],"class_list":{"0":"post-100494","1":"product","2":"type-product","3":"status-publish","4":"has-post-thumbnail","6":"product_cat-brulures-et-traitements-chaud-froid","7":"product_cat-produits-burnfree","8":"product_cat-urgences-premiers-secours","10":"first","11":"instock","12":"sale","13":"taxable","14":"shipping-taxable","15":"purchasable","16":"product-type-simple"},"_links":{"self":[{"href":"https:\/\/nimedixmedical.com\/fr\/wp-json\/wp\/v2\/product\/100494","targetHints":{"allow":["GET"]}}],"collection":[{"href":"https:\/\/nimedixmedical.com\/fr\/wp-json\/wp\/v2\/product"}],"about":[{"href":"https:\/\/nimedixmedical.com\/fr\/wp-json\/wp\/v2\/types\/product"}],"replies":[{"embeddable":true,"href":"https:\/\/nimedixmedical.com\/fr\/wp-json\/wp\/v2\/comments?post=100494"}],"wp:featuredmedia":[{"embeddable":true,"href":"https:\/\/nimedixmedical.com\/fr\/wp-json\/wp\/v2\/media\/100495"}],"wp:attachment":[{"href":"https:\/\/nimedixmedical.com\/fr\/wp-json\/wp\/v2\/media?parent=100494"}],"wp:term":[{"taxonomy":"product_brand","embeddable":true,"href":"https:\/\/nimedixmedical.com\/fr\/wp-json\/wp\/v2\/product_brand?post=100494"},{"taxonomy":"product_cat","embeddable":true,"href":"https:\/\/nimedixmedical.com\/fr\/wp-json\/wp\/v2\/product_cat?post=100494"},{"taxonomy":"product_tag","embeddable":true,"href":"https:\/\/nimedixmedical.com\/fr\/wp-json\/wp\/v2\/product_tag?post=100494"}],"curies":[{"name":"wp","href":"https:\/\/api.w.org\/{rel}","templated":true}]}}