{"id":100456,"date":"2025-11-30T19:09:46","date_gmt":"2025-11-30T18:09:46","guid":{"rendered":"https:\/\/nimedixmedical.com\/notre-catalogue\/concentrateur-doxygene-portable-spirit-1-l\/"},"modified":"2026-01-12T14:46:57","modified_gmt":"2026-01-12T13:46:57","slug":"concentrateur-doxygene-portable-spirit-1-l","status":"publish","type":"product","link":"https:\/\/nimedixmedical.com\/fr\/notre-catalogue\/concentrateur-doxygene-portable-spirit-1-l\/","title":{"rendered":"Concentrateur D\u2019oxyg\u00e8ne Portable Spirit 1 L"},"content":{"rendered":"<p>Le concentrateur d&#8217;oxyg\u00e8ne portable Spirit 1 l est con\u00e7u pour fournir une solution d&#8217;oxyg\u00e9noth\u00e9rapie efficace et fiable. Gr\u00e2ce \u00e0 sa conception l\u00e9g\u00e8re et compacte, il est id\u00e9al pour les patients n\u00e9cessitant un apport constant en oxyg\u00e8ne, que ce soit \u00e0 domicile ou en d\u00e9placement.<\/p>\n<h2>Caract\u00e9ristiques<\/h2>\n<ul>\n<li>D\u00e9bit d&#8217;oxyg\u00e8ne : 3,5 l\/min<\/li>\n<li>Concentration d&#8217;oxyg\u00e8ne : 90-96%<\/li>\n<li>Pression de sortie : 150 kPa<\/li>\n<li>Bruit de fonctionnement : 55 dBA<\/li>\n<li>Dimensions : 22x8xh 22 cm<\/li>\n<li>Poids : 2,2 kg (avec batterie)<\/li>\n<li>Classification : appareil de Classe II, partie appliqu\u00e9e type B, IP20<\/li>\n<li>Livr\u00e9 avec batterie lithium-ion rechargeable, alimentation CA, canule nasale et sac de transport.<\/li>\n<\/ul>\n<h2>Livraison<\/h2>\n<ul>\n<li><strong>France :<\/strong> Livraison directe.<\/li>\n<li><strong>Export (Europe et Afrique) :<\/strong> Sur devis.<\/li>\n<\/ul>\n","protected":false},"excerpt":{"rendered":"<ul>\n<li>Concentrateur d&#8217;oxyg\u00e8ne portable et silencieux, id\u00e9al pour les patients ayant des troubles respiratoires.<\/li>\n<li>Facilit\u00e9 de transport gr\u00e2ce \u00e0 sa forme compacte et \u00e0 son sac de transport.<\/li>\n<li>Batterie rechargeable au lithium pour une oxyg\u00e9noth\u00e9rapie continue o\u00f9 que vous soyez.<\/li>\n<li>R\u00e9glage de la quantit\u00e9 d&#8217;oxyg\u00e8ne et syst\u00e8me d&#8217;alerte automatique pour une utilisation s\u00e9curis\u00e9e.<\/li>\n<\/ul>\n","protected":false},"featured_media":100457,"comment_status":"open","ping_status":"open","template":"","meta":{"inline_featured_image":false},"product_brand":[],"product_cat":[822,784],"product_tag":[],"class_list":{"0":"post-100456","1":"product","2":"type-product","3":"status-publish","4":"has-post-thumbnail","6":"product_cat-concentrateur-doxygene","7":"product_cat-urgences-premiers-secours","9":"first","10":"instock","11":"sale","12":"taxable","13":"shipping-taxable","14":"purchasable","15":"product-type-simple"},"_links":{"self":[{"href":"https:\/\/nimedixmedical.com\/fr\/wp-json\/wp\/v2\/product\/100456","targetHints":{"allow":["GET"]}}],"collection":[{"href":"https:\/\/nimedixmedical.com\/fr\/wp-json\/wp\/v2\/product"}],"about":[{"href":"https:\/\/nimedixmedical.com\/fr\/wp-json\/wp\/v2\/types\/product"}],"replies":[{"embeddable":true,"href":"https:\/\/nimedixmedical.com\/fr\/wp-json\/wp\/v2\/comments?post=100456"}],"wp:featuredmedia":[{"embeddable":true,"href":"https:\/\/nimedixmedical.com\/fr\/wp-json\/wp\/v2\/media\/100457"}],"wp:attachment":[{"href":"https:\/\/nimedixmedical.com\/fr\/wp-json\/wp\/v2\/media?parent=100456"}],"wp:term":[{"taxonomy":"product_brand","embeddable":true,"href":"https:\/\/nimedixmedical.com\/fr\/wp-json\/wp\/v2\/product_brand?post=100456"},{"taxonomy":"product_cat","embeddable":true,"href":"https:\/\/nimedixmedical.com\/fr\/wp-json\/wp\/v2\/product_cat?post=100456"},{"taxonomy":"product_tag","embeddable":true,"href":"https:\/\/nimedixmedical.com\/fr\/wp-json\/wp\/v2\/product_tag?post=100456"}],"curies":[{"name":"wp","href":"https:\/\/api.w.org\/{rel}","templated":true}]}}