{"id":100432,"date":"2025-11-30T19:09:24","date_gmt":"2025-11-30T18:09:24","guid":{"rendered":"https:\/\/nimedixmedical.com\/notre-catalogue\/defibrillateur-dea-rescue-life-7-anglais\/"},"modified":"2026-01-12T14:46:50","modified_gmt":"2026-01-12T13:46:50","slug":"defibrillateur-dea-rescue-life-7-anglais","status":"publish","type":"product","link":"https:\/\/nimedixmedical.com\/fr\/notre-catalogue\/defibrillateur-dea-rescue-life-7-anglais\/","title":{"rendered":"D\u00e9fibrillateur Dea Rescue Life 7 &#8211; Anglais"},"content":{"rendered":"<p>Le D\u00e9fibrillateur DEA Rescue Life 7 est un appareil m\u00e9dical de premier secours, essentiel dans les situations d&#8217;urgence cardiaque. Con\u00e7u pour un usage facile et intuitif, il est particuli\u00e8rement adapt\u00e9 aux professionnels de sant\u00e9 ainsi qu&#8217;aux personnes form\u00e9es en r\u00e9animation.<\/p>\n<h2>Caract\u00e9ristiques<\/h2>\n<ul>\n<li>D\u00e9fibrillateur externe avec moniteur, l\u00e9ger et ergonomique.<\/li>\n<li>\u00c9cran couleur TFT LCD de 5,7&#8243; ou 7&#8243; pour visualisation simultan\u00e9e de 12 pistes ECG.<\/li>\n<li>Modes op\u00e9ratoires : manuel, DEA et consultatif, adapt\u00e9s \u00e0 diff\u00e9rents niveaux de comp\u00e9tence.<\/li>\n<li>Capacit\u00e9 de m\u00e9moire flash de 4 GB pour jusqu&#8217;\u00e0 300 heures d&#8217;enregistrement des donn\u00e9es ECG.<\/li>\n<li>Fonctionnalit\u00e9 NIBP pour des mesures pr\u00e9cises sur adultes, enfants et nouveau-n\u00e9s.<\/li>\n<li>Auto-test automatique pour garantir le bon fonctionnement de l&#8217;appareil.<\/li>\n<li>Fabrication enti\u00e8rement italienne, garantissant une qualit\u00e9 sup\u00e9rieure.<\/li>\n<\/ul>\n<h2>Livraison<\/h2>\n<ul>\n<li><strong>France :<\/strong> Livraison directe.<\/li>\n<li><strong>Export (Europe et Afrique) :<\/strong> Sur devis.<\/li>\n<\/ul>\n","protected":false},"excerpt":{"rendered":"<ul>\n<li>D\u00e9fibrillateur externe l\u00e9ger, con\u00e7u pour une utilisation simple en milieu hospitalier et hors h\u00f4pital.<\/li>\n<li>\u00c9cran couleur TFT de haute r\u00e9solution pour une visualisation claire des donn\u00e9es ECG.<\/li>\n<li>Fonctionnalit\u00e9s avanc\u00e9es incluant SpO2, stimulateur cardiaque et enregistrement de donn\u00e9es sur 300 heures.<\/li>\n<li>Modes op\u00e9ratoires manuels et automatiques adapt\u00e9s aux professionnels de sant\u00e9 et aux secouristes.<\/li>\n<\/ul>\n","protected":false},"featured_media":100433,"comment_status":"open","ping_status":"open","template":"","meta":{"inline_featured_image":false},"product_brand":[],"product_cat":[821,784],"product_tag":[],"class_list":{"0":"post-100432","1":"product","2":"type-product","3":"status-publish","4":"has-post-thumbnail","6":"product_cat-defibrillateurs","7":"product_cat-urgences-premiers-secours","9":"first","10":"outofstock","11":"sale","12":"taxable","13":"shipping-taxable","14":"purchasable","15":"product-type-simple"},"_links":{"self":[{"href":"https:\/\/nimedixmedical.com\/fr\/wp-json\/wp\/v2\/product\/100432","targetHints":{"allow":["GET"]}}],"collection":[{"href":"https:\/\/nimedixmedical.com\/fr\/wp-json\/wp\/v2\/product"}],"about":[{"href":"https:\/\/nimedixmedical.com\/fr\/wp-json\/wp\/v2\/types\/product"}],"replies":[{"embeddable":true,"href":"https:\/\/nimedixmedical.com\/fr\/wp-json\/wp\/v2\/comments?post=100432"}],"wp:featuredmedia":[{"embeddable":true,"href":"https:\/\/nimedixmedical.com\/fr\/wp-json\/wp\/v2\/media\/100433"}],"wp:attachment":[{"href":"https:\/\/nimedixmedical.com\/fr\/wp-json\/wp\/v2\/media?parent=100432"}],"wp:term":[{"taxonomy":"product_brand","embeddable":true,"href":"https:\/\/nimedixmedical.com\/fr\/wp-json\/wp\/v2\/product_brand?post=100432"},{"taxonomy":"product_cat","embeddable":true,"href":"https:\/\/nimedixmedical.com\/fr\/wp-json\/wp\/v2\/product_cat?post=100432"},{"taxonomy":"product_tag","embeddable":true,"href":"https:\/\/nimedixmedical.com\/fr\/wp-json\/wp\/v2\/product_tag?post=100432"}],"curies":[{"name":"wp","href":"https:\/\/api.w.org\/{rel}","templated":true}]}}