{"id":100411,"date":"2025-11-30T19:09:04","date_gmt":"2025-11-30T18:09:04","guid":{"rendered":"https:\/\/nimedixmedical.com\/notre-catalogue\/primedic-heart-save-aed-m-defibrillateurecgmoniteur-gb-es-pt-gr\/"},"modified":"2026-01-12T14:46:45","modified_gmt":"2026-01-12T13:46:45","slug":"primedic-heart-save-aed-m-defibrillateurecgmoniteur-gb-es-pt-gr","status":"publish","type":"product","link":"https:\/\/nimedixmedical.com\/fr\/notre-catalogue\/primedic-heart-save-aed-m-defibrillateurecgmoniteur-gb-es-pt-gr\/","title":{"rendered":"Primedic Heart Save Aed-m-d\u00e9fibrillateur+ecg+moniteur &#8211; Gb\/es\/pt\/gr"},"content":{"rendered":"<p>Le d\u00e9fibrillateur HeartSave AED-M de PRIMEDIC est un appareil m\u00e9dical essentiel pour les situations d&#8217;urgence. Con\u00e7u pour \u00eatre simple d&#8217;utilisation, il guide les secouristes gr\u00e2ce \u00e0 des instructions vocales claires tout en fournissant des analyses ECG pr\u00e9cises, ce qui le rend id\u00e9al pour les soins d&#8217;urgence.<\/p>\n<h2>Caract\u00e9ristiques<\/h2>\n<ul>\n<li>D\u00e9fibrillation \u00e0 courant contr\u00f4l\u00e9 avec technologie biphasique CCD pour une intervention efficace.<\/li>\n<li>Mode de fonctionnement avanc\u00e9 permettant de r\u00e9duire la pause RCP avant le choc.<\/li>\n<li>D\u00e9marrage automatique et analyse imm\u00e9diate du rythme cardiaque d\u00e8s que les \u00e9lectrodes sont plac\u00e9es.<\/li>\n<li>\u00c9cran LCD large affichant les informations essentielles telles que la fr\u00e9quence cardiaque et l&#8217;\u00e9tat du dispositif.<\/li>\n<li>Alimentation par batterie lithium avec 6 ans en veille ou 200 d\u00e9charges \u00e0 200 J.<\/li>\n<li>Sauvegarde des donn\u00e9es avec enregistrement vocal et m\u00e9moire amovible.<\/li>\n<\/ul>\n<h2>Livraison<\/h2>\n<ul>\n<li><strong>France :<\/strong> Livraison directe.<\/li>\n<li><strong>Export (Europe et Afrique) :<\/strong> Sur devis.<\/li>\n<\/ul>\n","protected":false},"excerpt":{"rendered":"<ul>\n<li>D\u00e9fibrillateur semi-automatique avec ECG int\u00e9gr\u00e9 pour une r\u00e9animation rapide et efficace.<\/li>\n<li>Technologie biphasique CCD offrant un courant contr\u00f4l\u00e9 pour une d\u00e9fibrillation douce et efficace.<\/li>\n<li>Mode p\u00e9diatrique simple \u00e0 activer, facilitant l&#8217;utilisation sur les enfants sans n\u00e9cessiter d&#8217;\u00e9lectrodes sp\u00e9cifiques.<\/li>\n<li>\u00c9cran LCD clair pour un suivi en temps r\u00e9el de l&#8217;\u00e9tat du patient et des informations sur le dispositif.<\/li>\n<\/ul>\n","protected":false},"featured_media":100393,"comment_status":"open","ping_status":"open","template":"","meta":{"inline_featured_image":false},"product_brand":[],"product_cat":[821,784],"product_tag":[],"class_list":{"0":"post-100411","1":"product","2":"type-product","3":"status-publish","4":"has-post-thumbnail","6":"product_cat-defibrillateurs","7":"product_cat-urgences-premiers-secours","9":"first","10":"instock","11":"sale","12":"taxable","13":"shipping-taxable","14":"purchasable","15":"product-type-simple"},"_links":{"self":[{"href":"https:\/\/nimedixmedical.com\/fr\/wp-json\/wp\/v2\/product\/100411","targetHints":{"allow":["GET"]}}],"collection":[{"href":"https:\/\/nimedixmedical.com\/fr\/wp-json\/wp\/v2\/product"}],"about":[{"href":"https:\/\/nimedixmedical.com\/fr\/wp-json\/wp\/v2\/types\/product"}],"replies":[{"embeddable":true,"href":"https:\/\/nimedixmedical.com\/fr\/wp-json\/wp\/v2\/comments?post=100411"}],"wp:featuredmedia":[{"embeddable":true,"href":"https:\/\/nimedixmedical.com\/fr\/wp-json\/wp\/v2\/media\/100393"}],"wp:attachment":[{"href":"https:\/\/nimedixmedical.com\/fr\/wp-json\/wp\/v2\/media?parent=100411"}],"wp:term":[{"taxonomy":"product_brand","embeddable":true,"href":"https:\/\/nimedixmedical.com\/fr\/wp-json\/wp\/v2\/product_brand?post=100411"},{"taxonomy":"product_cat","embeddable":true,"href":"https:\/\/nimedixmedical.com\/fr\/wp-json\/wp\/v2\/product_cat?post=100411"},{"taxonomy":"product_tag","embeddable":true,"href":"https:\/\/nimedixmedical.com\/fr\/wp-json\/wp\/v2\/product_tag?post=100411"}],"curies":[{"name":"wp","href":"https:\/\/api.w.org\/{rel}","templated":true}]}}