{"id":100409,"date":"2025-11-30T19:09:04","date_gmt":"2025-11-30T18:09:04","guid":{"rendered":"https:\/\/nimedixmedical.com\/notre-catalogue\/primedic-heart-save-pad-defibrillateurbatterie-lithium-fr\/"},"modified":"2026-01-12T14:46:44","modified_gmt":"2026-01-12T13:46:44","slug":"primedic-heart-save-pad-defibrillateurbatterie-lithium-fr","status":"publish","type":"product","link":"https:\/\/nimedixmedical.com\/fr\/notre-catalogue\/primedic-heart-save-pad-defibrillateurbatterie-lithium-fr\/","title":{"rendered":"Primedic Heart Save Pad &#8211; D\u00e9fibrillateur+batterie Lithium &#8211; FR"},"content":{"rendered":"<p>Le PRIMEDIC HeartSave PAD est un d\u00e9fibrillateur externe automatis\u00e9 con\u00e7u pour une utilisation facile et rapide lors des situations d&#8217;urgence. Gr\u00e2ce \u00e0 ses fonctionnalit\u00e9s avanc\u00e9es, il assure une assistance efficace pour la r\u00e9animation cardiaque.<\/p>\n<h2>Caract\u00e9ristiques<\/h2>\n<ul>\n<li>D\u00e9fibrillation \u00e0 courant contr\u00f4l\u00e9 (technologie biphasique CCD) offrant une impulsion personnalis\u00e9e et efficace.<\/li>\n<li>Mode p\u00e9diatrique activable par une simple touche, sans besoin d&#8217;\u00e9lectrodes sp\u00e9cifiques.<\/li>\n<li>D\u00e9marrage automatique \u00e0 l&#8217;ouverture, avec analyse imm\u00e9diate du rythme cardiaque.<\/li>\n<li>\u00c9cran informatif sur l&#8217;\u00e9tat du dispositif et des batteries, avec auto-test quotidien.<\/li>\n<li>Batterie lithium non rechargeable offrant 3 ans de veille ou jusqu&#8217;\u00e0 140 d\u00e9charges \u00e0 360 J.<\/li>\n<li>\u00c9lectrodes non polaris\u00e9es avec un c\u00e2ble de 2 m.<\/li>\n<li>M\u00e9moire amovible et enregistrement vocal pour la sauvegarde des donn\u00e9es.<\/li>\n<\/ul>\n<h2>Livraison<\/h2>\n<ul>\n<li><strong>France :<\/strong> Livraison directe.<\/li>\n<li><strong>Export (Europe et Afrique) :<\/strong> Sur devis.<\/li>\n<\/ul>\n","protected":false},"excerpt":{"rendered":"<ul>\n<li>D\u00e9fibrillateur semi-automatique facile \u00e0 utiliser, guid\u00e9 par des instructions vocales.<\/li>\n<li>Technologie biphasique CCD pour une d\u00e9fibrillation efficace et s\u00e9curis\u00e9e.<\/li>\n<li>Mode p\u00e9diatrique int\u00e9gr\u00e9, sans n\u00e9cessit\u00e9 d&#8217;\u00e9lectrodes sp\u00e9cifiques.<\/li>\n<li>Batterie lithium avec une autonomie de 3 ans ou 140 d\u00e9charges \u00e0 360 J.<\/li>\n<\/ul>\n","protected":false},"featured_media":100407,"comment_status":"open","ping_status":"open","template":"","meta":{"inline_featured_image":false},"product_brand":[],"product_cat":[821,784],"product_tag":[],"class_list":{"0":"post-100409","1":"product","2":"type-product","3":"status-publish","4":"has-post-thumbnail","6":"product_cat-defibrillateurs","7":"product_cat-urgences-premiers-secours","9":"first","10":"outofstock","11":"sale","12":"taxable","13":"shipping-taxable","14":"purchasable","15":"product-type-simple"},"_links":{"self":[{"href":"https:\/\/nimedixmedical.com\/fr\/wp-json\/wp\/v2\/product\/100409","targetHints":{"allow":["GET"]}}],"collection":[{"href":"https:\/\/nimedixmedical.com\/fr\/wp-json\/wp\/v2\/product"}],"about":[{"href":"https:\/\/nimedixmedical.com\/fr\/wp-json\/wp\/v2\/types\/product"}],"replies":[{"embeddable":true,"href":"https:\/\/nimedixmedical.com\/fr\/wp-json\/wp\/v2\/comments?post=100409"}],"wp:featuredmedia":[{"embeddable":true,"href":"https:\/\/nimedixmedical.com\/fr\/wp-json\/wp\/v2\/media\/100407"}],"wp:attachment":[{"href":"https:\/\/nimedixmedical.com\/fr\/wp-json\/wp\/v2\/media?parent=100409"}],"wp:term":[{"taxonomy":"product_brand","embeddable":true,"href":"https:\/\/nimedixmedical.com\/fr\/wp-json\/wp\/v2\/product_brand?post=100409"},{"taxonomy":"product_cat","embeddable":true,"href":"https:\/\/nimedixmedical.com\/fr\/wp-json\/wp\/v2\/product_cat?post=100409"},{"taxonomy":"product_tag","embeddable":true,"href":"https:\/\/nimedixmedical.com\/fr\/wp-json\/wp\/v2\/product_tag?post=100409"}],"curies":[{"name":"wp","href":"https:\/\/api.w.org\/{rel}","templated":true}]}}