{"id":100408,"date":"2025-11-30T19:09:04","date_gmt":"2025-11-30T18:09:04","guid":{"rendered":"https:\/\/nimedixmedical.com\/notre-catalogue\/primedic-heart-save-aed-m-defibrillateurecgmoniteur-autres-langues\/"},"modified":"2026-01-12T14:46:43","modified_gmt":"2026-01-12T13:46:43","slug":"primedic-heart-save-aed-m-defibrillateurecgmoniteur-autres-langues","status":"publish","type":"product","link":"https:\/\/nimedixmedical.com\/fr\/notre-catalogue\/primedic-heart-save-aed-m-defibrillateurecgmoniteur-autres-langues\/","title":{"rendered":"Primedic Heart Save Aed-m &#8211; D\u00e9fibrillateur+ecg+moniteur &#8211; Autres Langues"},"content":{"rendered":"<p>Le d\u00e9fibrillateur PRIMEDIC HeartSave AED-M est un dispositif de secours essentiel pour les situations d&#8217;urgence m\u00e9dicale. Con\u00e7u pour \u00eatre simple d&#8217;utilisation, il offre des fonctionnalit\u00e9s avanc\u00e9es pour assurer une r\u00e9animation efficace et rapide.<\/p>\n<h2>Caract\u00e9ristiques<\/h2>\n<ul>\n<li>D\u00e9fibrillation \u00e0 courant contr\u00f4l\u00e9 (CCD) avec une \u00e9nergie maximale de 360 J.<\/li>\n<li>Mode p\u00e9diatrique facilement s\u00e9lectionnable, sans \u00e9lectrodes p\u00e9diatriques n\u00e9cessaires.<\/li>\n<li>D\u00e9marrage automatique d\u00e8s l&#8217;ouverture et analyse imm\u00e9diate du rythme cardiaque.<\/li>\n<li>\u00c9cran LCD large affichant les formes d\u2019onde ECG, la fr\u00e9quence cardiaque et d&#8217;autres informations essentielles.<\/li>\n<li>Autonomie de la batterie lithium de 6 ans en mode veille, jusqu&#8217;\u00e0 200 d\u00e9charges.<\/li>\n<li>Syst\u00e8me d&#8217;auto-test quotidien et mensuel pour assurer le bon fonctionnement du dispositif.<\/li>\n<li>M\u00e9moire amovible pour la sauvegarde des donn\u00e9es et enregistrement vocal.<\/li>\n<\/ul>\n<h2>Livraison<\/h2>\n<ul>\n<li><strong>France :<\/strong> Livraison directe.<\/li>\n<li><strong>Export (Europe et Afrique) :<\/strong> Sur devis.<\/li>\n<\/ul>\n","protected":false},"excerpt":{"rendered":"<ul>\n<li>Utilisation facile gr\u00e2ce \u00e0 des contr\u00f4les vocaux clairs pour guider les secouristes.<\/li>\n<li>D\u00e9fibrillation biphasique efficace avec une \u00e9nergie maximale de 360 J.<\/li>\n<li>Mode p\u00e9diatrique activable par une simple touche, sans besoin d&#8217;\u00e9lectrodes sp\u00e9cifiques.<\/li>\n<li>\u00c9cran LCD large affichant des informations critiques sur le rythme cardiaque et l&#8217;\u00e9tat du dispositif.<\/li>\n<\/ul>\n","protected":false},"featured_media":100393,"comment_status":"open","ping_status":"open","template":"","meta":{"inline_featured_image":false},"product_brand":[],"product_cat":[821,784],"product_tag":[],"class_list":{"0":"post-100408","1":"product","2":"type-product","3":"status-publish","4":"has-post-thumbnail","6":"product_cat-defibrillateurs","7":"product_cat-urgences-premiers-secours","9":"first","10":"outofstock","11":"sale","12":"taxable","13":"shipping-taxable","14":"purchasable","15":"product-type-simple"},"_links":{"self":[{"href":"https:\/\/nimedixmedical.com\/fr\/wp-json\/wp\/v2\/product\/100408","targetHints":{"allow":["GET"]}}],"collection":[{"href":"https:\/\/nimedixmedical.com\/fr\/wp-json\/wp\/v2\/product"}],"about":[{"href":"https:\/\/nimedixmedical.com\/fr\/wp-json\/wp\/v2\/types\/product"}],"replies":[{"embeddable":true,"href":"https:\/\/nimedixmedical.com\/fr\/wp-json\/wp\/v2\/comments?post=100408"}],"wp:featuredmedia":[{"embeddable":true,"href":"https:\/\/nimedixmedical.com\/fr\/wp-json\/wp\/v2\/media\/100393"}],"wp:attachment":[{"href":"https:\/\/nimedixmedical.com\/fr\/wp-json\/wp\/v2\/media?parent=100408"}],"wp:term":[{"taxonomy":"product_brand","embeddable":true,"href":"https:\/\/nimedixmedical.com\/fr\/wp-json\/wp\/v2\/product_brand?post=100408"},{"taxonomy":"product_cat","embeddable":true,"href":"https:\/\/nimedixmedical.com\/fr\/wp-json\/wp\/v2\/product_cat?post=100408"},{"taxonomy":"product_tag","embeddable":true,"href":"https:\/\/nimedixmedical.com\/fr\/wp-json\/wp\/v2\/product_tag?post=100408"}],"curies":[{"name":"wp","href":"https:\/\/api.w.org\/{rel}","templated":true}]}}