{"id":100406,"date":"2025-11-30T19:09:04","date_gmt":"2025-11-30T18:09:04","guid":{"rendered":"https:\/\/nimedixmedical.com\/notre-catalogue\/primedic-heart-save-pad-defibrillateurbatterie-lithium-autres-langues\/"},"modified":"2026-01-12T14:46:42","modified_gmt":"2026-01-12T13:46:42","slug":"primedic-heart-save-pad-defibrillateurbatterie-lithium-autres-langues","status":"publish","type":"product","link":"https:\/\/nimedixmedical.com\/fr\/notre-catalogue\/primedic-heart-save-pad-defibrillateurbatterie-lithium-autres-langues\/","title":{"rendered":"Primedic Heart Save Pad &#8211; D\u00e9fibrillateur+batterie Lithium &#8211; Autres Langues"},"content":{"rendered":"<p>Le d\u00e9fibrillateur PRIMEDIC HeartSave PAD est con\u00e7u pour fournir une assistance rapide et efficace lors des situations d&#8217;urgence cardiaque. Gr\u00e2ce \u00e0 sa technologie avanc\u00e9e et ses fonctionnalit\u00e9s intuitives, il permet aux secouristes de r\u00e9agir rapidement et efficacement, augmentant ainsi les chances de survie des patients.<\/p>\n<h2>Caract\u00e9ristiques<\/h2>\n<ul>\n<li>D\u00e9fibrillation \u00e0 courant contr\u00f4l\u00e9 avec technologie biphasique CCD pour une efficacit\u00e9 optimale.<\/li>\n<li>Modes de fonctionnement vari\u00e9s, y compris un mode p\u00e9diatrique facile \u00e0 activer.<\/li>\n<li>D\u00e9marrage automatique et analyse du rythme cardiaque d\u00e8s l&#8217;ouverture, r\u00e9duisant le temps de r\u00e9action en cas d&#8217;urgence.<\/li>\n<li>\u00c9cran clair fournissant des informations sur l&#8217;\u00e9tat du dispositif et des batteries, avec auto-test quotidien et mensuel.<\/li>\n<li>Batterie lithium offrant 3 ans de dur\u00e9e en veille et 140 d\u00e9charges \u00e0 360 J.<\/li>\n<li>M\u00e9moire amovible et enregistrement vocal pour une documentation des interventions.<\/li>\n<\/ul>\n<h2>Livraison<\/h2>\n<ul>\n<li><strong>France :<\/strong> Livraison directe.<\/li>\n<li><strong>Export (Europe et Afrique) :<\/strong> Sur devis.<\/li>\n<\/ul>\n","protected":false},"excerpt":{"rendered":"<ul>\n<li>D\u00e9fibrillateur semi-automatique avec technologie biphasique CCD pour une d\u00e9fibrillation efficace.<\/li>\n<li>Facile \u00e0 utiliser avec des instructions vocales claires, m\u00eame pour les non-professionnels.<\/li>\n<li>Mode p\u00e9diatrique accessible d&#8217;une simple touche, sans besoin d&#8217;\u00e9lectrodes sp\u00e9cifiques.<\/li>\n<li>Dur\u00e9e de vie de la batterie de 3 ans en veille, permettant jusqu&#8217;\u00e0 140 d\u00e9charges \u00e0 360 J.<\/li>\n<\/ul>\n","protected":false},"featured_media":100407,"comment_status":"open","ping_status":"open","template":"","meta":{"inline_featured_image":false},"product_brand":[],"product_cat":[821,784],"product_tag":[],"class_list":{"0":"post-100406","1":"product","2":"type-product","3":"status-publish","4":"has-post-thumbnail","6":"product_cat-defibrillateurs","7":"product_cat-urgences-premiers-secours","9":"first","10":"outofstock","11":"sale","12":"taxable","13":"shipping-taxable","14":"purchasable","15":"product-type-simple"},"_links":{"self":[{"href":"https:\/\/nimedixmedical.com\/fr\/wp-json\/wp\/v2\/product\/100406","targetHints":{"allow":["GET"]}}],"collection":[{"href":"https:\/\/nimedixmedical.com\/fr\/wp-json\/wp\/v2\/product"}],"about":[{"href":"https:\/\/nimedixmedical.com\/fr\/wp-json\/wp\/v2\/types\/product"}],"replies":[{"embeddable":true,"href":"https:\/\/nimedixmedical.com\/fr\/wp-json\/wp\/v2\/comments?post=100406"}],"wp:featuredmedia":[{"embeddable":true,"href":"https:\/\/nimedixmedical.com\/fr\/wp-json\/wp\/v2\/media\/100407"}],"wp:attachment":[{"href":"https:\/\/nimedixmedical.com\/fr\/wp-json\/wp\/v2\/media?parent=100406"}],"wp:term":[{"taxonomy":"product_brand","embeddable":true,"href":"https:\/\/nimedixmedical.com\/fr\/wp-json\/wp\/v2\/product_brand?post=100406"},{"taxonomy":"product_cat","embeddable":true,"href":"https:\/\/nimedixmedical.com\/fr\/wp-json\/wp\/v2\/product_cat?post=100406"},{"taxonomy":"product_tag","embeddable":true,"href":"https:\/\/nimedixmedical.com\/fr\/wp-json\/wp\/v2\/product_tag?post=100406"}],"curies":[{"name":"wp","href":"https:\/\/api.w.org\/{rel}","templated":true}]}}