{"id":100368,"date":"2025-11-30T19:08:34","date_gmt":"2025-11-30T18:08:34","guid":{"rendered":"https:\/\/nimedixmedical.com\/notre-catalogue\/lame-miller-a-f-o-n-1-gima-green-bebe\/"},"modified":"2026-01-12T14:46:27","modified_gmt":"2026-01-12T13:46:27","slug":"lame-miller-a-f-o-n-1-gima-green-bebe","status":"publish","type":"product","link":"https:\/\/nimedixmedical.com\/fr\/notre-catalogue\/lame-miller-a-f-o-n-1-gima-green-bebe\/","title":{"rendered":"Lame Miller \u00c0 F.o. N\u00b0 1 &#8220;GIMA Green&#8221; &#8211; B\u00e9b\u00e9"},"content":{"rendered":"<p>La Lame Miller \u00e0 F.O. N\u00b0 1 &#8220;GIMA GREEN&#8221; est sp\u00e9cialement con\u00e7ue pour les laryngoscopes utilis\u00e9s dans les situations d&#8217;urgence p\u00e9diatrique. Son design optimise l&#8217;intubation des nourrissons tout en assurant une transmission lumineuse sup\u00e9rieure.<\/p>\n<h2>Caract\u00e9ristiques<\/h2>\n<ul>\n<li>Transmission maximale de la lumi\u00e8re gr\u00e2ce \u00e0 des fibres durables et de grande qualit\u00e9.<\/li>\n<li>Lames con\u00e7ues pour une intubation facile et efficace.<\/li>\n<li>Fini mat pour r\u00e9duire les reflets, am\u00e9liorant la visibilit\u00e9.<\/li>\n<li>Autoclavable jusqu&#8217;\u00e0 134 \u00b0C pendant 5 minutes, jusqu&#8217;\u00e0 2 000 fois.<\/li>\n<li>Compatibles avec la st\u00e9rilisation au gaz plasma.<\/li>\n<li>Toutes les lames sont compatibles avec les manches de la norme Green BS EN ISO 7376.<\/li>\n<li>Mat\u00e9riaux : Acier inox aust\u00e9nitique antirouille pour une durabilit\u00e9 accrue.<\/li>\n<li>Garantie de 3 ans pour la confiance des utilisateurs.<\/li>\n<li>Vaste choix de sources d&#8217;alimentation : batteries type \u00abAA\u00bb et \u00abC\u00bb ou batteries rechargeables de 2,5 V et de 3,5 V.<\/li>\n<li>Manches disponibles avec ampoules au x\u00e9non\/halog\u00e8ne et LED de 2,5 V et 3,5 V.<\/li>\n<li>Les lames sont non magn\u00e9tiques, adapt\u00e9es \u00e0 divers environnements m\u00e9dicaux.<\/li>\n<\/ul>\n<h2>Livraison<\/h2>\n<ul>\n<li><strong>France :<\/strong> Livraison directe.<\/li>\n<li><strong>Export (Europe et Afrique) :<\/strong> Sur devis.<\/li>\n<\/ul>\n","protected":false},"excerpt":{"rendered":"<ul>\n<li>Usage : Intubation facile pour les b\u00e9b\u00e9s gr\u00e2ce \u00e0 la lame Miller n\u00b0 1.<\/li>\n<li>B\u00e9n\u00e9fice : Transmission maximale de la lumi\u00e8re pour une visibilit\u00e9 optimale.<\/li>\n<li>Durabilit\u00e9 : Autoclavable jusqu&#8217;\u00e0 2 000 fois, garantissant une \u00e9conomie \u00e0 long terme.<\/li>\n<li>Compatibilit\u00e9 : Compatible avec les manches de la norme Green BS EN ISO 7376.<\/li>\n<\/ul>\n","protected":false},"featured_media":100369,"comment_status":"open","ping_status":"open","template":"","meta":{"inline_featured_image":false},"product_brand":[],"product_cat":[820,812,784],"product_tag":[],"class_list":{"0":"post-100368","1":"product","2":"type-product","3":"status-publish","4":"has-post-thumbnail","6":"product_cat-lames-et-manches-a-fibres-optiques-laryngoscopes-gima","7":"product_cat-laryngoscopes-gima","8":"product_cat-urgences-premiers-secours","10":"first","11":"instock","12":"sale","13":"taxable","14":"shipping-taxable","15":"purchasable","16":"product-type-simple"},"_links":{"self":[{"href":"https:\/\/nimedixmedical.com\/fr\/wp-json\/wp\/v2\/product\/100368","targetHints":{"allow":["GET"]}}],"collection":[{"href":"https:\/\/nimedixmedical.com\/fr\/wp-json\/wp\/v2\/product"}],"about":[{"href":"https:\/\/nimedixmedical.com\/fr\/wp-json\/wp\/v2\/types\/product"}],"replies":[{"embeddable":true,"href":"https:\/\/nimedixmedical.com\/fr\/wp-json\/wp\/v2\/comments?post=100368"}],"wp:featuredmedia":[{"embeddable":true,"href":"https:\/\/nimedixmedical.com\/fr\/wp-json\/wp\/v2\/media\/100369"}],"wp:attachment":[{"href":"https:\/\/nimedixmedical.com\/fr\/wp-json\/wp\/v2\/media?parent=100368"}],"wp:term":[{"taxonomy":"product_brand","embeddable":true,"href":"https:\/\/nimedixmedical.com\/fr\/wp-json\/wp\/v2\/product_brand?post=100368"},{"taxonomy":"product_cat","embeddable":true,"href":"https:\/\/nimedixmedical.com\/fr\/wp-json\/wp\/v2\/product_cat?post=100368"},{"taxonomy":"product_tag","embeddable":true,"href":"https:\/\/nimedixmedical.com\/fr\/wp-json\/wp\/v2\/product_tag?post=100368"}],"curies":[{"name":"wp","href":"https:\/\/api.w.org\/{rel}","templated":true}]}}