{"id":100364,"date":"2025-11-30T19:08:34","date_gmt":"2025-11-30T18:08:34","guid":{"rendered":"https:\/\/nimedixmedical.com\/notre-catalogue\/lame-miller-a-f-o-n-3-gima-green-adulte\/"},"modified":"2026-01-12T14:46:25","modified_gmt":"2026-01-12T13:46:25","slug":"lame-miller-a-f-o-n-3-gima-green-adulte","status":"publish","type":"product","link":"https:\/\/nimedixmedical.com\/fr\/notre-catalogue\/lame-miller-a-f-o-n-3-gima-green-adulte\/","title":{"rendered":"Lame Miller \u00c0 F.o. N\u00b0 3 &#8220;GIMA Green&#8221; &#8211; Adulte"},"content":{"rendered":"<p>La lame Miller \u00e0 fibres optiques &#8220;GIMA GREEN&#8221; n\u00b0 3 est con\u00e7ue pour les professionnels de la sant\u00e9, facilitant l&#8217;intubation avec une visibilit\u00e9 optimale. Gr\u00e2ce \u00e0 ses mat\u00e9riaux de qualit\u00e9, elle r\u00e9pond aux exigences des proc\u00e9dures d&#8217;urgence et de soins intensifs.<\/p>\n<h2>Caract\u00e9ristiques<\/h2>\n<ul>\n<li>Transmission maximum de la lumi\u00e8re gr\u00e2ce \u00e0 des fibres durables et de grande qualit\u00e9.<\/li>\n<li>Conception facilitant l&#8217;intubation avec un fini mat pour r\u00e9duire les reflets.<\/li>\n<li>Autoclavable jusqu&#8217;\u00e0 134 \u00b0C pendant 5 minutes, jusqu&#8217;\u00e0 2 000 fois.<\/li>\n<li>Compatibilit\u00e9 avec la st\u00e9rilisation au gaz plasma.<\/li>\n<li>Fabrication en acier inox aust\u00e9nitique antirouille pour une longue dur\u00e9e de vie.<\/li>\n<li>Garantie de 3 ans offerte par GIMA.<\/li>\n<li>Vaste choix de sources d&#8217;alimentation: batteries type \u00abAA\u00bb et \u00abC\u00bb ou batteries rechargeables de 2,5 V et de 3,5 V.<\/li>\n<li>Manches disponibles avec ampoules au x\u00e9non\/halog\u00e8ne et LED de 2,5 V et 3,5 V.<\/li>\n<li>Lames non magn\u00e9tiques, compatibles avec les manches de la norme Green BS EN ISO 7376.<\/li>\n<\/ul>\n<h2>Livraison<\/h2>\n<ul>\n<li><strong>France :<\/strong> Livraison directe.<\/li>\n<li><strong>Export (Europe et Afrique) :<\/strong> Sur devis.<\/li>\n<\/ul>\n","protected":false},"excerpt":{"rendered":"<ul>\n<li>Usage : Intubation facile et rapide gr\u00e2ce \u00e0 la conception de la lame Miller n\u00b0 3.<\/li>\n<li>B\u00e9n\u00e9fice : Transmission maximale de la lumi\u00e8re pour une meilleure visibilit\u00e9 lors des proc\u00e9dures.<\/li>\n<li>Durabilit\u00e9 : Lames autoclavables jusqu&#8217;\u00e0 2 000 fois avec garantie de 3 ans.<\/li>\n<li>Compatibilit\u00e9 : Compatible avec les manches de la norme Green BS EN ISO 7376.<\/li>\n<\/ul>\n","protected":false},"featured_media":100365,"comment_status":"open","ping_status":"open","template":"","meta":{"inline_featured_image":false},"product_brand":[],"product_cat":[820,812,784],"product_tag":[],"class_list":{"0":"post-100364","1":"product","2":"type-product","3":"status-publish","4":"has-post-thumbnail","6":"product_cat-lames-et-manches-a-fibres-optiques-laryngoscopes-gima","7":"product_cat-laryngoscopes-gima","8":"product_cat-urgences-premiers-secours","10":"first","11":"instock","12":"sale","13":"taxable","14":"shipping-taxable","15":"purchasable","16":"product-type-simple"},"_links":{"self":[{"href":"https:\/\/nimedixmedical.com\/fr\/wp-json\/wp\/v2\/product\/100364","targetHints":{"allow":["GET"]}}],"collection":[{"href":"https:\/\/nimedixmedical.com\/fr\/wp-json\/wp\/v2\/product"}],"about":[{"href":"https:\/\/nimedixmedical.com\/fr\/wp-json\/wp\/v2\/types\/product"}],"replies":[{"embeddable":true,"href":"https:\/\/nimedixmedical.com\/fr\/wp-json\/wp\/v2\/comments?post=100364"}],"wp:featuredmedia":[{"embeddable":true,"href":"https:\/\/nimedixmedical.com\/fr\/wp-json\/wp\/v2\/media\/100365"}],"wp:attachment":[{"href":"https:\/\/nimedixmedical.com\/fr\/wp-json\/wp\/v2\/media?parent=100364"}],"wp:term":[{"taxonomy":"product_brand","embeddable":true,"href":"https:\/\/nimedixmedical.com\/fr\/wp-json\/wp\/v2\/product_brand?post=100364"},{"taxonomy":"product_cat","embeddable":true,"href":"https:\/\/nimedixmedical.com\/fr\/wp-json\/wp\/v2\/product_cat?post=100364"},{"taxonomy":"product_tag","embeddable":true,"href":"https:\/\/nimedixmedical.com\/fr\/wp-json\/wp\/v2\/product_tag?post=100364"}],"curies":[{"name":"wp","href":"https:\/\/api.w.org\/{rel}","templated":true}]}}