{"id":100332,"date":"2025-11-30T19:08:07","date_gmt":"2025-11-30T18:08:07","guid":{"rendered":"https:\/\/nimedixmedical.com\/notre-catalogue\/lame-miller-a-f-o-n-1-gima-maxlite-bebe\/"},"modified":"2026-01-12T14:46:22","modified_gmt":"2026-01-12T13:46:22","slug":"lame-miller-a-f-o-n-1-gima-maxlite-bebe","status":"publish","type":"product","link":"https:\/\/nimedixmedical.com\/fr\/notre-catalogue\/lame-miller-a-f-o-n-1-gima-maxlite-bebe\/","title":{"rendered":"Lame Miller \u00c0 F.o. N\u00b0 1 &#8220;GIMA Maxlite&#8221; &#8211; B\u00e9b\u00e9"},"content":{"rendered":"<p>Les lames \u00e0 fibres optiques &#8220;GIMA Maxlite&#8221; sont con\u00e7ues pour am\u00e9liorer la s\u00e9curit\u00e9 et l&#8217;efficacit\u00e9 des proc\u00e9dures d&#8217;intubation chez les b\u00e9b\u00e9s. La lame Miller N\u00b0 1 offre une visibilit\u00e9 accrue et une manipulation ais\u00e9e pour les professionnels de sant\u00e9.<\/p>\n<h2>Caract\u00e9ristiques<\/h2>\n<ul>\n<li>Transmission maximale de la lumi\u00e8re gr\u00e2ce \u00e0 des fibres durables et de haute qualit\u00e9.<\/li>\n<li>Conception optimis\u00e9e pour une intubation facile.<\/li>\n<li>Fini mat pour r\u00e9duire les reflets g\u00eanants.<\/li>\n<li>Autoclavable jusqu&#8217;\u00e0 134 \u00b0C pendant 5 minutes, jusqu&#8217;\u00e0 2 000 cycles.<\/li>\n<li>Compatible avec la st\u00e9rilisation au gaz plasma.<\/li>\n<li>Fabriqu\u00e9es en acier inox aust\u00e9nitique antirouille, assurant une longue durabilit\u00e9.<\/li>\n<li>Garantie de 3 ans offerte par GIMA.<\/li>\n<li>Compatibilit\u00e9 avec des sources d&#8217;alimentation vari\u00e9es, y compris des batteries rechargeables.<\/li>\n<li>Manches disponibles avec ampoules au x\u00e9non\/halog\u00e8ne et LED.<\/li>\n<li>Lames non magn\u00e9tiques pour une utilisation en toute s\u00e9curit\u00e9.<\/li>\n<\/ul>\n<h2>Livraison<\/h2>\n<ul>\n<li><strong>France :<\/strong> Livraison directe.<\/li>\n<li><strong>Export (Europe et Afrique) :<\/strong> Sur devis.<\/li>\n<\/ul>\n","protected":false},"excerpt":{"rendered":"<ul>\n<li>Usage : Intubation facile des b\u00e9b\u00e9s gr\u00e2ce \u00e0 la conception ergonomique de la lame Miller N\u00b0 1.<\/li>\n<li>B\u00e9n\u00e9fice : Transmission optimale de la lumi\u00e8re pour une meilleure visibilit\u00e9 lors des interventions.<\/li>\n<li>Durabilit\u00e9 : Lames autoclavables jusqu&#8217;\u00e0 2 000 fois pour une utilisation prolong\u00e9e.<\/li>\n<li>Compatibilit\u00e9 : Compatible avec les manches de la norme Green BS EN ISO 7376.<\/li>\n<\/ul>\n","protected":false},"featured_media":100333,"comment_status":"open","ping_status":"open","template":"","meta":{"inline_featured_image":false},"product_brand":[],"product_cat":[820,812,784],"product_tag":[],"class_list":{"0":"post-100332","1":"product","2":"type-product","3":"status-publish","4":"has-post-thumbnail","6":"product_cat-lames-et-manches-a-fibres-optiques-laryngoscopes-gima","7":"product_cat-laryngoscopes-gima","8":"product_cat-urgences-premiers-secours","10":"first","11":"instock","12":"sale","13":"taxable","14":"shipping-taxable","15":"purchasable","16":"product-type-simple"},"_links":{"self":[{"href":"https:\/\/nimedixmedical.com\/fr\/wp-json\/wp\/v2\/product\/100332","targetHints":{"allow":["GET"]}}],"collection":[{"href":"https:\/\/nimedixmedical.com\/fr\/wp-json\/wp\/v2\/product"}],"about":[{"href":"https:\/\/nimedixmedical.com\/fr\/wp-json\/wp\/v2\/types\/product"}],"replies":[{"embeddable":true,"href":"https:\/\/nimedixmedical.com\/fr\/wp-json\/wp\/v2\/comments?post=100332"}],"wp:featuredmedia":[{"embeddable":true,"href":"https:\/\/nimedixmedical.com\/fr\/wp-json\/wp\/v2\/media\/100333"}],"wp:attachment":[{"href":"https:\/\/nimedixmedical.com\/fr\/wp-json\/wp\/v2\/media?parent=100332"}],"wp:term":[{"taxonomy":"product_brand","embeddable":true,"href":"https:\/\/nimedixmedical.com\/fr\/wp-json\/wp\/v2\/product_brand?post=100332"},{"taxonomy":"product_cat","embeddable":true,"href":"https:\/\/nimedixmedical.com\/fr\/wp-json\/wp\/v2\/product_cat?post=100332"},{"taxonomy":"product_tag","embeddable":true,"href":"https:\/\/nimedixmedical.com\/fr\/wp-json\/wp\/v2\/product_tag?post=100332"}],"curies":[{"name":"wp","href":"https:\/\/api.w.org\/{rel}","templated":true}]}}