{"id":100305,"date":"2025-11-30T19:07:35","date_gmt":"2025-11-30T18:07:35","guid":{"rendered":"https:\/\/nimedixmedical.com\/notre-catalogue\/lame-mc-intosh-n-0-nouveau-ne\/"},"modified":"2026-01-12T14:46:15","modified_gmt":"2026-01-12T13:46:15","slug":"lame-mc-intosh-n-0-nouveau-ne","status":"publish","type":"product","link":"https:\/\/nimedixmedical.com\/fr\/notre-catalogue\/lame-mc-intosh-n-0-nouveau-ne\/","title":{"rendered":"Lame Mc Intosh N.0 &#8211; Nouveau-n\u00e9"},"content":{"rendered":"<p>La lame Mc Intosh N\u00b00 est con\u00e7ue sp\u00e9cialement pour les nouveau-n\u00e9s, assurant une intubation s\u00e9curis\u00e9e et efficace dans les situations d&#8217;urgence. Sa conception l\u00e9g\u00e8re et ergonomique facilite son utilisation par les professionnels de sant\u00e9.<\/p>\n<h2>Caract\u00e9ristiques<\/h2>\n<ul>\n<li>Longueur totale : 80 mm<\/li>\n<li>Largeur distale : 11 mm<\/li>\n<li>Ampoule \u00e0 vide standard de 2,5 V pour une excellente transmission lumineuse (3500 LUX)<\/li>\n<li>Manche l\u00e9ger et ergonomique avec finition satin\u00e9e pour r\u00e9duire les reflets<\/li>\n<li>Contacts en acier inoxydable pour une longue dur\u00e9e de vie<\/li>\n<li>St\u00e9rilisation par ETO ou \u00e0 la vapeur, autoclavable jusqu&#8217;\u00e0 134\u00b0 pour 5 minutes (environ 2000 fois)<\/li>\n<li>Syst\u00e8me ISO 7376 pour montage sur les manches existants<\/li>\n<li>Set conditionn\u00e9 dans un bo\u00eetier antichoc et une bo\u00eete en carton<\/li>\n<li>Lames non magn\u00e9tiques, sans latex<\/li>\n<\/ul>\n<h2>Livraison<\/h2>\n<ul>\n<li><strong>France :<\/strong> Livraison directe.<\/li>\n<li><strong>Export (Europe et Afrique) :<\/strong> Sur devis.<\/li>\n<\/ul>\n","protected":false},"excerpt":{"rendered":"<ul>\n<li>Usage : Lame de laryngoscopie pour l&#8217;intubation des nouveau-n\u00e9s.<\/li>\n<li>B\u00e9n\u00e9fice : Conception ergonomique et l\u00e9g\u00e8re pour un maniement facile.<\/li>\n<li>Durabilit\u00e9 : Mat\u00e9riaux de qualit\u00e9 garantissant une longue dur\u00e9e de vie.<\/li>\n<li>S\u00e9curit\u00e9 : Compatible avec des proc\u00e9dures de st\u00e9rilisation standard.<\/li>\n<\/ul>\n","protected":false},"featured_media":100306,"comment_status":"open","ping_status":"open","template":"","meta":{"inline_featured_image":false},"product_brand":[],"product_cat":[819,812,784],"product_tag":[],"class_list":{"0":"post-100305","1":"product","2":"type-product","3":"status-publish","4":"has-post-thumbnail","6":"product_cat-lames-et-manches-standard","7":"product_cat-laryngoscopes-gima","8":"product_cat-urgences-premiers-secours","10":"first","11":"instock","12":"sale","13":"taxable","14":"shipping-taxable","15":"purchasable","16":"product-type-simple"},"_links":{"self":[{"href":"https:\/\/nimedixmedical.com\/fr\/wp-json\/wp\/v2\/product\/100305","targetHints":{"allow":["GET"]}}],"collection":[{"href":"https:\/\/nimedixmedical.com\/fr\/wp-json\/wp\/v2\/product"}],"about":[{"href":"https:\/\/nimedixmedical.com\/fr\/wp-json\/wp\/v2\/types\/product"}],"replies":[{"embeddable":true,"href":"https:\/\/nimedixmedical.com\/fr\/wp-json\/wp\/v2\/comments?post=100305"}],"wp:featuredmedia":[{"embeddable":true,"href":"https:\/\/nimedixmedical.com\/fr\/wp-json\/wp\/v2\/media\/100306"}],"wp:attachment":[{"href":"https:\/\/nimedixmedical.com\/fr\/wp-json\/wp\/v2\/media?parent=100305"}],"wp:term":[{"taxonomy":"product_brand","embeddable":true,"href":"https:\/\/nimedixmedical.com\/fr\/wp-json\/wp\/v2\/product_brand?post=100305"},{"taxonomy":"product_cat","embeddable":true,"href":"https:\/\/nimedixmedical.com\/fr\/wp-json\/wp\/v2\/product_cat?post=100305"},{"taxonomy":"product_tag","embeddable":true,"href":"https:\/\/nimedixmedical.com\/fr\/wp-json\/wp\/v2\/product_tag?post=100305"}],"curies":[{"name":"wp","href":"https:\/\/api.w.org\/{rel}","templated":true}]}}