{"id":100273,"date":"2025-11-30T19:07:35","date_gmt":"2025-11-30T18:07:35","guid":{"rendered":"https:\/\/nimedixmedical.com\/notre-catalogue\/lame-jetable-heine-xp-mac-3\/"},"modified":"2026-02-20T14:27:35","modified_gmt":"2026-02-20T13:27:35","slug":"lame-jetable-heine-xp-mac-3","status":"publish","type":"product","link":"https:\/\/nimedixmedical.com\/fr\/notre-catalogue\/lame-jetable-heine-xp-mac-3\/","title":{"rendered":"Lame Jetable Heine Xp Mac 3"},"content":{"rendered":"<p>Les lames jetables HEINE XP MAC 3 sont con\u00e7ues pour des interventions m\u00e9dicales n\u00e9cessitant une visibilit\u00e9 optimale lors de l&#8217;intubation. Gr\u00e2ce \u00e0 leur technologie avanc\u00e9e, elles am\u00e9liorent la s\u00e9curit\u00e9 et l&#8217;efficacit\u00e9 des proc\u00e9dures d&#8217;urgence.<\/p>\n<h2>Caract\u00e9ristiques<\/h2>\n<ul>\n<li>Code HEINE : F-000.22.763<\/li>\n<li>Type de lame : XP MAC 3 &#8211; jetable (bo\u00eete de 25)<\/li>\n<li>Longueur totale : 134 mm<\/li>\n<li>Largueur distale : 14 mm<\/li>\n<li>Transduction lumineuse gr\u00e2ce \u00e0 la fibre optique HEINE HiLite\u00ae avec plus de 6 500 micro-fibres individuelles.<\/li>\n<li>Technologie X\u00e9non Halog\u00e8ne HEINE XHL\u00ae offrant jusqu&#8217;\u00e0 40% de luminosit\u00e9 suppl\u00e9mentaire.<\/li>\n<li>Durabilit\u00e9 accrue des ampoules, deux fois plus longues que les mod\u00e8les 2,5V traditionnels.<\/li>\n<li>Poign\u00e9es HEINE LEDHQ fournissant trois fois l&#8217;intensit\u00e9 lumineuse.<\/li>\n<li>Compatibilit\u00e9 avec les normes ISO 7376 (norme Green).<\/li>\n<\/ul>\n<h2>Livraison<\/h2>\n<ul>\n<li><strong>France :<\/strong> Livraison directe.<\/li>\n<li><strong>Export (Europe et Afrique) :<\/strong> Sur devis.<\/li>\n<\/ul>\n","protected":false},"excerpt":{"rendered":"<ul>\n<li>Usage : Lames jetables HEINE XP MAC 3 pour laryngoscopes, id\u00e9ales pour les proc\u00e9dures d&#8217;intubation.<\/li>\n<li>B\u00e9n\u00e9fice : Transduction lumineuse sup\u00e9rieure gr\u00e2ce \u00e0 la technologie Fibre Optique HEINE HiLite\u00ae, offrant une lumi\u00e8re 40% plus brillante.<\/li>\n<li>Dur\u00e9e prolong\u00e9e : Ampoules X\u00e9non Halog\u00e8ne HEINE XHL\u00ae avec deux fois plus de long\u00e9vit\u00e9 par rapport aux mod\u00e8les traditionnels.<\/li>\n<li>Compatibilit\u00e9 : Normes ISO 7376, garantissant des performances de haute qualit\u00e9 et des standards \u00e9cologiques.<\/li>\n<\/ul>\n","protected":false},"featured_media":100274,"comment_status":"open","ping_status":"closed","template":"","meta":{"inline_featured_image":false},"product_brand":[],"product_cat":[818,812,784],"product_tag":[],"class_list":{"0":"post-100273","1":"product","2":"type-product","3":"status-publish","4":"has-post-thumbnail","6":"product_cat-lames-jetables","7":"product_cat-laryngoscopes-gima","8":"product_cat-urgences-premiers-secours","10":"first","11":"instock","12":"sale","13":"taxable","14":"shipping-taxable","15":"purchasable","16":"product-type-simple"},"_links":{"self":[{"href":"https:\/\/nimedixmedical.com\/fr\/wp-json\/wp\/v2\/product\/100273","targetHints":{"allow":["GET"]}}],"collection":[{"href":"https:\/\/nimedixmedical.com\/fr\/wp-json\/wp\/v2\/product"}],"about":[{"href":"https:\/\/nimedixmedical.com\/fr\/wp-json\/wp\/v2\/types\/product"}],"replies":[{"embeddable":true,"href":"https:\/\/nimedixmedical.com\/fr\/wp-json\/wp\/v2\/comments?post=100273"}],"wp:featuredmedia":[{"embeddable":true,"href":"https:\/\/nimedixmedical.com\/fr\/wp-json\/wp\/v2\/media\/100274"}],"wp:attachment":[{"href":"https:\/\/nimedixmedical.com\/fr\/wp-json\/wp\/v2\/media?parent=100273"}],"wp:term":[{"taxonomy":"product_brand","embeddable":true,"href":"https:\/\/nimedixmedical.com\/fr\/wp-json\/wp\/v2\/product_brand?post=100273"},{"taxonomy":"product_cat","embeddable":true,"href":"https:\/\/nimedixmedical.com\/fr\/wp-json\/wp\/v2\/product_cat?post=100273"},{"taxonomy":"product_tag","embeddable":true,"href":"https:\/\/nimedixmedical.com\/fr\/wp-json\/wp\/v2\/product_tag?post=100273"}],"curies":[{"name":"wp","href":"https:\/\/api.w.org\/{rel}","templated":true}]}}