{"id":100241,"date":"2025-11-30T19:07:06","date_gmt":"2025-11-30T18:07:06","guid":{"rendered":"https:\/\/nimedixmedical.com\/notre-catalogue\/lame-f-o-mc-intosh-a-usage-unique-n-1-nourrissons\/"},"modified":"2026-01-12T14:45:53","modified_gmt":"2026-01-12T13:45:53","slug":"lame-f-o-mc-intosh-a-usage-unique-n-1-nourrissons","status":"publish","type":"product","link":"https:\/\/nimedixmedical.com\/fr\/notre-catalogue\/lame-f-o-mc-intosh-a-usage-unique-n-1-nourrissons\/","title":{"rendered":"Lame F.o. Mc Intosh \u00c0 Usage Unique N\u00b0 1 &#8211; Nourrissons"},"content":{"rendered":"<p>La lame F.O. Mc INTOSH \u00e0 usage unique N\u00b0 1 est con\u00e7ue pour les proc\u00e9dures d&#8217;intubation chez les nourrissons. Son design innovant facilite l&#8217;acc\u00e8s et minimise le risque de traumatisme dentaire, ce qui en fait un outil essentiel pour les professionnels de la sant\u00e9 en milieu hospitalier.<\/p>\n<h2>Caract\u00e9ristiques<\/h2>\n<ul>\n<li>Type de lame : Mc INTOSH N\u00b0 1 (pour b\u00e9b\u00e9s)<\/li>\n<li>Compatibilit\u00e9 : Syst\u00e8me Green ISO 7376<\/li>\n<li>Mat\u00e9riaux : Bloc plastique r\u00e9sistant et spatule m\u00e9tallique pour une grande force<\/li>\n<li>Transduction lumineuse : 4 000 lux avec manche \u00e0 x\u00e9non 2,5 V, 10 000 lux avec manche \u00e0 LED<\/li>\n<li>Forme : Mince pour am\u00e9liorer la maniabilit\u00e9 et l&#8217;acc\u00e8s<\/li>\n<li>Pointe perl\u00e9e : Facilite l&#8217;intubation en r\u00e9duisant les traumatismes<\/li>\n<\/ul>\n<h2>Livraison<\/h2>\n<ul>\n<li><strong>France :<\/strong> Livraison directe.<\/li>\n<li><strong>Export (Europe et Afrique) :<\/strong> Sur devis.<\/li>\n<\/ul>\n","protected":false},"excerpt":{"rendered":"<ul>\n<li>Usage : Lame Mc INTOSH \u00e0 usage unique, sp\u00e9cifiquement con\u00e7ue pour les nourrissons.<\/li>\n<li>B\u00e9n\u00e9fice : R\u00e9duit le traumatisme dentaire et facilite l&#8217;intubation gr\u00e2ce \u00e0 sa forme mince et sa pointe perl\u00e9e.<\/li>\n<li>Compatibilit\u00e9 : Utilisable avec le syst\u00e8me Green ISO 7376, garantissant une excellente visibilit\u00e9 du larynx.<\/li>\n<li>Performance : Transduction lumineuse optimale, jusqu&#8217;\u00e0 10 000 lux avec un manche \u00e0 LED.<\/li>\n<\/ul>\n","protected":false},"featured_media":100242,"comment_status":"open","ping_status":"open","template":"","meta":{"inline_featured_image":false},"product_brand":[],"product_cat":[818,812,784],"product_tag":[],"class_list":{"0":"post-100241","1":"product","2":"type-product","3":"status-publish","4":"has-post-thumbnail","6":"product_cat-lames-jetables","7":"product_cat-laryngoscopes-gima","8":"product_cat-urgences-premiers-secours","10":"first","11":"outofstock","12":"sale","13":"taxable","14":"shipping-taxable","15":"purchasable","16":"product-type-simple"},"_links":{"self":[{"href":"https:\/\/nimedixmedical.com\/fr\/wp-json\/wp\/v2\/product\/100241","targetHints":{"allow":["GET"]}}],"collection":[{"href":"https:\/\/nimedixmedical.com\/fr\/wp-json\/wp\/v2\/product"}],"about":[{"href":"https:\/\/nimedixmedical.com\/fr\/wp-json\/wp\/v2\/types\/product"}],"replies":[{"embeddable":true,"href":"https:\/\/nimedixmedical.com\/fr\/wp-json\/wp\/v2\/comments?post=100241"}],"wp:featuredmedia":[{"embeddable":true,"href":"https:\/\/nimedixmedical.com\/fr\/wp-json\/wp\/v2\/media\/100242"}],"wp:attachment":[{"href":"https:\/\/nimedixmedical.com\/fr\/wp-json\/wp\/v2\/media?parent=100241"}],"wp:term":[{"taxonomy":"product_brand","embeddable":true,"href":"https:\/\/nimedixmedical.com\/fr\/wp-json\/wp\/v2\/product_brand?post=100241"},{"taxonomy":"product_cat","embeddable":true,"href":"https:\/\/nimedixmedical.com\/fr\/wp-json\/wp\/v2\/product_cat?post=100241"},{"taxonomy":"product_tag","embeddable":true,"href":"https:\/\/nimedixmedical.com\/fr\/wp-json\/wp\/v2\/product_tag?post=100241"}],"curies":[{"name":"wp","href":"https:\/\/api.w.org\/{rel}","templated":true}]}}