{"id":100181,"date":"2025-11-30T19:06:32","date_gmt":"2025-11-30T18:06:32","guid":{"rendered":"https:\/\/nimedixmedical.com\/notre-catalogue\/set-pediatrique-3-lames-miller-0-1-mc-int-0-gima-green\/"},"modified":"2026-01-12T14:45:41","modified_gmt":"2026-01-12T13:45:41","slug":"set-pediatrique-3-lames-miller-0-1-mc-int-0-gima-green","status":"publish","type":"product","link":"https:\/\/nimedixmedical.com\/fr\/notre-catalogue\/set-pediatrique-3-lames-miller-0-1-mc-int-0-gima-green\/","title":{"rendered":"Set P\u00e9diatrique 3 Lames Miller 0-1, Mc Int.0 &#8220;GIMA Green&#8221;"},"content":{"rendered":"<p>Le set p\u00e9diatrique 3 lames Miller 0-1, Mc Intosh 0 de GIMA GREEN est con\u00e7u pour les professionnels de sant\u00e9 n\u00e9cessitant un \u00e9quipement de laryngoscopie fiable et performant lors des urgences p\u00e9diatriques. Sa technologie de lumi\u00e8re froide permet une visibilit\u00e9 optimale.<\/p>\n<h2>Caract\u00e9ristiques<\/h2>\n<ul>\n<li>Set p\u00e9diatrique comprenant 3 lames Miller 0-1 et 1 lame Mc Intosh 0.<\/li>\n<li>Laryngoscopes \u00e0 fibres optiques offrant une lumi\u00e8re froide brillante.<\/li>\n<li>Lames avec fibre amovible pour une utilisation simplifi\u00e9e et un entretien facile.<\/li>\n<li>Poign\u00e9e rechargeable 2,5 V, compatible avec batteries rechargeables ou normales (batterie non incluse).<\/li>\n<li>Recharge \u00e0 effectuer avec la station de charge 31542 (non incluse).<\/li>\n<li>Lames non magn\u00e9tiques pour une s\u00e9curit\u00e9 accrue lors des interventions.<\/li>\n<\/ul>\n<h2>Livraison<\/h2>\n<ul>\n<li><strong>France :<\/strong> Livraison directe.<\/li>\n<li><strong>Export (Europe et Afrique) :<\/strong> Sur devis.<\/li>\n<\/ul>\n","protected":false},"excerpt":{"rendered":"<ul>\n<li>Usage : Id\u00e9al pour les urgences p\u00e9diatriques avec des lames adapt\u00e9es aux enfants.<\/li>\n<li>B\u00e9n\u00e9fice : Lumi\u00e8re froide brillante gr\u00e2ce \u00e0 la technologie F.O. pour une meilleure visibilit\u00e9.<\/li>\n<li>Praticit\u00e9 : Poign\u00e9e rechargeable compatible avec batteries normales ou rechargeables.<\/li>\n<li>Non magn\u00e9tiques : S\u00e9curit\u00e9 accrue lors des interventions m\u00e9dicales.<\/li>\n<\/ul>\n","protected":false},"featured_media":100182,"comment_status":"open","ping_status":"open","template":"","meta":{"inline_featured_image":false},"product_brand":[],"product_cat":[812,815,784],"product_tag":[],"class_list":{"0":"post-100181","1":"product","2":"type-product","3":"status-publish","4":"has-post-thumbnail","6":"product_cat-laryngoscopes-gima","7":"product_cat-sets-laryngoscope-a-fibres-optiques-laryngoscopes-gima","8":"product_cat-urgences-premiers-secours","10":"first","11":"instock","12":"sale","13":"taxable","14":"shipping-taxable","15":"purchasable","16":"product-type-simple"},"_links":{"self":[{"href":"https:\/\/nimedixmedical.com\/fr\/wp-json\/wp\/v2\/product\/100181","targetHints":{"allow":["GET"]}}],"collection":[{"href":"https:\/\/nimedixmedical.com\/fr\/wp-json\/wp\/v2\/product"}],"about":[{"href":"https:\/\/nimedixmedical.com\/fr\/wp-json\/wp\/v2\/types\/product"}],"replies":[{"embeddable":true,"href":"https:\/\/nimedixmedical.com\/fr\/wp-json\/wp\/v2\/comments?post=100181"}],"wp:featuredmedia":[{"embeddable":true,"href":"https:\/\/nimedixmedical.com\/fr\/wp-json\/wp\/v2\/media\/100182"}],"wp:attachment":[{"href":"https:\/\/nimedixmedical.com\/fr\/wp-json\/wp\/v2\/media?parent=100181"}],"wp:term":[{"taxonomy":"product_brand","embeddable":true,"href":"https:\/\/nimedixmedical.com\/fr\/wp-json\/wp\/v2\/product_brand?post=100181"},{"taxonomy":"product_cat","embeddable":true,"href":"https:\/\/nimedixmedical.com\/fr\/wp-json\/wp\/v2\/product_cat?post=100181"},{"taxonomy":"product_tag","embeddable":true,"href":"https:\/\/nimedixmedical.com\/fr\/wp-json\/wp\/v2\/product_tag?post=100181"}],"curies":[{"name":"wp","href":"https:\/\/api.w.org\/{rel}","templated":true}]}}