{"id":100117,"date":"2025-11-30T19:05:17","date_gmt":"2025-11-30T18:05:17","guid":{"rendered":"https:\/\/nimedixmedical.com\/notre-catalogue\/manche-laryngoscope-heine-standard-25v-led\/"},"modified":"2026-01-12T14:45:23","modified_gmt":"2026-01-12T13:45:23","slug":"manche-laryngoscope-heine-standard-25v-led","status":"publish","type":"product","link":"https:\/\/nimedixmedical.com\/fr\/notre-catalogue\/manche-laryngoscope-heine-standard-25v-led\/","title":{"rendered":"Manche Laryngoscope Heine Standard 2,5v LED"},"content":{"rendered":"<p>Le manche laryngoscope HEINE Standard 2,5V LED est un outil essentiel pour les professionnels de la sant\u00e9 en situation d&#8217;urgence. Il garantit une visibilit\u00e9 optimale lors des intubations gr\u00e2ce \u00e0 sa technologie de pointe et sa conception robuste.<\/p>\n<h2>Caract\u00e9ristiques<\/h2>\n<ul>\n<li>Manche standard f.o. 2,5 V LED (Code HEINE: F-008.22.860).<\/li>\n<li>Offre une lumi\u00e8re 3 fois plus brillante que les ampoules halog\u00e8nes classiques gr\u00e2ce \u00e0 la technologie HEINE HiLite\u00ae.<\/li>\n<li>Les lames HiLite\u00ae garantissent plus de 1 000 lux et une dur\u00e9e de vie de 5 ans ou 4 000 cycles en autoclave \u00e0 134 \u00b0C.<\/li>\n<li>Ampoules X\u00e9non Halog\u00e8ne HEINE XHL\u00ae avec jusqu&#8217;\u00e0 40% de luminosit\u00e9 suppl\u00e9mentaire et dur\u00e9e de vie doubl\u00e9e par rapport aux mod\u00e8les 2,5V standards.<\/li>\n<li>Poign\u00e9es HEINE LEDHQ offrant une intensit\u00e9 lumineuse trois fois sup\u00e9rieure \u00e0 celle des ampoules traditionnelles.<\/li>\n<li>Batteries rechargeables lithium longue dur\u00e9e pour \u00e9viter le remplacement fr\u00e9quent des piles.<\/li>\n<li>Conforme aux normes ISO 7376 pour une compatibilit\u00e9 et une \u00e9coresponsabilit\u00e9 maximales.<\/li>\n<\/ul>\n<h2>Livraison<\/h2>\n<ul>\n<li><strong>France :<\/strong> Livraison directe.<\/li>\n<li><strong>Export (Europe et Afrique) :<\/strong> Sur devis.<\/li>\n<\/ul>\n","protected":false},"excerpt":{"rendered":"<ul>\n<li>Compatible avec les laryngoscopes HEINE pour une utilisation optimale.<\/li>\n<li>Technologie LED pour une luminosit\u00e9 40% sup\u00e9rieure aux ampoules halog\u00e8nes traditionnelles.<\/li>\n<li>Batteries rechargeables pour une dur\u00e9e de vie prolong\u00e9e et une r\u00e9duction des co\u00fbts de remplacement.<\/li>\n<li>Conforme aux normes ISO 7376 pour une utilisation \u00e9coresponsable.<\/li>\n<\/ul>\n","protected":false},"featured_media":100118,"comment_status":"open","ping_status":"open","template":"","meta":{"inline_featured_image":false},"product_brand":[],"product_cat":[811,809,784],"product_tag":[],"class_list":{"0":"post-100117","1":"product","2":"type-product","3":"status-publish","4":"has-post-thumbnail","6":"product_cat-lames-et-manches-a-fibres-optiques","7":"product_cat-laryngoscopes-heine","8":"product_cat-urgences-premiers-secours","10":"first","11":"outofstock","12":"sale","13":"taxable","14":"shipping-taxable","15":"purchasable","16":"product-type-simple"},"_links":{"self":[{"href":"https:\/\/nimedixmedical.com\/fr\/wp-json\/wp\/v2\/product\/100117","targetHints":{"allow":["GET"]}}],"collection":[{"href":"https:\/\/nimedixmedical.com\/fr\/wp-json\/wp\/v2\/product"}],"about":[{"href":"https:\/\/nimedixmedical.com\/fr\/wp-json\/wp\/v2\/types\/product"}],"replies":[{"embeddable":true,"href":"https:\/\/nimedixmedical.com\/fr\/wp-json\/wp\/v2\/comments?post=100117"}],"wp:featuredmedia":[{"embeddable":true,"href":"https:\/\/nimedixmedical.com\/fr\/wp-json\/wp\/v2\/media\/100118"}],"wp:attachment":[{"href":"https:\/\/nimedixmedical.com\/fr\/wp-json\/wp\/v2\/media?parent=100117"}],"wp:term":[{"taxonomy":"product_brand","embeddable":true,"href":"https:\/\/nimedixmedical.com\/fr\/wp-json\/wp\/v2\/product_brand?post=100117"},{"taxonomy":"product_cat","embeddable":true,"href":"https:\/\/nimedixmedical.com\/fr\/wp-json\/wp\/v2\/product_cat?post=100117"},{"taxonomy":"product_tag","embeddable":true,"href":"https:\/\/nimedixmedical.com\/fr\/wp-json\/wp\/v2\/product_tag?post=100117"}],"curies":[{"name":"wp","href":"https:\/\/api.w.org\/{rel}","templated":true}]}}