{"id":100097,"date":"2025-11-30T19:05:17","date_gmt":"2025-11-30T18:05:17","guid":{"rendered":"https:\/\/nimedixmedical.com\/notre-catalogue\/lame-f-o-heine-paed-0\/"},"modified":"2026-01-12T14:45:17","modified_gmt":"2026-01-12T13:45:17","slug":"lame-f-o-heine-paed-0","status":"publish","type":"product","link":"https:\/\/nimedixmedical.com\/fr\/notre-catalogue\/lame-f-o-heine-paed-0\/","title":{"rendered":"Lame F.o. Heine Paed 0"},"content":{"rendered":"<p>La lame F.O. HEINE PAED 0 est un outil essentiel pour les professionnels de la sant\u00e9, offrant une excellente visibilit\u00e9 lors des proc\u00e9dures laryngoscopiques. Con\u00e7ue pour les patients p\u00e9diatriques, elle combine technologie avanc\u00e9e et durabilit\u00e9 pour des performances optimales.<\/p>\n<h2>Caract\u00e9ristiques<\/h2>\n<ul>\n<li>Code HEINE : F-000.22.110<\/li>\n<li>Type de lame : PAED 0<\/li>\n<li>Longueur totale : 82 mm<\/li>\n<li>Largeur distale : 12 mm<\/li>\n<li>Transduction lumineuse sup\u00e9rieure avec plus de 6 500 micro-fibres individuelles.<\/li>\n<li>Dur\u00e9e de vie des ampoules X\u00e9non Halog\u00e8ne HEINE XHL\u00ae : jusqu&#8217;\u00e0 deux fois plus longue que les ampoules standards.<\/li>\n<li>Utilise des batteries rechargeables au lithium 3,5 V pour une efficacit\u00e9 accrue.<\/li>\n<\/ul>\n<h2>Livraison<\/h2>\n<ul>\n<li><strong>France :<\/strong> Livraison directe.<\/li>\n<li><strong>Export (Europe et Afrique) :<\/strong> Sur devis.<\/li>\n<\/ul>\n","protected":false},"excerpt":{"rendered":"<ul>\n<li>Usage : Lame \u00e0 fibre optique HEINE pour laryngoscopes, sp\u00e9cialement con\u00e7ue pour les interventions m\u00e9dicales sur les enfants.<\/li>\n<li>B\u00e9n\u00e9fice : \u00c9clairage sup\u00e9rieur gr\u00e2ce \u00e0 la technologie Fibre Optique HEINE HiLite\u00ae, offrant une luminosit\u00e9 40% plus brillante.<\/li>\n<li>Durabilit\u00e9 : Garantie de 5 ans ou 4 000 cycles en autoclave \u00e0 134 \u00b0C, assurant une long\u00e9vit\u00e9 optimale.<\/li>\n<li>Compatibilit\u00e9 : Norme ISO 7376, adapt\u00e9e aux syst\u00e8mes HEINE 3,5V (LEDHQ ou XHL), facilitant l\u2019int\u00e9gration dans l&#8217;\u00e9quipement m\u00e9dical existant.<\/li>\n<\/ul>\n","protected":false},"featured_media":100098,"comment_status":"open","ping_status":"open","template":"","meta":{"inline_featured_image":false},"product_brand":[],"product_cat":[811,809,784],"product_tag":[],"class_list":{"0":"post-100097","1":"product","2":"type-product","3":"status-publish","4":"has-post-thumbnail","6":"product_cat-lames-et-manches-a-fibres-optiques","7":"product_cat-laryngoscopes-heine","8":"product_cat-urgences-premiers-secours","10":"first","11":"instock","12":"sale","13":"taxable","14":"shipping-taxable","15":"purchasable","16":"product-type-simple"},"_links":{"self":[{"href":"https:\/\/nimedixmedical.com\/fr\/wp-json\/wp\/v2\/product\/100097","targetHints":{"allow":["GET"]}}],"collection":[{"href":"https:\/\/nimedixmedical.com\/fr\/wp-json\/wp\/v2\/product"}],"about":[{"href":"https:\/\/nimedixmedical.com\/fr\/wp-json\/wp\/v2\/types\/product"}],"replies":[{"embeddable":true,"href":"https:\/\/nimedixmedical.com\/fr\/wp-json\/wp\/v2\/comments?post=100097"}],"wp:featuredmedia":[{"embeddable":true,"href":"https:\/\/nimedixmedical.com\/fr\/wp-json\/wp\/v2\/media\/100098"}],"wp:attachment":[{"href":"https:\/\/nimedixmedical.com\/fr\/wp-json\/wp\/v2\/media?parent=100097"}],"wp:term":[{"taxonomy":"product_brand","embeddable":true,"href":"https:\/\/nimedixmedical.com\/fr\/wp-json\/wp\/v2\/product_brand?post=100097"},{"taxonomy":"product_cat","embeddable":true,"href":"https:\/\/nimedixmedical.com\/fr\/wp-json\/wp\/v2\/product_cat?post=100097"},{"taxonomy":"product_tag","embeddable":true,"href":"https:\/\/nimedixmedical.com\/fr\/wp-json\/wp\/v2\/product_tag?post=100097"}],"curies":[{"name":"wp","href":"https:\/\/api.w.org\/{rel}","templated":true}]}}