{"id":100084,"date":"2025-11-30T19:05:17","date_gmt":"2025-11-30T18:05:17","guid":{"rendered":"https:\/\/nimedixmedical.com\/notre-catalogue\/lame-f-o-heine-mac-2\/"},"modified":"2026-01-12T14:45:11","modified_gmt":"2026-01-12T13:45:11","slug":"lame-f-o-heine-mac-2","status":"publish","type":"product","link":"https:\/\/nimedixmedical.com\/fr\/notre-catalogue\/lame-f-o-heine-mac-2\/","title":{"rendered":"Lame F.o. Heine Mac 2"},"content":{"rendered":"<p>La lame F.O. HEINE MAC 2 est con\u00e7ue pour les professionnels de sant\u00e9, offrant une solution fiable et efficace pour les proc\u00e9dures d&#8217;intubation. Gr\u00e2ce \u00e0 sa technologie avanc\u00e9e, elle assure une visibilit\u00e9 optimale et un confort d&#8217;utilisation lors des interventions m\u00e9dicales.<\/p>\n<h2>Caract\u00e9ristiques<\/h2>\n<ul>\n<li><strong>Code HEINE :<\/strong> F-000.22.102<\/li>\n<li><strong>Type de lame :<\/strong> MAC 2<\/li>\n<li><strong>Longueur totale :<\/strong> 115 mm<\/li>\n<li><strong>Largueur distale :<\/strong> 13 mm<\/li>\n<li><strong>Technologie d&#8217;\u00e9clairage :<\/strong> Fibre Optique HEINE HiLite\u00ae offrant jusqu&#8217;\u00e0 6 500 micro-fibres pour une transduction lumineuse sup\u00e9rieure.<\/li>\n<li><strong>Dur\u00e9e de vie des ampoules :<\/strong> Ampoules X\u00e9non Halog\u00e8ne HEINE XHL\u00ae avec jusqu&#8217;\u00e0 40% de luminosit\u00e9 suppl\u00e9mentaire et dur\u00e9e de vie accrue.<\/li>\n<li><strong>Batteries :<\/strong> Rechargeables au lithium, offrant une longue dur\u00e9e sans remplacement fr\u00e9quent.<\/li>\n<li><strong>Normes :<\/strong> Compatible avec les normes ISO 7376 (norme Green).<\/li>\n<\/ul>\n<h2>Livraison<\/h2>\n<ul>\n<li><strong>France :<\/strong> Livraison directe.<\/li>\n<li><strong>Export (Europe et Afrique) :<\/strong> Sur devis.<\/li>\n<\/ul>\n","protected":false},"excerpt":{"rendered":"<ul>\n<li>Usage : Lame \u00e0 fibre optique pour laryngoscopes HEINE, id\u00e9ale pour les intubations difficiles.<\/li>\n<li>B\u00e9n\u00e9fice : \u00c9clairage sup\u00e9rieur gr\u00e2ce \u00e0 la technologie HEINE HiLite\u00ae, offrant jusqu&#8217;\u00e0 40% de luminosit\u00e9 suppl\u00e9mentaire.<\/li>\n<li>Durabilit\u00e9 : Garantie de 5 ans ou 4 000 cycles d&#8217;autoclave \u00e0 134 \u00b0C.<\/li>\n<li>Compatibilit\u00e9 : Conforme aux normes ISO 7376, optimis\u00e9e pour une utilisation avec les syst\u00e8mes HEINE 3,5V.<\/li>\n<\/ul>\n","protected":false},"featured_media":100085,"comment_status":"open","ping_status":"open","template":"","meta":{"inline_featured_image":false},"product_brand":[],"product_cat":[811,809,784],"product_tag":[],"class_list":{"0":"post-100084","1":"product","2":"type-product","3":"status-publish","4":"has-post-thumbnail","6":"product_cat-lames-et-manches-a-fibres-optiques","7":"product_cat-laryngoscopes-heine","8":"product_cat-urgences-premiers-secours","10":"first","11":"instock","12":"sale","13":"taxable","14":"shipping-taxable","15":"purchasable","16":"product-type-simple"},"_links":{"self":[{"href":"https:\/\/nimedixmedical.com\/fr\/wp-json\/wp\/v2\/product\/100084","targetHints":{"allow":["GET"]}}],"collection":[{"href":"https:\/\/nimedixmedical.com\/fr\/wp-json\/wp\/v2\/product"}],"about":[{"href":"https:\/\/nimedixmedical.com\/fr\/wp-json\/wp\/v2\/types\/product"}],"replies":[{"embeddable":true,"href":"https:\/\/nimedixmedical.com\/fr\/wp-json\/wp\/v2\/comments?post=100084"}],"wp:featuredmedia":[{"embeddable":true,"href":"https:\/\/nimedixmedical.com\/fr\/wp-json\/wp\/v2\/media\/100085"}],"wp:attachment":[{"href":"https:\/\/nimedixmedical.com\/fr\/wp-json\/wp\/v2\/media?parent=100084"}],"wp:term":[{"taxonomy":"product_brand","embeddable":true,"href":"https:\/\/nimedixmedical.com\/fr\/wp-json\/wp\/v2\/product_brand?post=100084"},{"taxonomy":"product_cat","embeddable":true,"href":"https:\/\/nimedixmedical.com\/fr\/wp-json\/wp\/v2\/product_cat?post=100084"},{"taxonomy":"product_tag","embeddable":true,"href":"https:\/\/nimedixmedical.com\/fr\/wp-json\/wp\/v2\/product_tag?post=100084"}],"curies":[{"name":"wp","href":"https:\/\/api.w.org\/{rel}","templated":true}]}}