{"id":100081,"date":"2025-11-30T19:05:17","date_gmt":"2025-11-30T18:05:17","guid":{"rendered":"https:\/\/nimedixmedical.com\/notre-catalogue\/lame-f-o-heine-mac-3\/"},"modified":"2026-01-12T14:45:10","modified_gmt":"2026-01-12T13:45:10","slug":"lame-f-o-heine-mac-3","status":"publish","type":"product","link":"https:\/\/nimedixmedical.com\/fr\/notre-catalogue\/lame-f-o-heine-mac-3\/","title":{"rendered":"Lame F.o. Heine Mac 3"},"content":{"rendered":"<p>La lame \u00e0 fibre optique HEINE MAC 3 est con\u00e7ue pour les professionnels de la sant\u00e9, offrant un \u00e9clairage de haute qualit\u00e9 pour des proc\u00e9dures m\u00e9dicales pr\u00e9cises. Sa technologie avanc\u00e9e et sa durabilit\u00e9 en font un choix privil\u00e9gi\u00e9 dans les situations d&#8217;urgence.<\/p>\n<h2>Caract\u00e9ristiques<\/h2>\n<ul>\n<li><strong>Code HEINE:<\/strong> F-000.22.103<\/li>\n<li><strong>Type de lame:<\/strong> MAC 3<\/li>\n<li><strong>Longueur totale:<\/strong> 135 mm<\/li>\n<li><strong>Largueur distale:<\/strong> 15 mm<\/li>\n<li><strong>Technologie:<\/strong> Fibre optique HEINE HiLite\u00ae avec plus de 6 500 micro-fibres.<\/li>\n<li><strong>Dur\u00e9e de vie:<\/strong> Ampoules X\u00e9non Halog\u00e8ne HEINE XHL\u00ae durent deux fois plus longtemps que les ampoules traditionnelles.<\/li>\n<li><strong>Batteries:<\/strong> Rechargeables, \u00e9vitant le remplacement fr\u00e9quent des piles non-rechargeables.<\/li>\n<\/ul>\n<h2>Livraison<\/h2>\n<ul>\n<li><strong>France :<\/strong> Livraison directe.<\/li>\n<li><strong>Export (Europe et Afrique) :<\/strong> Sur devis.<\/li>\n<\/ul>\n","protected":false},"excerpt":{"rendered":"<ul>\n<li>Usage: Lame \u00e0 fibre optique HEINE MAC 3 pour laryngoscopes professionnels.<\/li>\n<li>B\u00e9n\u00e9fice: \u00c9clairement sup\u00e9rieur gr\u00e2ce \u00e0 la technologie HEINE HiLite\u00ae, offrant jusqu&#8217;\u00e0 40% de luminosit\u00e9 en plus.<\/li>\n<li>Durabilit\u00e9: Garantie de 5 ans ou 4 000 cycles en autoclave \u00e0 134 \u00b0C.<\/li>\n<li>Compatibilit\u00e9: Conforme aux normes ISO 7376, garantissant une utilisation s\u00e9curis\u00e9e et efficace.<\/li>\n<\/ul>\n","protected":false},"featured_media":100082,"comment_status":"open","ping_status":"open","template":"","meta":{"inline_featured_image":false},"product_brand":[],"product_cat":[811,809,784],"product_tag":[],"class_list":{"0":"post-100081","1":"product","2":"type-product","3":"status-publish","4":"has-post-thumbnail","6":"product_cat-lames-et-manches-a-fibres-optiques","7":"product_cat-laryngoscopes-heine","8":"product_cat-urgences-premiers-secours","10":"first","11":"instock","12":"sale","13":"taxable","14":"shipping-taxable","15":"purchasable","16":"product-type-simple"},"_links":{"self":[{"href":"https:\/\/nimedixmedical.com\/fr\/wp-json\/wp\/v2\/product\/100081","targetHints":{"allow":["GET"]}}],"collection":[{"href":"https:\/\/nimedixmedical.com\/fr\/wp-json\/wp\/v2\/product"}],"about":[{"href":"https:\/\/nimedixmedical.com\/fr\/wp-json\/wp\/v2\/types\/product"}],"replies":[{"embeddable":true,"href":"https:\/\/nimedixmedical.com\/fr\/wp-json\/wp\/v2\/comments?post=100081"}],"wp:featuredmedia":[{"embeddable":true,"href":"https:\/\/nimedixmedical.com\/fr\/wp-json\/wp\/v2\/media\/100082"}],"wp:attachment":[{"href":"https:\/\/nimedixmedical.com\/fr\/wp-json\/wp\/v2\/media?parent=100081"}],"wp:term":[{"taxonomy":"product_brand","embeddable":true,"href":"https:\/\/nimedixmedical.com\/fr\/wp-json\/wp\/v2\/product_brand?post=100081"},{"taxonomy":"product_cat","embeddable":true,"href":"https:\/\/nimedixmedical.com\/fr\/wp-json\/wp\/v2\/product_cat?post=100081"},{"taxonomy":"product_tag","embeddable":true,"href":"https:\/\/nimedixmedical.com\/fr\/wp-json\/wp\/v2\/product_tag?post=100081"}],"curies":[{"name":"wp","href":"https:\/\/api.w.org\/{rel}","templated":true}]}}