{"id":760,"date":"2014-12-15T07:00:36","date_gmt":"2014-12-15T07:00:36","guid":{"rendered":"http:\/\/nimedixmedical.com\/?page_id=760"},"modified":"2025-12-09T21:50:10","modified_gmt":"2025-12-09T20:50:10","slug":"foire-aux-questions","status":"publish","type":"page","link":"https:\/\/nimedixmedical.com\/fr\/foire-aux-questions\/","title":{"rendered":"Foire aux questions"},"content":{"rendered":"<div class=\"wpb-content-wrapper\"><div class=\"vc_row wpb_row vc_row-fluid vc_custom_1594261948051 vc_column-gap-default ts-row-wide loading\"  data-vc-full-width=\"true\" data-vc-full-width-init=\"false\"  ><div class=\"wpb_column vc_column_container vc_col-sm-12\">\n\t<div class=\"wpb_wrapper\">\n\t\t\t<div class=\"ts-heading heading-2 heading-center text-default \">\n\t\t\t<h2 class=\"heading\">Foire aux questions<\/h2>\n\t\t<\/div>\n\t\t<div  class=\"vc_do_toggle vc_toggle vc_toggle_default vc_toggle_color_default  vc_toggle_size_md vc_toggle_active\"><div class=\"vc_toggle_title\"><h4>Qui est NIMEDIX MEDICAL ?<\/h4><i class=\"vc_toggle_icon\"><\/i><\/div><div class=\"vc_toggle_content\"><p>NIMEDIX MEDICAL est une <strong data-start=\"626\" data-end=\"718\">entreprise fran\u00e7aise sp\u00e9cialis\u00e9e dans la distribution de mat\u00e9riel m\u00e9dical et param\u00e9dical<\/strong>.<br data-start=\"719\" data-end=\"722\" \/>Nous proposons une large gamme d\u2019\u00e9quipements certifi\u00e9s CE et ISO destin\u00e9s aux <strong data-start=\"800\" data-end=\"827\">professionnels de sant\u00e9<\/strong>, aux <strong data-start=\"833\" data-end=\"857\">structures m\u00e9dicales<\/strong> et aux <strong data-start=\"865\" data-end=\"881\">particuliers<\/strong>.<\/p>\n<\/div><\/div><div  class=\"vc_do_toggle vc_toggle vc_toggle_default vc_toggle_color_default  vc_toggle_size_md\"><div class=\"vc_toggle_title\"><h4>Quels types de mat\u00e9riel m\u00e9dical proposez-vous ?<\/h4><i class=\"vc_toggle_icon\"><\/i><\/div><div class=\"vc_toggle_content\"><p data-start=\"953\" data-end=\"1021\">Nous offrons un <strong data-start=\"985\" data-end=\"1006\">catalogue complet<\/strong> comprenant :<\/p>\n<ul data-start=\"1022\" data-end=\"1298\">\n<li data-start=\"1022\" data-end=\"1088\">\n<p data-start=\"1024\" data-end=\"1088\">du mat\u00e9riel de <strong data-start=\"1039\" data-end=\"1053\">diagnostic<\/strong> (tensiom\u00e8tres, oxym\u00e8tres, ECG\u2026),<\/p>\n<\/li>\n<li data-start=\"1089\" data-end=\"1152\">\n<p data-start=\"1091\" data-end=\"1152\">du <strong data-start=\"1094\" data-end=\"1114\">mobilier m\u00e9dical<\/strong> (tables d\u2019examen, lits, chariots\u2026),<\/p>\n<\/li>\n<li data-start=\"1153\" data-end=\"1200\">\n<p data-start=\"1155\" data-end=\"1200\">du <strong data-start=\"1158\" data-end=\"1197\">mat\u00e9riel de r\u00e9\u00e9ducation et de soins<\/strong>,<\/p>\n<\/li>\n<li data-start=\"1201\" data-end=\"1248\">\n<p data-start=\"1203\" data-end=\"1248\">des <strong data-start=\"1207\" data-end=\"1245\">produits d\u2019hygi\u00e8ne et consommables<\/strong>,<\/p>\n<\/li>\n<li data-start=\"1249\" data-end=\"1298\">\n<p data-start=\"1251\" data-end=\"1298\">ainsi que des <strong data-start=\"1265\" data-end=\"1295\">\u00e9quipements de laboratoire<\/strong>.<\/p>\n<\/li>\n<\/ul>\n<p data-start=\"1300\" data-end=\"1402\">Tous nos produits sont <strong data-start=\"1323\" data-end=\"1378\">s\u00e9lectionn\u00e9s pour leur fiabilit\u00e9 et leur conformit\u00e9<\/strong> aux normes europ\u00e9ennes.<\/p>\n<\/div><\/div><div  class=\"vc_do_toggle vc_toggle vc_toggle_default vc_toggle_color_default  vc_toggle_size_md\"><div class=\"vc_toggle_title\"><h4>Livrez-vous \u00e0 l\u2019international ?<\/h4><i class=\"vc_toggle_icon\"><\/i><\/div><div class=\"vc_toggle_content\"><p>Oui.\u00a0NIMEDIX MEDICAL livre en <strong data-start=\"1504\" data-end=\"1514\">France<\/strong>, dans toute l\u2019<strong data-start=\"1529\" data-end=\"1539\">Europe<\/strong>, ainsi qu\u2019en <strong data-start=\"1553\" data-end=\"1576\">Afrique francophone<\/strong>.<br data-start=\"1577\" data-end=\"1580\" \/>Nos solutions logistiques couvrent les principaux pays tels que le <strong data-start=\"1647\" data-end=\"1656\">B\u00e9nin<\/strong>, le <strong data-start=\"1661\" data-end=\"1672\">S\u00e9n\u00e9gal<\/strong>, la <strong data-start=\"1677\" data-end=\"1694\">C\u00f4te d\u2019Ivoire<\/strong>, le <strong data-start=\"1699\" data-end=\"1707\">Togo<\/strong>, et le <strong data-start=\"1715\" data-end=\"1727\">Cameroun<\/strong>&#8230;<br data-start=\"1728\" data-end=\"1731\" \/>Les d\u00e9lais varient de <strong data-start=\"1753\" data-end=\"1776\">3 \u00e0 7 jours ouvr\u00e9s<\/strong> selon la destination.<\/p>\n<\/div><\/div><div  class=\"vc_do_toggle vc_toggle vc_toggle_default vc_toggle_color_default  vc_toggle_size_md\"><div class=\"vc_toggle_title\"><h4>Quels sont les moyens de paiement accept\u00e9s ?<\/h4><i class=\"vc_toggle_icon\"><\/i><\/div><div class=\"vc_toggle_content\"><ul data-start=\"1882\" data-end=\"2076\">\n<li data-start=\"1882\" data-end=\"1959\">\n<p data-start=\"1884\" data-end=\"1959\">En <strong data-start=\"1887\" data-end=\"1897\">France<\/strong> : carte bancaire (via Stripe), PayPal ou virement bancaire.<\/p>\n<\/li>\n<li data-start=\"1960\" data-end=\"2076\">\n<p data-start=\"1962\" data-end=\"2076\">En <strong data-start=\"1965\" data-end=\"1998\">Afrique et Europe hors France<\/strong> : le paiement se fait <strong data-start=\"2021\" data-end=\"2034\">sur devis<\/strong> via virement bancaire apr\u00e8s validation.<\/p>\n<\/li>\n<\/ul>\n<p data-start=\"2078\" data-end=\"2139\">Chaque transaction est <strong data-start=\"2101\" data-end=\"2138\">s\u00e9curis\u00e9e et confirm\u00e9e par e-mail<\/strong>.<\/p>\n<\/div><\/div><div  class=\"vc_do_toggle vc_toggle vc_toggle_default vc_toggle_color_default  vc_toggle_size_md\"><div class=\"vc_toggle_title\"><h4>Quels sont les d\u00e9lais de livraison ?<\/h4><i class=\"vc_toggle_icon\"><\/i><\/div><div class=\"vc_toggle_content\"><p data-start=\"2199\" data-end=\"2261\">Les d\u00e9lais d\u00e9pendent de votre localisation :<\/p>\n<ul data-start=\"2262\" data-end=\"2547\">\n<li data-start=\"2262\" data-end=\"2312\">\n<p data-start=\"2264\" data-end=\"2312\"><strong data-start=\"2264\" data-end=\"2289\">France m\u00e9tropolitaine<\/strong> : 1 \u00e0 3 jours ouvr\u00e9s<\/p>\n<\/li>\n<li data-start=\"2313\" data-end=\"2354\">\n<p data-start=\"2315\" data-end=\"2354\"><strong data-start=\"2315\" data-end=\"2337\">Europe hors France<\/strong> : 1 \u00e0 3 jours<\/p>\n<\/li>\n<li data-start=\"2355\" data-end=\"2547\">\n<p data-start=\"2357\" data-end=\"2547\"><strong data-start=\"2357\" data-end=\"2368\">Afrique<\/strong> : 3 \u00e0 7 jours selon le transport (a\u00e9rien ou maritime)<br data-start=\"2423\" data-end=\"2426\" \/>Nous travaillons avec des transporteurs sp\u00e9cialis\u00e9s dans les <strong data-start=\"2487\" data-end=\"2511\">\u00e9quipements m\u00e9dicaux<\/strong> pour garantir rapidit\u00e9 et s\u00e9curit\u00e9.<\/p>\n<\/li>\n<\/ul>\n<\/div><\/div><div  class=\"vc_do_toggle vc_toggle vc_toggle_default vc_toggle_color_default  vc_toggle_size_md\"><div class=\"vc_toggle_title\"><h4>Proposez-vous du mat\u00e9riel m\u00e9dical reconditionn\u00e9 ?<\/h4><i class=\"vc_toggle_icon\"><\/i><\/div><div class=\"vc_toggle_content\"><p>Oui, nous proposons une <strong data-start=\"2987\" data-end=\"3029\">s\u00e9lection d\u2019\u00e9quipements reconditionn\u00e9s<\/strong> et test\u00e9s par nos techniciens agr\u00e9\u00e9s.<br data-start=\"3067\" data-end=\"3070\" \/>Chaque produit est <strong data-start=\"3089\" data-end=\"3121\">contr\u00f4l\u00e9, nettoy\u00e9 et garanti<\/strong>, une solution id\u00e9ale pour les structures cherchant un <strong data-start=\"3176\" data-end=\"3210\">excellent rapport qualit\u00e9\/prix<\/strong>.<\/p>\n<\/div><\/div><div  class=\"vc_do_toggle vc_toggle vc_toggle_default vc_toggle_color_default  vc_toggle_size_md\"><div class=\"vc_toggle_title\"><h4>Fournissez-vous une facture et une garantie ?<\/h4><i class=\"vc_toggle_icon\"><\/i><\/div><div class=\"vc_toggle_content\"><p data-start=\"3280\" data-end=\"3485\">Oui, chaque commande donne lieu \u00e0 une <strong data-start=\"3334\" data-end=\"3355\">facture d\u00e9taill\u00e9e<\/strong> et \u00e0 une <strong data-start=\"3365\" data-end=\"3403\">garantie fabricant ou distributeur<\/strong>.<br data-start=\"3404\" data-end=\"3407\" \/>La dur\u00e9e de garantie varie selon les produits (g\u00e9n\u00e9ralement 6<strong data-start=\"3467\" data-end=\"3483\">\u00a0\u00e0 24 mois<\/strong>).<\/p>\n<\/div><\/div><div  class=\"vc_do_toggle vc_toggle vc_toggle_default vc_toggle_color_default  vc_toggle_size_md\"><div class=\"vc_toggle_title\"><h4>Est-il possible d\u2019obtenir des conseils avant achat ?<\/h4><i class=\"vc_toggle_icon\"><\/i><\/div><div class=\"vc_toggle_content\"><p>Absolument.<br data-start=\"3590\" data-end=\"3593\" \/>Notre \u00e9quipe vous accompagne dans le <strong data-start=\"3630\" data-end=\"3666\">choix du mat\u00e9riel le plus adapt\u00e9<\/strong> \u00e0 votre structure ou \u00e0 vos besoins.<br data-start=\"3702\" data-end=\"3705\" \/><a href=\"https:\/\/nimedixmedical.com\/contact-devis-materiel-medical\/\">Contactez-nous<\/a> par e-mail ou WhatsApp pour b\u00e9n\u00e9ficier d\u2019un <strong data-start=\"3764\" data-end=\"3795\">accompagnement personnalis\u00e9<\/strong>.<\/p>\n<\/div><\/div><div  class=\"vc_do_toggle vc_toggle vc_toggle_default vc_toggle_color_default  vc_toggle_size_md\"><div class=\"vc_toggle_title\"><h4>Assurez-vous le service apr\u00e8s-vente ?<\/h4><i class=\"vc_toggle_icon\"><\/i><\/div><div class=\"vc_toggle_content\"><p data-start=\"3858\" data-end=\"3960\">Oui, <strong data-start=\"3879\" data-end=\"3939\">NIMEDIX Medical dispose d\u2019un service apr\u00e8s-vente r\u00e9actif<\/strong>.<br data-start=\"3940\" data-end=\"3943\" \/>Nous assurons :<\/p>\n<ul data-start=\"3961\" data-end=\"4143\">\n<li data-start=\"3961\" data-end=\"4007\">\n<p data-start=\"3963\" data-end=\"4007\">la <strong data-start=\"3966\" data-end=\"4004\">maintenance \u00e0 distance ou sur site<\/strong>,<\/p>\n<\/li>\n<li data-start=\"4008\" data-end=\"4056\">\n<p data-start=\"4010\" data-end=\"4056\">le <strong data-start=\"4013\" data-end=\"4053\">remplacement des pi\u00e8ces d\u00e9fectueuses<\/strong>,<\/p>\n<\/li>\n<li data-start=\"4057\" data-end=\"4143\">\n<p data-start=\"4059\" data-end=\"4143\">et l\u2019<strong data-start=\"4064\" data-end=\"4088\">assistance technique<\/strong> pour l\u2019installation et la calibration des appareils.<\/p>\n<\/li>\n<\/ul>\n<\/div><\/div><div  class=\"vc_do_toggle vc_toggle vc_toggle_default vc_toggle_color_default  vc_toggle_size_md\"><div class=\"vc_toggle_title\"><h4>Puis-je acheter directement en ligne ?<\/h4><i class=\"vc_toggle_icon\"><\/i><\/div><div class=\"vc_toggle_content\"><p>Oui, si vous \u00eates en <strong data-start=\"4243\" data-end=\"4253\">France<\/strong>, vous pouvez acheter directement via notre site s\u00e9curis\u00e9.<br data-start=\"4311\" data-end=\"4314\" \/>Pour les autres zones (Europe, Afrique), il vous suffit d\u2019<strong data-start=\"4372\" data-end=\"4404\">envoyer une demande de devis<\/strong> avant achat.<\/p>\n<\/div><\/div>\t<\/div>\n<\/div><\/div><div class=\"vc_row-full-width\"><\/div>\t<div  class=\"vc_row wpb_row vc_row-fluid vc_column-gap-default ts-row-wide\"  ><div class=\"wpb_column vc_column_container vc_col-sm-12 vc_hidden-md vc_hidden-sm vc_hidden-xs\">\n\t<div class=\"wpb_wrapper\">\n\t<div class=\"vc_empty_space\"   style=\"height: 50px\"><span class=\"vc_empty_space_inner\"><\/span><\/div>\t<\/div>\n<\/div><\/div>\n<\/div>","protected":false},"excerpt":{"rendered":"Foire aux questions Qui est NIMEDIX MEDICAL ?NIMEDIX MEDICAL est une entreprise fran\u00e7aise sp\u00e9cialis\u00e9e dans la distribution de mat\u00e9riel m\u00e9dical et param\u00e9dical.Nous proposons une large gamme d\u2019\u00e9quipements certifi\u00e9s CE et ISO destin\u00e9s aux professionnels de sant\u00e9, aux structures m\u00e9dicales et aux particuliers. Quels types de mat\u00e9riel m\u00e9dical proposez-vous ?Nous offrons un catalogue complet comprenant : [...]","protected":false},"author":1,"featured_media":0,"parent":0,"menu_order":0,"comment_status":"closed","ping_status":"closed","template":"","meta":{"inline_featured_image":false,"footnotes":""},"class_list":["post-760","page","type-page","status-publish","hentry"],"_links":{"self":[{"href":"https:\/\/nimedixmedical.com\/fr\/wp-json\/wp\/v2\/pages\/760","targetHints":{"allow":["GET"]}}],"collection":[{"href":"https:\/\/nimedixmedical.com\/fr\/wp-json\/wp\/v2\/pages"}],"about":[{"href":"https:\/\/nimedixmedical.com\/fr\/wp-json\/wp\/v2\/types\/page"}],"author":[{"embeddable":true,"href":"https:\/\/nimedixmedical.com\/fr\/wp-json\/wp\/v2\/users\/1"}],"replies":[{"embeddable":true,"href":"https:\/\/nimedixmedical.com\/fr\/wp-json\/wp\/v2\/comments?post=760"}],"version-history":[{"count":1,"href":"https:\/\/nimedixmedical.com\/fr\/wp-json\/wp\/v2\/pages\/760\/revisions"}],"predecessor-version":[{"id":116562,"href":"https:\/\/nimedixmedical.com\/fr\/wp-json\/wp\/v2\/pages\/760\/revisions\/116562"}],"wp:attachment":[{"href":"https:\/\/nimedixmedical.com\/fr\/wp-json\/wp\/v2\/media?parent=760"}],"curies":[{"name":"wp","href":"https:\/\/api.w.org\/{rel}","templated":true}]}}