{"id":1613,"date":"2015-02-03T14:49:09","date_gmt":"2015-02-03T14:49:09","guid":{"rendered":"http:\/\/nimedixmedical.com\/?page_id=1613"},"modified":"2026-03-13T09:13:20","modified_gmt":"2026-03-13T08:13:20","slug":"contact-devis-materiel-medical","status":"publish","type":"page","link":"https:\/\/nimedixmedical.com\/fr\/contact-devis-materiel-medical\/","title":{"rendered":"Contact &#038; Devis"},"content":{"rendered":"<div class=\"wpb-content-wrapper\"><div class=\"vc_row wpb_row vc_row-fluid vc_column-gap-default ts-row-wide\"  ><div class=\"wpb_column vc_column_container vc_col-sm-12\">\n\t<div class=\"wpb_wrapper\">\n\t<div class=\"vc_empty_space\"   style=\"height: 30px\"><span class=\"vc_empty_space_inner\"><\/span><\/div>\t<\/div>\n<\/div><\/div><section class=\"vc_section\">\t<div  class=\"vc_row wpb_row vc_row-fluid vc_custom_1604285148356 vc_column-gap-default ts-row-wide\"  ><div class=\"wpb_column vc_column_container vc_col-sm-12\">\n\t<div class=\"wpb_wrapper\">\n\t<h1 style=\"color: #003333;text-align: center\" class=\"vc_custom_heading vc_do_custom_heading h1-big vc_custom_1759775428533\" >Contact &amp; Devis Mat\u00e9riel M\u00e9dical \u2013<br \/>\nNIMEDIX MEDICAL<\/h1><div class=\"vc_row wpb_row vc_inner vc_row-fluid vc_column-gap-default\"><div class=\"wpb_column vc_column_container vc_col-sm-12\"><div class=\"vc_column-inner\"><div class=\"wpb_wrapper\"><div class=\"vc_empty_space\"   style=\"height: 20px\"><span class=\"vc_empty_space_inner\"><\/span><\/div><\/div><\/div><\/div><\/div><div class=\"vc_row wpb_row vc_inner vc_row-fluid vc_custom_1604287313828 vc_column-gap-default vc_row-o-equal-height vc_row-o-content-middle vc_row-flex\"><div class=\"wpb_column vc_column_container vc_col-sm-6\"><div class=\"vc_column-inner\"><div class=\"wpb_wrapper\">\t\t<div class=\"ts-single-image ts-effect-image ts-aligncenter eff-image-scale ts-single-image-1 banner-radius\">\n\t\t\t<div class=\"ts-shortcode-custom-style hidden\">.ts-single-image-1:hover .overlay{background-color:#ffffff}<\/div>\t\t\t<a title=\"Nimedix M\u00e9dical\" target=\"_blank\" class=\"image-link\" href=\"\" >\n\t\t\t\t<img loading=\"lazy\" decoding=\"async\" width=\"853\" height=\"640\" src=\"https:\/\/nimedixmedical.com\/wp-content\/uploads\/2025\/04\/56512-2.jpg\" class=\"img\" alt=\"\" srcset=\"https:\/\/nimedixmedical.com\/wp-content\/uploads\/2025\/04\/56512-2.jpg 853w, https:\/\/nimedixmedical.com\/wp-content\/uploads\/2025\/04\/56512-2-300x225.jpg 300w, https:\/\/nimedixmedical.com\/wp-content\/uploads\/2025\/04\/56512-2-768x576.jpg 768w, https:\/\/nimedixmedical.com\/wp-content\/uploads\/2025\/04\/56512-2-600x450.jpg 600w, https:\/\/nimedixmedical.com\/wp-content\/uploads\/2025\/04\/56512-2-310x233.jpg 310w\" sizes=\"auto, (max-width: 853px) 100vw, 853px\">\t\t\t\t<span class=\"overlay\"><\/span>\n\t\t\t<\/a>\n\t\t<\/div>\n\t\t<div class=\"vc_empty_space\"   style=\"height: 30px\"><span class=\"vc_empty_space_inner\"><\/span><\/div><\/div><\/div><\/div><div class=\"wpb_column vc_column_container vc_col-sm-6\"><div class=\"vc_column-inner\"><div class=\"wpb_wrapper\">\n\t<div class=\"wpb_text_column wpb_content_element vc_custom_1761670971302\" >\n\t\t<div class=\"wpb_wrapper\">\n\t\t\t<h2 data-start=\"1387\" data-end=\"1492\">Vous recherchez un <strong data-start=\"1406\" data-end=\"1448\">fournisseur fiable de mat\u00e9riel m\u00e9dical<\/strong> pour votre h\u00f4pital, clinique ou cabinet ?<\/h2>\n<h3 class=\"font-normal\">Obtenez un <strong data-start=\"1698\" data-end=\"1729\">devis personnalis\u00e9 sous 24h<\/strong> selon vos besoins et votre zone g\u00e9ographique.<\/h3>\n<p data-start=\"1499\" data-end=\"1677\">Chez <strong data-start=\"1504\" data-end=\"1523\">NIMEDIX MEDICAL<\/strong>, nous vous accompagnons dans vos achats et importations d\u2019\u00e9quipements m\u00e9dicaux <strong data-start=\"1603\" data-end=\"1626\">neufs et d\u2019occasion<\/strong>, en <strong data-start=\"1631\" data-end=\"1641\">France<\/strong>, en <strong data-start=\"1646\" data-end=\"1656\">Europe<\/strong> et en <strong data-start=\"1663\" data-end=\"1674\">Afrique<\/strong>.<\/p>\n\n\t\t<\/div>\n\t<\/div>\n<\/div><\/div><\/div><\/div><div class=\"vc_row wpb_row vc_inner vc_row-fluid vc_column-gap-default\"><div class=\"wpb_column vc_column_container vc_col-sm-12\"><div class=\"vc_column-inner\"><div class=\"wpb_wrapper\"><div class=\"vc_empty_space\"   style=\"height: 30px\"><span class=\"vc_empty_space_inner\"><\/span><\/div><\/div><\/div><\/div><\/div>\t<\/div>\n<\/div><\/div>\t<div  class=\"vc_row wpb_row vc_row-fluid vc_custom_1597046980214 vc_column-gap-default ts-row-wide\"  ><div class=\"wpb_column vc_column_container vc_col-sm-12 vc_col-lg-4 vc_col-md-4\">\n\t<div class=\"wpb_wrapper\">\n\t<h2 style=\"color: #003333;text-align: left\" class=\"vc_custom_heading vc_do_custom_heading\" >Coordonn\u00e9es NIMEDIX MEDICAL<br \/>\n&amp; Zones d\u2019intervention<\/h2>\n\t<div class=\"wpb_text_column wpb_content_element vc_custom_1773389483850\" >\n\t\t<div class=\"wpb_wrapper\">\n\t\t\t<p data-start=\"2306\" data-end=\"2411\">NIMEDIX MEDICAL est votre <strong data-start=\"2171\" data-end=\"2220\">fournisseur international de mat\u00e9riel m\u00e9dical<\/strong>, pr\u00e9sent en <strong data-start=\"2233\" data-end=\"2243\">France, en Europe<\/strong>\u00a0et \u00e0 travers l\u2019<strong data-start=\"2273\" data-end=\"2296\">Afrique<\/strong>.<\/p>\n<p data-start=\"2306\" data-end=\"2411\">Nos \u00e9quipes r\u00e9pondent \u00e0 toutes vos <strong data-start=\"2341\" data-end=\"2362\">demandes de devis<\/strong>, <strong data-start=\"2364\" data-end=\"2377\">commandes<\/strong> ou <strong data-start=\"2381\" data-end=\"2408\">informations techniques<\/strong>.<\/p>\n<h4 data-start=\"2453\" data-end=\"2488\"><strong data-start=\"2453\" data-end=\"2468\">France :<\/strong> (+33) 2 54 08 20 38<\/h4>\n<h4 data-start=\"2530\" data-end=\"2573\"><strong data-start=\"2530\" data-end=\"2544\">Email :<\/strong> <a class=\"decorated-link cursor-pointer\" href=\"mailto:contact@nimedixmedical.com\" rel=\"noopener\" data-start=\"2545\" data-end=\"2571\">contact@nimedixmedical.com<\/a><\/h4>\n\n\t\t<\/div>\n\t<\/div>\n<div class=\"vc_row wpb_row vc_inner vc_row-fluid vc_column-gap-default\"><div class=\"wpb_column vc_column_container vc_col-sm-12 vc_hidden-md vc_hidden-sm vc_hidden-xs\"><div class=\"vc_column-inner\"><div class=\"wpb_wrapper\"><div class=\"vc_empty_space\"   style=\"height: 15px\"><span class=\"vc_empty_space_inner\"><\/span><\/div><\/div><\/div><\/div><\/div><div class=\"vc_separator wpb_content_element vc_separator_align_center vc_sep_width_90 vc_sep_pos_align_left vc_separator_no_text wpb_content_element  wpb_content_element\" ><span class=\"vc_sep_holder vc_sep_holder_l\"><span style=\"border-color:#e7eaf1;\" class=\"vc_sep_line\"><\/span><\/span><span class=\"vc_sep_holder vc_sep_holder_r\"><span style=\"border-color:#e7eaf1;\" class=\"vc_sep_line\"><\/span><\/span>\n<\/div><div class=\"vc_row wpb_row vc_inner vc_row-fluid vc_column-gap-default\"><div class=\"wpb_column vc_column_container vc_col-sm-12 vc_hidden-md vc_hidden-sm vc_hidden-xs\"><div class=\"vc_column-inner\"><div class=\"wpb_wrapper\"><div class=\"vc_empty_space\"   style=\"height: 15px\"><span class=\"vc_empty_space_inner\"><\/span><\/div><\/div><\/div><\/div><\/div>\n\t<div class=\"wpb_text_column wpb_content_element vc_custom_1773389564649\" >\n\t\t<div class=\"wpb_wrapper\">\n\t\t\t<p data-start=\"2606\" data-end=\"2657\">Horaires : Lundi \u00e0 Vendredi \u2014 9h \u00e0 17h<\/p>\n<p data-start=\"2606\" data-end=\"2657\">Livraison possible en France, Europe et Afrique.<\/p>\n\n\t\t<\/div>\n\t<\/div>\n<div class=\"vc_empty_space\"   style=\"height: 32px\"><span class=\"vc_empty_space_inner\"><\/span><\/div>\t<\/div>\n<\/div><div class=\"wpb_column vc_column_container vc_col-sm-12 vc_col-lg-8 vc_col-md-8\">\n\t<div class=\"wpb_wrapper\">\n\t\t\t\t<div class=\"google-map-embed\">\n\t\t\t\t<iframe frameborder=\"0\" scrolling=\"no\" marginheight=\"0\" marginwidth=\"0\"\n\t\t\t\t\t\tsrc=\"https:\/\/maps.google.com\/maps?q=88%20rue%20de%20belle%20rive%2036000%20Ch%C3%A2teauroux&#038;t=m&#038;z=12&#038;output=embed&#038;iwloc=near\"\n\t\t\t\t\t\theight=\"604\"\n\t\t\t\t\t\twidth=\"100%\"\n\t\t\t\t\t\ttitle=\"88 rue de belle rive 36000 Ch\u00e2teauroux\"\n\t\t\t\t\t\taria-label=\"88 rue de belle rive 36000 Ch\u00e2teauroux\"\n\t\t\t\t><\/iframe>\n\t\t\t<\/div>\n\t\t\t\t<\/div>\n<\/div><\/div>\t<div id='demande-de-devis' class=\"vc_row wpb_row vc_row-fluid vc_custom_1759775388195 vc_column-gap-default ts-row-wide\"  ><div class=\"wpb_column vc_column_container vc_col-sm-12\">\n\t<div class=\"wpb_wrapper\">\n\t<div class=\"vc_empty_space\"   style=\"height: 20px\"><span class=\"vc_empty_space_inner\"><\/span><\/div><h2 style=\"color: #003333;text-align: center\" class=\"vc_custom_heading vc_do_custom_heading vc_custom_1761559060863\" >Contactez-nous pour votre Mat\u00e9riel M\u00e9dical<\/h2><div class=\"vc_row wpb_row vc_inner vc_row-fluid vc_column-gap-default\"><div class=\"wpb_column vc_column_container vc_col-sm-2\"><div class=\"vc_column-inner\"><div class=\"wpb_wrapper\"><\/div><\/div><\/div><div class=\"wpb_column vc_column_container vc_col-sm-8\"><div class=\"vc_column-inner\"><div class=\"wpb_wrapper\">\n\t<div class=\"wpb_text_column wpb_content_element vc_custom_1761559333426\" >\n\t\t<div class=\"wpb_wrapper\">\n\t\t\t<p style=\"text-align: center;\">Remplissez le formulaire ci-dessous pour recevoir un <strong data-start=\"2912\" data-end=\"2945\">devis complet et personnalis\u00e9 ou distribuez nos produits<\/strong>.<br data-start=\"2946\" data-end=\"2949\" \/>Notre \u00e9quipe vous r\u00e9pondra sous <strong data-start=\"2983\" data-end=\"3004\">24 heures ouvr\u00e9es<\/strong> avec une offre adapt\u00e9e \u00e0 votre besoin (achat, importation ou reconditionn\u00e9).<\/p>\n\n\t\t<\/div>\n\t<\/div>\n\n<div class=\"wpcf7 no-js\" id=\"wpcf7-f63-o1\" lang=\"fr-FR\" dir=\"ltr\" data-wpcf7-id=\"63\">\n<div class=\"screen-reader-response\"><p role=\"status\" aria-live=\"polite\" aria-atomic=\"true\"><\/p> <ul><\/ul><\/div>\n<form action=\"\/fr\/wp-json\/wp\/v2\/pages\/1613#wpcf7-f63-o1\" method=\"post\" class=\"wpcf7-form init\" aria-label=\"Formulaire de contact\" novalidate=\"novalidate\" data-status=\"init\">\n<fieldset class=\"hidden-fields-container\"><input type=\"hidden\" name=\"_wpcf7\" value=\"63\" \/><input type=\"hidden\" name=\"_wpcf7_version\" value=\"6.1.5\" \/><input type=\"hidden\" name=\"_wpcf7_locale\" value=\"fr_FR\" \/><input type=\"hidden\" name=\"_wpcf7_unit_tag\" value=\"wpcf7-f63-o1\" \/><input type=\"hidden\" name=\"_wpcf7_container_post\" value=\"0\" \/><input type=\"hidden\" name=\"_wpcf7_posted_data_hash\" value=\"\" \/>\n<\/fieldset>\n<p><label> Votre nom<br \/>\n<span class=\"wpcf7-form-control-wrap\" data-name=\"your-name\"><input size=\"40\" maxlength=\"400\" class=\"wpcf7-form-control wpcf7-text wpcf7-validates-as-required\" autocomplete=\"name\" aria-required=\"true\" aria-invalid=\"false\" value=\"\" type=\"text\" name=\"your-name\" \/><\/span> <\/label>\n<\/p>\n<p><label> Votre e-mail<br \/>\n<span class=\"wpcf7-form-control-wrap\" data-name=\"your-email\"><input size=\"40\" maxlength=\"400\" class=\"wpcf7-form-control wpcf7-email wpcf7-validates-as-required wpcf7-text wpcf7-validates-as-email\" autocomplete=\"email\" aria-required=\"true\" aria-invalid=\"false\" value=\"\" type=\"email\" name=\"your-email\" \/><\/span> <\/label>\n<\/p>\n<p><label> Objet<br \/>\n<span class=\"wpcf7-form-control-wrap\" data-name=\"your-subject\"><input size=\"40\" maxlength=\"400\" class=\"wpcf7-form-control wpcf7-text wpcf7-validates-as-required\" aria-required=\"true\" aria-invalid=\"false\" value=\"\" type=\"text\" name=\"your-subject\" \/><\/span> <\/label>\n<\/p>\n<p><label> Nom de l'entreprise (facultatif)<br \/>\n<span class=\"wpcf7-form-control-wrap\" data-name=\"your-company\"><input size=\"40\" maxlength=\"400\" class=\"wpcf7-form-control wpcf7-text\" aria-invalid=\"false\" value=\"\" type=\"text\" name=\"your-company\" \/><\/span> <\/label>\n<\/p>\n<p><label> Votre message<br \/>\n<span class=\"wpcf7-form-control-wrap\" data-name=\"your-message\"><textarea cols=\"40\" rows=\"10\" maxlength=\"2000\" class=\"wpcf7-form-control wpcf7-textarea wpcf7-validates-as-required\" aria-required=\"true\" aria-invalid=\"false\" name=\"your-message\"><\/textarea><\/span> <\/label>\n<\/p>\n<p><input class=\"wpcf7-form-control wpcf7-submit has-spinner\" type=\"submit\" value=\"Envoyer\" \/>\n<\/p><div class=\"wpcf7-response-output\" aria-hidden=\"true\"><\/div>\n<\/form>\n<\/div>\n<\/div><\/div><\/div><div class=\"wpb_column vc_column_container vc_col-sm-2\"><div class=\"vc_column-inner\"><div class=\"wpb_wrapper\"><\/div><\/div><\/div><\/div><div class=\"vc_row wpb_row vc_inner vc_row-fluid vc_column-gap-default\"><div class=\"wpb_column vc_column_container vc_col-sm-12\"><div class=\"vc_column-inner\"><div class=\"wpb_wrapper\"><div class=\"vc_empty_space\"   style=\"height: 20px\"><span class=\"vc_empty_space_inner\"><\/span><\/div><div class=\"vc_empty_space\"   style=\"height: 20px\"><span class=\"vc_empty_space_inner\"><\/span><\/div><\/div><\/div><\/div><\/div><div class=\"vc_row wpb_row vc_inner vc_row-fluid vc_custom_1604287313828 vc_column-gap-default vc_row-o-equal-height vc_row-o-content-middle vc_row-flex\"><div class=\"wpb_column vc_column_container vc_col-sm-6\"><div class=\"vc_column-inner\"><div class=\"wpb_wrapper\">\t\t<div class=\"ts-single-image ts-effect-image ts-aligncenter eff-image-scale ts-single-image-2 banner-radius\">\n\t\t\t<div class=\"ts-shortcode-custom-style hidden\">.ts-single-image-2:hover .overlay{background-color:#ffffff}<\/div>\t\t\t<a title=\"\" target=\"_blank\" class=\"image-link\" href=\"\" >\n\t\t\t\t<img loading=\"lazy\" decoding=\"async\" width=\"626\" height=\"352\" src=\"https:\/\/nimedixmedical.com\/wp-content\/uploads\/2025\/10\/tubes-essai-medicaux-du-sang-bureau-laboratoire_482257-9074.avif\" class=\"img\" alt=\"Mat\u00e9riel M\u00e9dical - Image tubes-essai-medicaux-du-sang-bureau-laboratoire Contact Nimedix Medical\" srcset=\"https:\/\/nimedixmedical.com\/wp-content\/uploads\/2025\/10\/tubes-essai-medicaux-du-sang-bureau-laboratoire_482257-9074.avif 626w, https:\/\/nimedixmedical.com\/wp-content\/uploads\/2025\/10\/tubes-essai-medicaux-du-sang-bureau-laboratoire_482257-9074-300x169.avif 300w, https:\/\/nimedixmedical.com\/wp-content\/uploads\/2025\/10\/tubes-essai-medicaux-du-sang-bureau-laboratoire_482257-9074-600x337.avif 600w, https:\/\/nimedixmedical.com\/wp-content\/uploads\/2025\/10\/tubes-essai-medicaux-du-sang-bureau-laboratoire_482257-9074-310x174.avif 310w\" sizes=\"auto, (max-width: 626px) 100vw, 626px\" \/>\t\t\t\t<span class=\"overlay\"><\/span>\n\t\t\t<\/a>\n\t\t<\/div>\n\t\t<div class=\"vc_empty_space\"   style=\"height: 30px\"><span class=\"vc_empty_space_inner\"><\/span><\/div><\/div><\/div><\/div><div class=\"wpb_column vc_column_container vc_col-sm-6\"><div class=\"vc_column-inner\"><div class=\"wpb_wrapper\">\n\t<div class=\"wpb_text_column wpb_content_element vc_custom_1759775557319\" >\n\t\t<div class=\"wpb_wrapper\">\n\t\t\t<h2>Service Apr\u00e8s-Vente &amp; Assistance Technique<\/h2>\n<h3 class=\"font-normal\">Votre satisfaction continue apr\u00e8s l\u2019achat<\/h3>\n<p>Chez <strong data-start=\"3435\" data-end=\"3454\">NIMEDIX MEDICAL<\/strong>, notre engagement ne s\u2019arr\u00eate pas \u00e0 la vente.<br data-start=\"3500\" data-end=\"3503\" \/>Nous assurons un <strong data-start=\"3522\" data-end=\"3555\">suivi complet et personnalis\u00e9<\/strong> pour garantir la performance et la durabilit\u00e9 de vos <strong data-start=\"3609\" data-end=\"3633\">\u00e9quipements m\u00e9dicaux<\/strong>.<\/p>\n<ul class=\"ul-style check primary-color\" style=\"font-size: 14px; margin-bottom: 20px;\">\n<li>Assistance technique \u00e0 distance et sur site<\/li>\n<li>Maintenance et calibration des appareils m\u00e9dicaux<\/li>\n<li>Gestion rapide des pi\u00e8ces de rechange<\/li>\n<li>Support client r\u00e9actif par email, t\u00e9l\u00e9phone ou WhatsApp<\/li>\n<li>D\u00e9lai d\u2019intervention rapide selon votre zone g\u00e9ographique<\/li>\n<\/ul>\n\n\t\t<\/div>\n\t<\/div>\n<\/div><\/div><\/div><div class=\"wpb_column vc_column_container vc_col-sm-12\"><div class=\"vc_column-inner\"><div class=\"wpb_wrapper\"><\/div><\/div><\/div><\/div>\t<\/div>\n<\/div><div class=\"wpb_column vc_column_container vc_col-sm-12\">\n\t<div class=\"wpb_wrapper\">\n\t<div class=\"vc_empty_space\"   style=\"height: 32px\"><span class=\"vc_empty_space_inner\"><\/span><\/div>\t<\/div>\n<\/div><div class=\"wpb_column vc_column_container vc_col-sm-12\">\n\t<div class=\"wpb_wrapper\">\n\t\t<\/div>\n<\/div><div class=\"wpb_column vc_column_container vc_col-sm-12\">\n\t<div class=\"wpb_wrapper\">\n\t\t<\/div>\n<\/div><div class=\"wpb_column vc_column_container vc_col-sm-12\">\n\t<div class=\"wpb_wrapper\">\n\t\t<\/div>\n<\/div><\/div>\t<div  class=\"vc_row wpb_row vc_row-fluid mobile-border-0 vc_custom_1599461007416 vc_column-gap-default ts-row-wide\"  ><div class=\"wpb_column vc_column_container vc_col-sm-12\">\n\t<div class=\"wpb_wrapper\">\n\t<h2 style=\"text-align: center\" class=\"vc_custom_heading vc_do_custom_heading\" >Nos Repr\u00e9sentations \u00e0 l\u2019International<\/h2>\n\t<div class=\"wpb_text_column wpb_content_element vc_custom_1759780795384\" >\n\t\t<div class=\"wpb_wrapper\">\n\t\t\t<p class=\"h3 font-normal body-color\" style=\"text-align: center;\">Pour mieux vous servir, <strong data-start=\"4257\" data-end=\"4276\">NIMEDIX MEDICAL <\/strong>dispose de bureaux et de partenaires r\u00e9gionaux strat\u00e9giques.<\/p>\n\n\t\t<\/div>\n\t<\/div>\n<div class=\"vc_row wpb_row vc_inner vc_row-fluid vc_column-gap-default\"><div class=\"wpb_column vc_column_container vc_col-sm-12\"><div class=\"vc_column-inner\"><div class=\"wpb_wrapper\"><div class=\"vc_empty_space\"   style=\"height: 30px\"><span class=\"vc_empty_space_inner\"><\/span><\/div><\/div><\/div><\/div><\/div><div class=\"vc_row wpb_row vc_inner vc_row-fluid group-features vc_column-gap-default\"><div class=\"wpb_column vc_column_container vc_col-sm-4 vc_col-has-fill\"><div class=\"vc_column-inner vc_custom_1599460449815\"><div class=\"wpb_wrapper\">\t<div class=\"ts-feature-wrapper  vertical-icon text-default has-subtitle\">\n\t\t\n\t\t<div class=\"feature-content\">\n\t\t\t\n\t\t\t\t\t\t<a style=\"color: #009999\" target=\"_blank\" class=\"feature-icon\" href=\"javascript: void(0)\">\n\t\t\t\t<i class=\"vc-material vc-material-my_location\"><\/i>\n\t\t\t<\/a>\n\t\t\t\t\t\t\n\t\t\t<div class=\"feature-header\">\n\t\t\t\t\n\t\t\t\t\t\t\t\t\n\t\t\t\t\t\t\t\t<div class=\"feature-subtitle\">\n\t\t\t\t\tNimedix Medical\t\t\t\t<\/div>\n\t\t\t\t\t\t\t\n\t\t\t\t\t\t\t\t<div class=\"feature-excerpt\">\n\t\t\t\t\t88 Rue de Belle-Rive,<br \/>\n36000 Ch\u00e2teauroux, France\t\t\t\t<\/div>\n\t\t\t\t\t\t\t\t\t\n\t\t\t<\/div>\n\t\t<\/div>\n\t<\/div>\n\t<div class=\"vc_empty_space\"   style=\"height: 30px\"><span class=\"vc_empty_space_inner\"><\/span><\/div><\/div><\/div><\/div><div class=\"wpb_column vc_column_container vc_col-sm-4 vc_col-has-fill\"><div class=\"vc_column-inner vc_custom_1599460464182\"><div class=\"wpb_wrapper\">\t<div class=\"ts-feature-wrapper  vertical-icon text-default has-subtitle\">\n\t\t\n\t\t<div class=\"feature-content\">\n\t\t\t\n\t\t\t\t\t\t<a style=\"color: #009999\" target=\"_blank\" class=\"feature-icon\" href=\"javascript: void(0)\">\n\t\t\t\t<i class=\"vc-material vc-material-local_hospital\"><\/i>\n\t\t\t<\/a>\n\t\t\t\t\t\t\n\t\t\t<div class=\"feature-header\">\n\t\t\t\t\n\t\t\t\t\t\t\t\t\n\t\t\t\t\t\t\t\t<div class=\"feature-subtitle\">\n\t\t\t\t\tPr\u00e9sence Internationale\t\t\t\t<\/div>\n\t\t\t\t\t\t\t\n\t\t\t\t\t\t\t\t<div class=\"feature-excerpt\">\n\t\t\t\t\tFrance, Europe<br \/>\net Afrique\t\t\t\t<\/div>\n\t\t\t\t\t\t\t\t\t\n\t\t\t<\/div>\n\t\t<\/div>\n\t<\/div>\n\t<div class=\"vc_empty_space\"   style=\"height: 30px\"><span class=\"vc_empty_space_inner\"><\/span><\/div><\/div><\/div><\/div><div class=\"wpb_column vc_column_container vc_col-sm-4\"><div class=\"vc_column-inner\"><div class=\"wpb_wrapper\">\t<div class=\"ts-feature-wrapper  vertical-icon text-default has-subtitle\">\n\t\t\n\t\t<div class=\"feature-content\">\n\t\t\t\n\t\t\t\t\t\t<a style=\"color: #009999\" target=\"_blank\" class=\"feature-icon\" href=\"javascript: void(0)\">\n\t\t\t\t<i class=\"vc-material vc-material-check_circle\"><\/i>\n\t\t\t<\/a>\n\t\t\t\t\t\t\n\t\t\t<div class=\"feature-header\">\n\t\t\t\t\n\t\t\t\t\t\t\t\t\n\t\t\t\t\t\t\t\t<div class=\"feature-subtitle\">\n\t\t\t\t\tLogistique &amp; Livraison\t\t\t\t<\/div>\n\t\t\t\t\t\t\t\n\t\t\t\t\t\t\t\t<div class=\"feature-excerpt\">\n\t\t\t\t\tLivraison rapide et<br \/>\nsupport technique d\u00e9di\u00e9.\t\t\t\t<\/div>\n\t\t\t\t\t\t\t\t\t\n\t\t\t<\/div>\n\t\t<\/div>\n\t<\/div>\n\t<div class=\"vc_empty_space\"   style=\"height: 30px\"><span class=\"vc_empty_space_inner\"><\/span><\/div><\/div><\/div><\/div><\/div>\t<\/div>\n<\/div><\/div><\/section>\n<\/div>","protected":false},"excerpt":{"rendered":"Contact &amp; Devis Mat\u00e9riel M\u00e9dical \u2013 NIMEDIX MEDICAL .ts-single-image-3:hover .overlay{background-color:#ffffff} Vous recherchez un fournisseur fiable de mat\u00e9riel m\u00e9dical pour votre h\u00f4pital, clinique ou cabinet ? Obtenez un devis personnalis\u00e9 sous 24h selon vos besoins et votre zone g\u00e9ographique. Chez NIMEDIX MEDICAL, nous vous accompagnons dans vos achats et importations d\u2019\u00e9quipements m\u00e9dicaux neufs et d\u2019occasion, en [...]","protected":false},"author":1,"featured_media":0,"parent":0,"menu_order":0,"comment_status":"closed","ping_status":"closed","template":"","meta":{"inline_featured_image":false,"footnotes":""},"class_list":["post-1613","page","type-page","status-publish","hentry"],"_links":{"self":[{"href":"https:\/\/nimedixmedical.com\/fr\/wp-json\/wp\/v2\/pages\/1613","targetHints":{"allow":["GET"]}}],"collection":[{"href":"https:\/\/nimedixmedical.com\/fr\/wp-json\/wp\/v2\/pages"}],"about":[{"href":"https:\/\/nimedixmedical.com\/fr\/wp-json\/wp\/v2\/types\/page"}],"author":[{"embeddable":true,"href":"https:\/\/nimedixmedical.com\/fr\/wp-json\/wp\/v2\/users\/1"}],"replies":[{"embeddable":true,"href":"https:\/\/nimedixmedical.com\/fr\/wp-json\/wp\/v2\/comments?post=1613"}],"version-history":[{"count":3,"href":"https:\/\/nimedixmedical.com\/fr\/wp-json\/wp\/v2\/pages\/1613\/revisions"}],"predecessor-version":[{"id":117039,"href":"https:\/\/nimedixmedical.com\/fr\/wp-json\/wp\/v2\/pages\/1613\/revisions\/117039"}],"wp:attachment":[{"href":"https:\/\/nimedixmedical.com\/fr\/wp-json\/wp\/v2\/media?parent=1613"}],"curies":[{"name":"wp","href":"https:\/\/api.w.org\/{rel}","templated":true}]}}