{"id":99996,"date":"2025-11-30T19:04:25","date_gmt":"2025-11-30T18:04:25","guid":{"rendered":"https:\/\/nimedixmedical.com\/notre-catalogue\/oxymetre-de-pouls-pediatrique-oxy-0-tigre-gb-fr-it-pt-se-ro\/"},"modified":"2026-01-12T14:44:57","modified_gmt":"2026-01-12T13:44:57","slug":"oxymetre-de-pouls-pediatrique-oxy-0-tigre-gb-fr-it-pt-se-ro","status":"publish","type":"product","link":"https:\/\/nimedixmedical.com\/en\/our-catalog\/oxymetre-de-pouls-pediatrique-oxy-0-tigre-gb-fr-it-pt-se-ro\/","title":{"rendered":"Oxym\u00e8tre de Pouls P\u00e9diatrique Oxy-0 &#8211; Tigre &#8211; Gb, FR, It, Pt, Se, Ro"},"content":{"rendered":"<p>L&#8217;oxym\u00e8tre de pouls p\u00e9diatrique OXY-0 est un dispositif m\u00e9dical essentiel pour surveiller la saturation en oxyg\u00e8ne et le pouls des enfants. Ce mod\u00e8le portable et convivial est parfait pour un usage domestique ou dans un cadre hospitalier, garantissant un suivi efficace de la sant\u00e9 de vos petits patients.<\/p>\n<h2>Features<\/h2>\n<ul>\n<li><strong>Screen :<\/strong> LCD couleur avec affichage clair des valeurs de SpO2 et du pouls.<\/li>\n<li><strong>Plage de SpO2 :<\/strong> 0% \u00e0 100% (r\u00e9solution 1%), pr\u00e9cision de \u00b12% entre 70% et 100%.<\/li>\n<li><strong>Plage de pouls :<\/strong> 30 bpm \u00e0 250 bpm (r\u00e9solution 1 bpm), pr\u00e9cision de \u00b12 bpm ou \u00b12%.<\/li>\n<li><strong>Dimensions :<\/strong> 59x36x35 mm, poids de 50g (batteries comprises).<\/li>\n<li><strong>Autonomy :<\/strong> Fonctionnement continu de 20 heures avec 2 batteries AAA incluses.<\/li>\n<li><strong>Fonction d&#8217;arr\u00eat automatique :<\/strong> S&#8217;\u00e9teint apr\u00e8s 5 secondes d&#8217;inactivit\u00e9.<\/li>\n<\/ul>\n<h2>Delivery<\/h2>\n<ul>\n<li><strong>France :<\/strong> Direct delivery.<\/li>\n<li><strong>Export (Europe and Africa) :<\/strong> Quote.<\/li>\n<\/ul>","protected":false},"excerpt":{"rendered":"<ul>\n<li>Con\u00e7u sp\u00e9cifiquement pour les enfants, id\u00e9al \u00e0 domicile ou en milieu m\u00e9dical.<\/li>\n<li>Mesure pr\u00e9cise de la saturation en oxyg\u00e8ne (SpO2) et du pouls avec un \u00e9cran LCD couleur.<\/li>\n<li>\u00c9cran \u00e0 4 directions avec options de luminosit\u00e9 et mode d&#8217;affichage.<\/li>\n<li>Autonomie prolong\u00e9e de 20 heures avec 2 batteries AAA incluses.<\/li>\n<\/ul>","protected":false},"featured_media":99997,"comment_status":"open","ping_status":"open","template":"","meta":{"inline_featured_image":false},"product_brand":[],"product_cat":[807,784],"product_tag":[],"class_list":{"0":"post-99996","1":"product","2":"type-product","3":"status-publish","4":"has-post-thumbnail","6":"product_cat-oxymetres-bout-du-doigt","7":"product_cat-urgences-premiers-secours","9":"first","10":"instock","11":"sale","12":"taxable","13":"shipping-taxable","14":"purchasable","15":"product-type-simple"},"_links":{"self":[{"href":"https:\/\/nimedixmedical.com\/en\/wp-json\/wp\/v2\/product\/99996","targetHints":{"allow":["GET"]}}],"collection":[{"href":"https:\/\/nimedixmedical.com\/en\/wp-json\/wp\/v2\/product"}],"about":[{"href":"https:\/\/nimedixmedical.com\/en\/wp-json\/wp\/v2\/types\/product"}],"replies":[{"embeddable":true,"href":"https:\/\/nimedixmedical.com\/en\/wp-json\/wp\/v2\/comments?post=99996"}],"wp:featuredmedia":[{"embeddable":true,"href":"https:\/\/nimedixmedical.com\/en\/wp-json\/wp\/v2\/media\/99997"}],"wp:attachment":[{"href":"https:\/\/nimedixmedical.com\/en\/wp-json\/wp\/v2\/media?parent=99996"}],"wp:term":[{"taxonomy":"product_brand","embeddable":true,"href":"https:\/\/nimedixmedical.com\/en\/wp-json\/wp\/v2\/product_brand?post=99996"},{"taxonomy":"product_cat","embeddable":true,"href":"https:\/\/nimedixmedical.com\/en\/wp-json\/wp\/v2\/product_cat?post=99996"},{"taxonomy":"product_tag","embeddable":true,"href":"https:\/\/nimedixmedical.com\/en\/wp-json\/wp\/v2\/product_tag?post=99996"}],"curies":[{"name":"wp","href":"https:\/\/api.w.org\/{rel}","templated":true}]}}