{"id":99844,"date":"2025-11-30T19:02:47","date_gmt":"2025-11-30T18:02:47","guid":{"rendered":"https:\/\/nimedixmedical.com\/notre-catalogue\/oxymetre-de-pouls-oxy-110\/"},"modified":"2026-01-12T14:44:27","modified_gmt":"2026-01-12T13:44:27","slug":"oxymetre-de-pouls-oxy-110","status":"publish","type":"product","link":"https:\/\/nimedixmedical.com\/en\/our-catalog\/oxymetre-de-pouls-oxy-110\/","title":{"rendered":"Oxym\u00e8tre de Pouls Oxy-110"},"content":{"rendered":"<p>L&#8217;oxym\u00e8tre de pouls OXY-110 est un appareil m\u00e9dical avanc\u00e9 con\u00e7u pour surveiller la saturation en oxyg\u00e8ne (SpO2), la fr\u00e9quence cardiaque et d&#8217;autres param\u00e8tres vitaux. Son utilisation est essentielle dans les milieux hospitaliers et les soins \u00e0 domicile pour une gestion efficace de la sant\u00e9.<\/p>\n<h2>Features<\/h2>\n<ul>\n<li>\u00c9cran TFT 3,5\u201d autorotatif pour une visualisation claire des donn\u00e9es.<\/li>\n<li>Technologie SpO2 MoveOxy\u2122 avec enl\u00e8vement artefact et protection contre les mouvements.<\/li>\n<li>Large choix de capteurs SpO2 adapt\u00e9s aux adultes, enfants et nouveau-n\u00e9s.<\/li>\n<li>Batterie au lithium int\u00e9gr\u00e9e offrant 18 heures de surveillance continue.<\/li>\n<li>Alarme r\u00e9glable pour alerter en cas de limites critiques.<\/li>\n<li>Jusqu&#8217;\u00e0 580 heures de donn\u00e9es SpO2 m\u00e9moris\u00e9es pour un suivi historique.<\/li>\n<li>Thermom\u00e8tre auriculaire \u00e0 infrarouge optionnel.<\/li>\n<li>Recharge via base ou c\u00e2ble USB.<\/li>\n<li>Dimensions: 158x73x25 mm, Poids: 230 g.<\/li>\n<\/ul>\n<h2>Delivery<\/h2>\n<ul>\n<li><strong>France :<\/strong> Direct delivery.<\/li>\n<li><strong>Export (Europe and Africa) :<\/strong> Quote.<\/li>\n<\/ul>","protected":false},"excerpt":{"rendered":"<ul>\n<li>Accurate measurement of the oxygen saturation and heart rate.<\/li>\n<li>Technologie MoveOxy\u2122 pour une surveillance fiable m\u00eame en cas de mouvements.<\/li>\n<li>Batterie longue dur\u00e9e de 18 heures pour une utilisation continue.<\/li>\n<li>\u00c9cran TFT rotatif de 3,5\u201d pour une lecture facile des donn\u00e9es.<\/li>\n<\/ul>","protected":false},"featured_media":99845,"comment_status":"open","ping_status":"open","template":"","meta":{"inline_featured_image":false},"product_brand":[],"product_cat":[805,803,784],"product_tag":[],"class_list":{"0":"post-99844","1":"product","2":"type-product","3":"status-publish","4":"has-post-thumbnail","6":"product_cat-oxymetres-de-pouls","7":"product_cat-oxymetres-de-pouls-capnographe","8":"product_cat-urgences-premiers-secours","10":"first","11":"instock","12":"sale","13":"taxable","14":"shipping-taxable","15":"purchasable","16":"product-type-simple"},"_links":{"self":[{"href":"https:\/\/nimedixmedical.com\/en\/wp-json\/wp\/v2\/product\/99844","targetHints":{"allow":["GET"]}}],"collection":[{"href":"https:\/\/nimedixmedical.com\/en\/wp-json\/wp\/v2\/product"}],"about":[{"href":"https:\/\/nimedixmedical.com\/en\/wp-json\/wp\/v2\/types\/product"}],"replies":[{"embeddable":true,"href":"https:\/\/nimedixmedical.com\/en\/wp-json\/wp\/v2\/comments?post=99844"}],"wp:featuredmedia":[{"embeddable":true,"href":"https:\/\/nimedixmedical.com\/en\/wp-json\/wp\/v2\/media\/99845"}],"wp:attachment":[{"href":"https:\/\/nimedixmedical.com\/en\/wp-json\/wp\/v2\/media?parent=99844"}],"wp:term":[{"taxonomy":"product_brand","embeddable":true,"href":"https:\/\/nimedixmedical.com\/en\/wp-json\/wp\/v2\/product_brand?post=99844"},{"taxonomy":"product_cat","embeddable":true,"href":"https:\/\/nimedixmedical.com\/en\/wp-json\/wp\/v2\/product_cat?post=99844"},{"taxonomy":"product_tag","embeddable":true,"href":"https:\/\/nimedixmedical.com\/en\/wp-json\/wp\/v2\/product_tag?post=99844"}],"curies":[{"name":"wp","href":"https:\/\/api.w.org\/{rel}","templated":true}]}}