{"id":99618,"date":"2025-11-30T19:00:30","date_gmt":"2025-11-30T18:00:30","guid":{"rendered":"https:\/\/nimedixmedical.com\/notre-catalogue\/bandage-cohesif-elastique-4-m-x-8-cm\/"},"modified":"2026-01-12T14:43:26","modified_gmt":"2026-01-12T13:43:26","slug":"cohesive-elastic-bandage-4-m-x-8-cm","status":"publish","type":"product","link":"https:\/\/nimedixmedical.com\/en\/our-catalog\/cohesive-elastic-bandage-4-m-x-8-cm\/","title":{"rendered":"Cohesive Elastic Bandage 4 M X 8 cm"},"content":{"rendered":"<p>Le bandage coh\u00e9sif \u00e9lastique de 4 m x 8 cm est sp\u00e9cialement con\u00e7u pour un usage m\u00e9dical. Il permet de maintenir en place les pansements tout en offrant un soutien l\u00e9ger lors du traitement de fractures l\u00e9g\u00e8res. Sa composition assure confort et efficacit\u00e9.<\/p>\n<h2>Features<\/h2>\n<ul>\n<li><strong>Dimensions :<\/strong> 4 m de longueur x 8 cm de hauteur<\/li>\n<li><strong>Composition :<\/strong> 42% coton, 29% viscose, 29% polyamide, latex<\/li>\n<li><strong>Stretch :<\/strong> Environ 50%<\/li>\n<li><strong>Grip :<\/strong> Ne n\u00e9cessite ni agrafes ni sparadrap<\/li>\n<\/ul>\n<h2>Delivery<\/h2>\n<ul>\n<li><strong>France :<\/strong> Direct delivery.<\/li>\n<li><strong>Export (Europe and Africa) :<\/strong> Quote.<\/li>\n<\/ul>","protected":false},"excerpt":{"rendered":"<ul>\n<li>Id\u00e9al pour fixer des pansements et maintenir des bandages l\u00e9gers.<\/li>\n<li>Adh\u00e9sion optimale sans besoin d&#8217;agrafes ni de sparadrap.<\/li>\n<li>Confortable et extensible jusqu&#8217;\u00e0 50%, s&#8217;adapte \u00e0 tous les types de blessures.<\/li>\n<li>Composition soign\u00e9e pour un usage m\u00e9dical s\u00fbr et efficace.<\/li>\n<\/ul>","protected":false},"featured_media":99619,"comment_status":"open","ping_status":"open","template":"","meta":{"inline_featured_image":false},"product_brand":[],"product_cat":[800,794,784],"product_tag":[],"class_list":{"0":"post-99618","1":"product","2":"type-product","3":"status-publish","4":"has-post-thumbnail","6":"product_cat-bandages-cohesifs","7":"product_cat-pansements-bandages-sparadraps","8":"product_cat-urgences-premiers-secours","10":"first","11":"instock","12":"sale","13":"taxable","14":"shipping-taxable","15":"purchasable","16":"product-type-simple"},"_links":{"self":[{"href":"https:\/\/nimedixmedical.com\/en\/wp-json\/wp\/v2\/product\/99618","targetHints":{"allow":["GET"]}}],"collection":[{"href":"https:\/\/nimedixmedical.com\/en\/wp-json\/wp\/v2\/product"}],"about":[{"href":"https:\/\/nimedixmedical.com\/en\/wp-json\/wp\/v2\/types\/product"}],"replies":[{"embeddable":true,"href":"https:\/\/nimedixmedical.com\/en\/wp-json\/wp\/v2\/comments?post=99618"}],"wp:featuredmedia":[{"embeddable":true,"href":"https:\/\/nimedixmedical.com\/en\/wp-json\/wp\/v2\/media\/99619"}],"wp:attachment":[{"href":"https:\/\/nimedixmedical.com\/en\/wp-json\/wp\/v2\/media?parent=99618"}],"wp:term":[{"taxonomy":"product_brand","embeddable":true,"href":"https:\/\/nimedixmedical.com\/en\/wp-json\/wp\/v2\/product_brand?post=99618"},{"taxonomy":"product_cat","embeddable":true,"href":"https:\/\/nimedixmedical.com\/en\/wp-json\/wp\/v2\/product_cat?post=99618"},{"taxonomy":"product_tag","embeddable":true,"href":"https:\/\/nimedixmedical.com\/en\/wp-json\/wp\/v2\/product_tag?post=99618"}],"curies":[{"name":"wp","href":"https:\/\/api.w.org\/{rel}","templated":true}]}}