{"id":99407,"date":"2025-11-30T18:57:37","date_gmt":"2025-11-30T17:57:37","guid":{"rendered":"https:\/\/nimedixmedical.com\/notre-catalogue\/kit-chirurgie-generale-sterile\/"},"modified":"2026-01-12T14:42:25","modified_gmt":"2026-01-12T13:42:25","slug":"kit-chirurgie-generale-sterile","status":"publish","type":"product","link":"https:\/\/nimedixmedical.com\/en\/our-catalog\/kit-chirurgie-generale-sterile\/","title":{"rendered":"Kit Chirurgie G\u00e9n\u00e9rale &#8211; St\u00e9rile"},"content":{"rendered":"<p>The kit general surgery-sterile is designed to meet the requirements of medical interventions. It includes all the hardware necessary to ensure a safe operation, while being ready for a win in valuable time.<\/p>\n<h2>Features<\/h2>\n<ul>\n<li>Bag PE + Tyvek liner for optimal protection.<\/li>\n<li>Sterilized with EtO to ensure asepsis.<\/li>\n<li>Includes : 1 cover-table (160 x 200 cm), 2 blouses surgical XL (1 standard, 1 reinforced), 2 fields adhesives (75 x 90 cm), 1 leg (150 x 180 cm), 1 field head (150 x 240 cm).<\/li>\n<li>Also included : 2 syringes (10 ml), 2 needles (21g x 1.5\u2019), 1 scalpel, n. 11, 4 towels, 1 bowl (120 ml), 1 beans, 1 scalpel, n. 15, 5 packs gauze (10 x 20 cm), 4 gauze swabs (30 mm), 2 sticks foam tip (15 cm), 1 tea.<\/li>\n<\/ul>\n<h2>Delivery<\/h2>\n<ul>\n<li><strong>France :<\/strong> Direct delivery.<\/li>\n<li><strong>Export (Europe and Africa) :<\/strong> Quote.<\/li>\n<\/ul>","protected":false},"excerpt":{"rendered":"<ul>\n<li>Kit ready-to-use interventions in general surgery.<\/li>\n<li>Composed of sterile equipment and high quality, ensuring the safety of the patients.<\/li>\n<li>Facilitates the organization and planning of surgical interventions.<\/li>\n<li>Contains all the necessary tools for optimum efficiency in the operating room.<\/li>\n<\/ul>","protected":false},"featured_media":99408,"comment_status":"open","ping_status":"open","template":"","meta":{"inline_featured_image":false},"product_brand":[],"product_cat":[796,794,784],"product_tag":[],"class_list":{"0":"post-99407","1":"product","2":"type-product","3":"status-publish","4":"has-post-thumbnail","6":"product_cat-medication-sutures-et-catheterisme","7":"product_cat-pansements-bandages-sparadraps","8":"product_cat-urgences-premiers-secours","10":"first","11":"outofstock","12":"sale","13":"taxable","14":"shipping-taxable","15":"purchasable","16":"product-type-simple"},"_links":{"self":[{"href":"https:\/\/nimedixmedical.com\/en\/wp-json\/wp\/v2\/product\/99407","targetHints":{"allow":["GET"]}}],"collection":[{"href":"https:\/\/nimedixmedical.com\/en\/wp-json\/wp\/v2\/product"}],"about":[{"href":"https:\/\/nimedixmedical.com\/en\/wp-json\/wp\/v2\/types\/product"}],"replies":[{"embeddable":true,"href":"https:\/\/nimedixmedical.com\/en\/wp-json\/wp\/v2\/comments?post=99407"}],"wp:featuredmedia":[{"embeddable":true,"href":"https:\/\/nimedixmedical.com\/en\/wp-json\/wp\/v2\/media\/99408"}],"wp:attachment":[{"href":"https:\/\/nimedixmedical.com\/en\/wp-json\/wp\/v2\/media?parent=99407"}],"wp:term":[{"taxonomy":"product_brand","embeddable":true,"href":"https:\/\/nimedixmedical.com\/en\/wp-json\/wp\/v2\/product_brand?post=99407"},{"taxonomy":"product_cat","embeddable":true,"href":"https:\/\/nimedixmedical.com\/en\/wp-json\/wp\/v2\/product_cat?post=99407"},{"taxonomy":"product_tag","embeddable":true,"href":"https:\/\/nimedixmedical.com\/en\/wp-json\/wp\/v2\/product_tag?post=99407"}],"curies":[{"name":"wp","href":"https:\/\/api.w.org\/{rel}","templated":true}]}}