{"id":99062,"date":"2025-11-30T18:54:19","date_gmt":"2025-11-30T17:54:19","guid":{"rendered":"https:\/\/nimedixmedical.com\/notre-catalogue\/respirateur-electronique-spencer-170-kompak\/"},"modified":"2026-02-13T17:53:13","modified_gmt":"2026-02-13T16:53:13","slug":"respirateur-electronique-spencer-170-kompak","status":"publish","type":"product","link":"https:\/\/nimedixmedical.com\/en\/our-catalog\/respirateur-electronique-spencer-170-kompak\/","title":{"rendered":"Spencer 170 Kompak Electronic Breathing Apparatus"},"content":{"rendered":"<div class=\"wpb-content-wrapper\">\t<div  class=\"vc_row wpb_row vc_row-fluid vc_column-gap-default ts-row-wide\"  ><div class=\"wpb_column vc_column_container vc_col-sm-12\">\n\t<div class=\"wpb_wrapper\">\n\t\n\t<div class=\"wpb_text_column wpb_content_element\" >\n\t\t<div class=\"wpb_wrapper\">\n\t\t\t<p>The respirator electronic Spencer 170 NXT Kompak is designed for health professionals in emergency situations. Ready to use, it offers a solution to ventilation non-invasive, efficient and secure, making it easier to critical interventions.<\/p>\n<h2>Features<\/h2>\n<ul>\n<li>Operation : Electronic<\/li>\n<li>Frequency : 5 to 40 BPM<\/li>\n<li>Alarms : High pressure, pneumatic supply, low battery<\/li>\n<li>Flow : 2 to 20 l\/min<\/li>\n<li>Report I\/E : 1:2<\/li>\n<li>Oxygen Concentration : 60% to 100% (patented system)<\/li>\n<li>Overpressure valve : 20-60 cm H2O \u2013 adjustable<\/li>\n<li>Battery duration : Approximately 3 hours<\/li>\n<li>Dimensions : 270x177x210 mm<\/li>\n<li>Weight : 3.5 kg<\/li>\n<li>IP Protection : IP24<\/li>\n<\/ul>\n<p><em><strong>Accesoires standard<\/strong><\/em><\/p>\n<p>\u2022 Circuit patient (tube ondul\u00e9 avec valve de non-r\u00e9inhalation)<br \/>\n\u2022 C\u00e2ble d\u2019alimentation<br \/>\n\u2022 Tube \u00e0 oxyg\u00e8ne<br \/>\n\u2022 Mode d\u2019emploi: GB, IT, sur demande FR, ES, DE, PT<br \/>\n\u2022 Bouteille \u00e0 oxyg\u00e8ne 2 l, r\u00e9ducteur de pression, mallette pour le transport<br \/>\n\u2022 Masque adulte<br \/>\n\u2022 Batterie<br \/>\n\u2022 Adaptateur UNI<\/p>\n<h2>Delivery<\/h2>\n<ul>\n<li><strong>France :<\/strong> Direct delivery.<\/li>\n<li><strong>Export (Europe and Africa) :<\/strong> Quote.<\/li>\n<\/ul>\n\n\t\t<\/div>\n\t<\/div>\n\t<\/div>\n<\/div><\/div>\n<\/div>","protected":false},"excerpt":{"rendered":"<ul>\n<li>Use : Ventilation non-invasive procedure for emergency situations.<\/li>\n<li>Benefits : Compact and lightweight, easy to carry with carrying case-dedicated.<\/li>\n<li>Advanced features : built-in Alarms for optimal monitoring.<\/li>\n<li>Performance : the Ability to regulate the oxygen concentration of 60% to 100%.<\/li>\n<\/ul>","protected":false},"featured_media":99063,"comment_status":"open","ping_status":"closed","template":"","meta":{"inline_featured_image":false},"product_brand":[],"product_cat":[789,784],"product_tag":[],"class_list":{"0":"post-99062","1":"product","2":"type-product","3":"status-publish","4":"has-post-thumbnail","6":"product_cat-respirateurs","7":"product_cat-urgences-premiers-secours","9":"first","10":"instock","11":"sale","12":"taxable","13":"shipping-taxable","14":"purchasable","15":"product-type-simple"},"_links":{"self":[{"href":"https:\/\/nimedixmedical.com\/en\/wp-json\/wp\/v2\/product\/99062","targetHints":{"allow":["GET"]}}],"collection":[{"href":"https:\/\/nimedixmedical.com\/en\/wp-json\/wp\/v2\/product"}],"about":[{"href":"https:\/\/nimedixmedical.com\/en\/wp-json\/wp\/v2\/types\/product"}],"replies":[{"embeddable":true,"href":"https:\/\/nimedixmedical.com\/en\/wp-json\/wp\/v2\/comments?post=99062"}],"wp:featuredmedia":[{"embeddable":true,"href":"https:\/\/nimedixmedical.com\/en\/wp-json\/wp\/v2\/media\/99063"}],"wp:attachment":[{"href":"https:\/\/nimedixmedical.com\/en\/wp-json\/wp\/v2\/media?parent=99062"}],"wp:term":[{"taxonomy":"product_brand","embeddable":true,"href":"https:\/\/nimedixmedical.com\/en\/wp-json\/wp\/v2\/product_brand?post=99062"},{"taxonomy":"product_cat","embeddable":true,"href":"https:\/\/nimedixmedical.com\/en\/wp-json\/wp\/v2\/product_cat?post=99062"},{"taxonomy":"product_tag","embeddable":true,"href":"https:\/\/nimedixmedical.com\/en\/wp-json\/wp\/v2\/product_tag?post=99062"}],"curies":[{"name":"wp","href":"https:\/\/api.w.org\/{rel}","templated":true}]}}