{"id":98761,"date":"2025-11-30T18:50:47","date_gmt":"2025-11-30T17:50:47","guid":{"rendered":"https:\/\/nimedixmedical.com\/notre-catalogue\/autoclave-euronda-e10-b-24-litres-ecran-scrolltouch-7\/"},"modified":"2026-02-12T15:44:43","modified_gmt":"2026-02-12T14:44:43","slug":"autoclave-euronda-e10-b-24-litres-ecran-scrolltouch-7","status":"publish","type":"product","link":"https:\/\/nimedixmedical.com\/en\/our-catalog\/autoclave-euronda-e10-b-24-litres-ecran-scrolltouch-7\/","title":{"rendered":"Autoclave Euronda E10 B 24 Litres &#8211; \u00c9cran Scroll&#038;touch 7&#8243;"},"content":{"rendered":"<p>The AUTOCLAVE EURONDA E10 B is a medical device class IIb, designed to ensure sterilization procedures, reliable and effective in the medical sector. With its advanced technology, it provides an optimal solution for the safety of patients and operators.<\/p>\n<h2>Features<\/h2>\n<ul>\n<li>Room capacity : 24 litres.<\/li>\n<li>Colour touch screen 7\" for a more intuitive navigation.<\/li>\n<li>Sterilization Cycles programmable, with options for different types of loads.<\/li>\n<li>USB Port and Ethernet connection for data management on PC.<\/li>\n<li>Ingenious cooling system for increased durability of the vacuum pump.<\/li>\n<li>Conductivity meter integrated to ensure the use of water quality.<\/li>\n<li>Tests de contr\u00f4le (Vacuum, Helix, Bowie &amp; Dick) pour v\u00e9rifier l&#8217;efficacit\u00e9 op\u00e9rationnelle.<\/li>\n<li>Dimensions : 46x61xh 45.5 cm ; weight : 50,5 kg.<\/li>\n<\/ul>\n<h2>Delivery<\/h2>\n<ul>\n<li><strong>France :<\/strong> Direct delivery.<\/li>\n<li><strong>Export (Europe and Africa) :<\/strong> Quote.<\/li>\n<\/ul>","protected":false},"excerpt":{"rendered":"<ul>\n<li>Autoclave of 24 litres, with intuitive touch screen 7\" for ease of use.<\/li>\n<li>Cycles and testing programmable ensuring effective sterilization and fast.<\/li>\n<li>Traceability digital complete with free Wi-Fi and a USB port.<\/li>\n<li>System of inspection and easy cleaning for optimal maintenance.<\/li>\n<\/ul>","protected":false},"featured_media":98762,"comment_status":"open","ping_status":"closed","template":"","meta":{"inline_featured_image":false},"product_brand":[],"product_cat":[783,765],"product_tag":[],"class_list":{"0":"post-98761","1":"product","2":"type-product","3":"status-publish","4":"has-post-thumbnail","6":"product_cat-autoclaves-horizontaux","7":"product_cat-sterilisation","9":"first","10":"instock","11":"sale","12":"taxable","13":"shipping-taxable","14":"purchasable","15":"product-type-simple"},"_links":{"self":[{"href":"https:\/\/nimedixmedical.com\/en\/wp-json\/wp\/v2\/product\/98761","targetHints":{"allow":["GET"]}}],"collection":[{"href":"https:\/\/nimedixmedical.com\/en\/wp-json\/wp\/v2\/product"}],"about":[{"href":"https:\/\/nimedixmedical.com\/en\/wp-json\/wp\/v2\/types\/product"}],"replies":[{"embeddable":true,"href":"https:\/\/nimedixmedical.com\/en\/wp-json\/wp\/v2\/comments?post=98761"}],"wp:featuredmedia":[{"embeddable":true,"href":"https:\/\/nimedixmedical.com\/en\/wp-json\/wp\/v2\/media\/98762"}],"wp:attachment":[{"href":"https:\/\/nimedixmedical.com\/en\/wp-json\/wp\/v2\/media?parent=98761"}],"wp:term":[{"taxonomy":"product_brand","embeddable":true,"href":"https:\/\/nimedixmedical.com\/en\/wp-json\/wp\/v2\/product_brand?post=98761"},{"taxonomy":"product_cat","embeddable":true,"href":"https:\/\/nimedixmedical.com\/en\/wp-json\/wp\/v2\/product_cat?post=98761"},{"taxonomy":"product_tag","embeddable":true,"href":"https:\/\/nimedixmedical.com\/en\/wp-json\/wp\/v2\/product_tag?post=98761"}],"curies":[{"name":"wp","href":"https:\/\/api.w.org\/{rel}","templated":true}]}}