{"id":98546,"date":"2025-11-30T18:48:45","date_gmt":"2025-11-30T17:48:45","guid":{"rendered":"https:\/\/nimedixmedical.com\/notre-catalogue\/savon-medical-sachet-5-ml\/"},"modified":"2026-01-12T14:39:02","modified_gmt":"2026-01-12T13:39:02","slug":"savon-medical-sachet-5-ml","status":"publish","type":"product","link":"https:\/\/nimedixmedical.com\/en\/our-catalog\/savon-medical-sachet-5-ml\/","title":{"rendered":"Savon M\u00e9dical &#8211; Sachet 5 mL"},"content":{"rendered":"<p>The soap medical, in a pack of 5 ml is an essential product in the hospital environment. Designed to effectively disinfect the hands and skin, it is particularly suitable for surgical procedures and medical care.<\/p>\n<h2>Features<\/h2>\n<ul>\n<li>Capacity : 5 ml per bag, sold per box of 500 bags.<\/li>\n<li>Composition : Chloride alkylbenzyldim\u00e9thylammonium, O-Ph\u00e9nylph\u00e9no, fragrance, co-formulants, purified water.<\/li>\n<li>Indicated for the washing of the hands of the surgeons and medical staff.<\/li>\n<li>Reduces the risk of cross-infection due to its antiseptic properties.<\/li>\n<li>Label\/instructions available in English and in Italian.<\/li>\n<li>Product made in Italy, registered with the Italian Ministry of Health number (19570).<\/li>\n<\/ul>\n<h2>Delivery<\/h2>\n<ul>\n<li><strong>France :<\/strong> Direct delivery.<\/li>\n<li><strong>Export (Europe and Africa) :<\/strong> Quote.<\/li>\n<\/ul>","protected":false},"excerpt":{"rendered":"<ul>\n<li>Liquid antiseptic to disinfect the skin and hands.<\/li>\n<li>Reduces the risk of cross-infection in medical environments.<\/li>\n<li>Substances emollient for the skin soft even after frequent use.<\/li>\n<li>Indicated for the medical staff and patients.<\/li>\n<\/ul>","protected":false},"featured_media":98547,"comment_status":"open","ping_status":"open","template":"","meta":{"inline_featured_image":false},"product_brand":[],"product_cat":[775,777,765],"product_tag":[],"class_list":{"0":"post-98546","1":"product","2":"type-product","3":"status-publish","4":"has-post-thumbnail","6":"product_cat-desinfection-et-sterilisation-a-froidf344","7":"product_cat-produits-por-desinfection-et-hygiene-corporelle","8":"product_cat-sterilisation","10":"first","11":"instock","12":"sale","13":"taxable","14":"shipping-taxable","15":"purchasable","16":"product-type-simple"},"_links":{"self":[{"href":"https:\/\/nimedixmedical.com\/en\/wp-json\/wp\/v2\/product\/98546","targetHints":{"allow":["GET"]}}],"collection":[{"href":"https:\/\/nimedixmedical.com\/en\/wp-json\/wp\/v2\/product"}],"about":[{"href":"https:\/\/nimedixmedical.com\/en\/wp-json\/wp\/v2\/types\/product"}],"replies":[{"embeddable":true,"href":"https:\/\/nimedixmedical.com\/en\/wp-json\/wp\/v2\/comments?post=98546"}],"wp:featuredmedia":[{"embeddable":true,"href":"https:\/\/nimedixmedical.com\/en\/wp-json\/wp\/v2\/media\/98547"}],"wp:attachment":[{"href":"https:\/\/nimedixmedical.com\/en\/wp-json\/wp\/v2\/media?parent=98546"}],"wp:term":[{"taxonomy":"product_brand","embeddable":true,"href":"https:\/\/nimedixmedical.com\/en\/wp-json\/wp\/v2\/product_brand?post=98546"},{"taxonomy":"product_cat","embeddable":true,"href":"https:\/\/nimedixmedical.com\/en\/wp-json\/wp\/v2\/product_cat?post=98546"},{"taxonomy":"product_tag","embeddable":true,"href":"https:\/\/nimedixmedical.com\/en\/wp-json\/wp\/v2\/product_tag?post=98546"}],"curies":[{"name":"wp","href":"https:\/\/api.w.org\/{rel}","templated":true}]}}