{"id":98544,"date":"2025-11-30T18:48:45","date_gmt":"2025-11-30T17:48:45","guid":{"rendered":"https:\/\/nimedixmedical.com\/notre-catalogue\/savon-medical-flacon-0-5-l\/"},"modified":"2026-01-12T14:39:01","modified_gmt":"2026-01-12T13:39:01","slug":"medical-soap-bottle-0-5-l","status":"publish","type":"product","link":"https:\/\/nimedixmedical.com\/en\/our-catalog\/medical-soap-bottle-0-5-l\/","title":{"rendered":"Savon M\u00e9dical &#8211; Flacon 0.5 L"},"content":{"rendered":"<p>The soap medical of 0.5 l is an antiseptic liquid designed to effectively disinfect the skin and hands. Essential in medical environments, it is particularly suited to the surgeons and nursing staff, guaranteeing optimum hygiene in the care of patients.<\/p>\n<h2>Features<\/h2>\n<ul>\n<li>Capacity : 0.5 l, sold per box of 12 bottles.<\/li>\n<li>Formula : Chloride alkylbenzyldim\u00e9thylammonium (0.50 g), O-Ph\u00e9nylph\u00e9no (0.50 g).<\/li>\n<li>Emollients included to maintain the softness of the skin.<\/li>\n<li>Conforms to the requirements of the Italian Ministry of Health (registration 19570).<\/li>\n<\/ul>\n<h2>Delivery<\/h2>\n<ul>\n<li><strong>France :<\/strong> Direct delivery.<\/li>\n<li><strong>Export (Europe and Africa) :<\/strong> Quote.<\/li>\n<\/ul>","protected":false},"excerpt":{"rendered":"<ul>\n<li>Effective disinfection of hands and skin.<\/li>\n<li>Reduces the risk of cross-infections in a medical setting.<\/li>\n<li>Contains substances emollient for skin that is soft.<\/li>\n<li>Formulation meets the standards of health in italy.<\/li>\n<\/ul>","protected":false},"featured_media":98545,"comment_status":"open","ping_status":"open","template":"","meta":{"inline_featured_image":false},"product_brand":[],"product_cat":[775,777,765],"product_tag":[],"class_list":{"0":"post-98544","1":"product","2":"type-product","3":"status-publish","4":"has-post-thumbnail","6":"product_cat-desinfection-et-sterilisation-a-froidf344","7":"product_cat-produits-por-desinfection-et-hygiene-corporelle","8":"product_cat-sterilisation","10":"first","11":"instock","12":"sale","13":"taxable","14":"shipping-taxable","15":"purchasable","16":"product-type-simple"},"_links":{"self":[{"href":"https:\/\/nimedixmedical.com\/en\/wp-json\/wp\/v2\/product\/98544","targetHints":{"allow":["GET"]}}],"collection":[{"href":"https:\/\/nimedixmedical.com\/en\/wp-json\/wp\/v2\/product"}],"about":[{"href":"https:\/\/nimedixmedical.com\/en\/wp-json\/wp\/v2\/types\/product"}],"replies":[{"embeddable":true,"href":"https:\/\/nimedixmedical.com\/en\/wp-json\/wp\/v2\/comments?post=98544"}],"wp:featuredmedia":[{"embeddable":true,"href":"https:\/\/nimedixmedical.com\/en\/wp-json\/wp\/v2\/media\/98545"}],"wp:attachment":[{"href":"https:\/\/nimedixmedical.com\/en\/wp-json\/wp\/v2\/media?parent=98544"}],"wp:term":[{"taxonomy":"product_brand","embeddable":true,"href":"https:\/\/nimedixmedical.com\/en\/wp-json\/wp\/v2\/product_brand?post=98544"},{"taxonomy":"product_cat","embeddable":true,"href":"https:\/\/nimedixmedical.com\/en\/wp-json\/wp\/v2\/product_cat?post=98544"},{"taxonomy":"product_tag","embeddable":true,"href":"https:\/\/nimedixmedical.com\/en\/wp-json\/wp\/v2\/product_tag?post=98544"}],"curies":[{"name":"wp","href":"https:\/\/api.w.org\/{rel}","templated":true}]}}