{"id":98098,"date":"2025-11-30T18:43:30","date_gmt":"2025-11-30T17:43:30","guid":{"rendered":"https:\/\/nimedixmedical.com\/notre-catalogue\/bandes-doxyde-dethylene-a-deux\/"},"modified":"2026-01-12T14:37:11","modified_gmt":"2026-01-12T13:37:11","slug":"bandes-doxyde-dethylene-a-deux","status":"publish","type":"product","link":"https:\/\/nimedixmedical.com\/en\/our-catalog\/bandes-doxyde-dethylene-a-deux\/","title":{"rendered":"Bandes D&#8217;oxyde D&#8217;\u00e9thyl\u00e8ne &#8211; \u00e0 Deux"},"content":{"rendered":"<p>The indicator strips ethylene oxide is essential in the sterilization procedures in a medical setting. They ensure that the instruments and devices are properly sterilized, ensuring the safety of patients and medical staff.<\/p>\n<h2>Features<\/h2>\n<ul>\n<li>Type : strip the ethylene oxide type 5.<\/li>\n<li>Compliance : ISO 11135 for sterilizers E. O.<\/li>\n<li>Indicator : color Change from white to yellow after sterilization.<\/li>\n<li>Composition : Indicator water-based, chemically non-toxic, conforms to ISO 11140-1.<\/li>\n<li>Quantity : Box of 250 bands, which can be divided into two parts.<\/li>\n<\/ul>\n<h2>Delivery<\/h2>\n<ul>\n<li><strong>France :<\/strong> Direct delivery.<\/li>\n<li><strong>Export (Europe and Africa) :<\/strong> Quote.<\/li>\n<\/ul>","protected":false},"excerpt":{"rendered":"<ul>\n<li>Indicator strips to the ethylene oxide type 5 for sterilizers conforming to the ISO 11135.<\/li>\n<li>Indicator non-toxic color changing from white to yellow after sterilization.<\/li>\n<li>Practical and economic, the strips can be divided into two parts for flexible use.<\/li>\n<li>Ensure proper penetration of the gas E. O in the interior of the devices sterilized.<\/li>\n<\/ul>","protected":false},"featured_media":98099,"comment_status":"open","ping_status":"open","template":"","meta":{"inline_featured_image":false},"product_brand":[],"product_cat":[765,767],"product_tag":[],"class_list":{"0":"post-98098","1":"product","2":"type-product","3":"status-publish","4":"has-post-thumbnail","6":"product_cat-sterilisation","7":"product_cat-tests-sterilisation","9":"first","10":"instock","11":"sale","12":"taxable","13":"shipping-taxable","14":"purchasable","15":"product-type-simple"},"_links":{"self":[{"href":"https:\/\/nimedixmedical.com\/en\/wp-json\/wp\/v2\/product\/98098","targetHints":{"allow":["GET"]}}],"collection":[{"href":"https:\/\/nimedixmedical.com\/en\/wp-json\/wp\/v2\/product"}],"about":[{"href":"https:\/\/nimedixmedical.com\/en\/wp-json\/wp\/v2\/types\/product"}],"replies":[{"embeddable":true,"href":"https:\/\/nimedixmedical.com\/en\/wp-json\/wp\/v2\/comments?post=98098"}],"wp:featuredmedia":[{"embeddable":true,"href":"https:\/\/nimedixmedical.com\/en\/wp-json\/wp\/v2\/media\/98099"}],"wp:attachment":[{"href":"https:\/\/nimedixmedical.com\/en\/wp-json\/wp\/v2\/media?parent=98098"}],"wp:term":[{"taxonomy":"product_brand","embeddable":true,"href":"https:\/\/nimedixmedical.com\/en\/wp-json\/wp\/v2\/product_brand?post=98098"},{"taxonomy":"product_cat","embeddable":true,"href":"https:\/\/nimedixmedical.com\/en\/wp-json\/wp\/v2\/product_cat?post=98098"},{"taxonomy":"product_tag","embeddable":true,"href":"https:\/\/nimedixmedical.com\/en\/wp-json\/wp\/v2\/product_tag?post=98098"}],"curies":[{"name":"wp","href":"https:\/\/api.w.org\/{rel}","templated":true}]}}