{"id":97989,"date":"2025-11-30T18:42:32","date_gmt":"2025-11-30T17:42:32","guid":{"rendered":"https:\/\/nimedixmedical.com\/notre-catalogue\/tete-dotoscope-chirurgical-veterinaire-riester-ri-scope-hl-25v-10541\/"},"modified":"2026-01-12T14:36:39","modified_gmt":"2026-01-12T13:36:39","slug":"riester-ri-scope-hl-25v-10541-veterinary-surgical-dotoscope-head","status":"publish","type":"product","link":"https:\/\/nimedixmedical.com\/en\/our-catalog\/riester-ri-scope-hl-25v-10541-veterinary-surgical-dotoscope-head\/","title":{"rendered":"T\u00eate D&#8217;otoscope Chirurgical V\u00e9t\u00e9rinaire Riester Ri-scope Hl 2,5v &#8211; 10541"},"content":{"rendered":"<p>The head of the otoscope, surgical veterinary Riester Ri-Scope\u00ae 2.5 V is an essential equipment for veterinarians, for conducting exams, hearing and precise surgical procedures. Its robust design and its advanced features makes it a preferred tool in the veterinary diagnostics.<\/p>\n<h2>Features<\/h2>\n<ul>\n<li>Lens swivel with magnification of 2.5 X for clarity.<\/li>\n<li>Door-speculum in slots mobile, fixable in any position for easy handling.<\/li>\n<li>Open form for ease of use during examinations and surgical operations.<\/li>\n<li>Mechanism bayonet quick and reliable for secure fixing to the handle.<\/li>\n<li>Otoscope, surgical entirely of metal, ensuring exceptional durability.<\/li>\n<li>Quick replacement of light bulb front to minimize downtime.<\/li>\n<\/ul>\n<h2>Delivery<\/h2>\n<ul>\n<li><strong>France :<\/strong> Direct delivery.<\/li>\n<li><strong>Export (Europe and Africa) :<\/strong> Quote.<\/li>\n<\/ul>","protected":false},"excerpt":{"rendered":"<ul>\n<li>Use : Ideal for examinations and surgical procedures veterinary.<\/li>\n<li>Benefit : Lens swivel with a magnification of 2.5 X for optimal visibility.<\/li>\n<li>Sustainable design : Manufacturing entirely of metal for increased longevity.<\/li>\n<li>Practicality : Mechanism bayonet for a fast assembly and secure to the handle.<\/li>\n<\/ul>","protected":false},"featured_media":97990,"comment_status":"open","ping_status":"open","template":"","meta":{"inline_featured_image":false},"product_brand":[],"product_cat":[746,757,761],"product_tag":[],"class_list":{"0":"post-97989","1":"product","2":"type-product","3":"status-publish","4":"has-post-thumbnail","6":"product_cat-appareils-veterinaires","7":"product_cat-diagnostic-veterinaire","8":"product_cat-oto-ophtalmoscopes-veterinaires","10":"first","11":"instock","12":"sale","13":"taxable","14":"shipping-taxable","15":"purchasable","16":"product-type-simple"},"_links":{"self":[{"href":"https:\/\/nimedixmedical.com\/en\/wp-json\/wp\/v2\/product\/97989","targetHints":{"allow":["GET"]}}],"collection":[{"href":"https:\/\/nimedixmedical.com\/en\/wp-json\/wp\/v2\/product"}],"about":[{"href":"https:\/\/nimedixmedical.com\/en\/wp-json\/wp\/v2\/types\/product"}],"replies":[{"embeddable":true,"href":"https:\/\/nimedixmedical.com\/en\/wp-json\/wp\/v2\/comments?post=97989"}],"wp:featuredmedia":[{"embeddable":true,"href":"https:\/\/nimedixmedical.com\/en\/wp-json\/wp\/v2\/media\/97990"}],"wp:attachment":[{"href":"https:\/\/nimedixmedical.com\/en\/wp-json\/wp\/v2\/media?parent=97989"}],"wp:term":[{"taxonomy":"product_brand","embeddable":true,"href":"https:\/\/nimedixmedical.com\/en\/wp-json\/wp\/v2\/product_brand?post=97989"},{"taxonomy":"product_cat","embeddable":true,"href":"https:\/\/nimedixmedical.com\/en\/wp-json\/wp\/v2\/product_cat?post=97989"},{"taxonomy":"product_tag","embeddable":true,"href":"https:\/\/nimedixmedical.com\/en\/wp-json\/wp\/v2\/product_tag?post=97989"}],"curies":[{"name":"wp","href":"https:\/\/api.w.org\/{rel}","templated":true}]}}