{"id":97987,"date":"2025-11-30T18:41:56","date_gmt":"2025-11-30T17:41:56","guid":{"rendered":"https:\/\/nimedixmedical.com\/notre-catalogue\/speculum-auriculaire-reutilisable-riester-diam-4-mm-metal-10881\/"},"modified":"2026-01-12T14:36:38","modified_gmt":"2026-01-12T13:36:38","slug":"riester-reusable-ear-speculum-diam-4-mm-metal-10881","status":"publish","type":"product","link":"https:\/\/nimedixmedical.com\/en\/our-catalog\/riester-reusable-ear-speculum-diam-4-mm-metal-10881\/","title":{"rendered":"Sp\u00e9culum Auriculaire R\u00e9utilisable Riester Diam. 4 mm &#8211; M\u00e9tal &#8211; 10881"},"content":{"rendered":"<p>The speculum atrial reusable Riester 4 mm is an essential tool for veterinarians during examinations in the ear. Its design metal chrome-plated for corrosion resistance ensures durability and reliability in the veterinary practice.<\/p>\n<h2>Features<\/h2>\n<ul>\n<li>Diameter : 4 mm<\/li>\n<li>Length : 83 mm<\/li>\n<li>Material : Metal chrome-plated for corrosion resistance<\/li>\n<li>Internal Surfaces opaque to reduce glare<\/li>\n<\/ul>\n<h2>Delivery<\/h2>\n<ul>\n<li><strong>France :<\/strong> Direct delivery.<\/li>\n<li><strong>Export (Europe and Africa) :<\/strong> Quote.<\/li>\n<\/ul>","protected":false},"excerpt":{"rendered":"<ul>\n<li>Use : Specially designed for the examination of atrial fibrillation of the animals.<\/li>\n<li>Benefit : Made of metal, chrome-plated corrosion-resistant for increased durability.<\/li>\n<li>Design : internal Surfaces opaque minimizing reflections and glare for better visibility.<\/li>\n<li>Convenience : Reusable, which makes them an economical and eco-friendly.<\/li>\n<\/ul>","protected":false},"featured_media":97988,"comment_status":"open","ping_status":"open","template":"","meta":{"inline_featured_image":false},"product_brand":[],"product_cat":[746,757,761],"product_tag":[],"class_list":{"0":"post-97987","1":"product","2":"type-product","3":"status-publish","4":"has-post-thumbnail","6":"product_cat-appareils-veterinaires","7":"product_cat-diagnostic-veterinaire","8":"product_cat-oto-ophtalmoscopes-veterinaires","10":"first","11":"instock","12":"sale","13":"taxable","14":"shipping-taxable","15":"purchasable","16":"product-type-simple"},"_links":{"self":[{"href":"https:\/\/nimedixmedical.com\/en\/wp-json\/wp\/v2\/product\/97987","targetHints":{"allow":["GET"]}}],"collection":[{"href":"https:\/\/nimedixmedical.com\/en\/wp-json\/wp\/v2\/product"}],"about":[{"href":"https:\/\/nimedixmedical.com\/en\/wp-json\/wp\/v2\/types\/product"}],"replies":[{"embeddable":true,"href":"https:\/\/nimedixmedical.com\/en\/wp-json\/wp\/v2\/comments?post=97987"}],"wp:featuredmedia":[{"embeddable":true,"href":"https:\/\/nimedixmedical.com\/en\/wp-json\/wp\/v2\/media\/97988"}],"wp:attachment":[{"href":"https:\/\/nimedixmedical.com\/en\/wp-json\/wp\/v2\/media?parent=97987"}],"wp:term":[{"taxonomy":"product_brand","embeddable":true,"href":"https:\/\/nimedixmedical.com\/en\/wp-json\/wp\/v2\/product_brand?post=97987"},{"taxonomy":"product_cat","embeddable":true,"href":"https:\/\/nimedixmedical.com\/en\/wp-json\/wp\/v2\/product_cat?post=97987"},{"taxonomy":"product_tag","embeddable":true,"href":"https:\/\/nimedixmedical.com\/en\/wp-json\/wp\/v2\/product_tag?post=97987"}],"curies":[{"name":"wp","href":"https:\/\/api.w.org\/{rel}","templated":true}]}}