{"id":97983,"date":"2025-11-30T18:41:56","date_gmt":"2025-11-30T17:41:56","guid":{"rendered":"https:\/\/nimedixmedical.com\/notre-catalogue\/speculum-auriculaire-a-fente-reutilisable-riester-diam-94-mm-metal-10884\/"},"modified":"2026-01-12T14:36:36","modified_gmt":"2026-01-12T13:36:36","slug":"riester-reusable-slit-ear-speculum-diam-94-mm-metal-10884","status":"publish","type":"product","link":"https:\/\/nimedixmedical.com\/en\/our-catalog\/riester-reusable-slit-ear-speculum-diam-94-mm-metal-10884\/","title":{"rendered":"Sp\u00e9culum Auriculaire \u00c0 Fente R\u00e9utilisable Riester Diam. 9,4 mm &#8211; M\u00e9tal &#8211; 10884"},"content":{"rendered":"<p>The speculum atrial slit reusable Riester is designed for veterinary professionals to perform examinations in the ear to be accurate and reliable. Design by high quality metal ensures a sustainable and efficient use in a clinical setting.<\/p>\n<h2>Features<\/h2>\n<ul>\n<li>Diameter : 9.4 mm<\/li>\n<li>Length : 92 mm<\/li>\n<li>Material : Metal chrome-plated for corrosion resistance<\/li>\n<li>Internal Surfaces opaque to minimize glare<\/li>\n<li>Model with slots for a guiding ideal of the instrument<\/li>\n<\/ul>\n<h2>Delivery<\/h2>\n<ul>\n<li><strong>France :<\/strong> Direct delivery.<\/li>\n<li><strong>Export (Europe and Africa) :<\/strong> Quote.<\/li>\n<\/ul>","protected":false},"excerpt":{"rendered":"<ul>\n<li>Use : Ideal for exams atrial veterinary.<\/li>\n<li>Benefit : Metal chrome-plated corrosion-resistant for increased durability.<\/li>\n<li>Design : internal Surfaces opaque to reduce glare.<\/li>\n<li>Accuracy : Model slots offering the best guidance of the instrument.<\/li>\n<\/ul>","protected":false},"featured_media":97984,"comment_status":"open","ping_status":"open","template":"","meta":{"inline_featured_image":false},"product_brand":[],"product_cat":[746,757,761],"product_tag":[],"class_list":{"0":"post-97983","1":"product","2":"type-product","3":"status-publish","4":"has-post-thumbnail","6":"product_cat-appareils-veterinaires","7":"product_cat-diagnostic-veterinaire","8":"product_cat-oto-ophtalmoscopes-veterinaires","10":"first","11":"instock","12":"sale","13":"taxable","14":"shipping-taxable","15":"purchasable","16":"product-type-simple"},"_links":{"self":[{"href":"https:\/\/nimedixmedical.com\/en\/wp-json\/wp\/v2\/product\/97983","targetHints":{"allow":["GET"]}}],"collection":[{"href":"https:\/\/nimedixmedical.com\/en\/wp-json\/wp\/v2\/product"}],"about":[{"href":"https:\/\/nimedixmedical.com\/en\/wp-json\/wp\/v2\/types\/product"}],"replies":[{"embeddable":true,"href":"https:\/\/nimedixmedical.com\/en\/wp-json\/wp\/v2\/comments?post=97983"}],"wp:featuredmedia":[{"embeddable":true,"href":"https:\/\/nimedixmedical.com\/en\/wp-json\/wp\/v2\/media\/97984"}],"wp:attachment":[{"href":"https:\/\/nimedixmedical.com\/en\/wp-json\/wp\/v2\/media?parent=97983"}],"wp:term":[{"taxonomy":"product_brand","embeddable":true,"href":"https:\/\/nimedixmedical.com\/en\/wp-json\/wp\/v2\/product_brand?post=97983"},{"taxonomy":"product_cat","embeddable":true,"href":"https:\/\/nimedixmedical.com\/en\/wp-json\/wp\/v2\/product_cat?post=97983"},{"taxonomy":"product_tag","embeddable":true,"href":"https:\/\/nimedixmedical.com\/en\/wp-json\/wp\/v2\/product_tag?post=97983"}],"curies":[{"name":"wp","href":"https:\/\/api.w.org\/{rel}","templated":true}]}}