{"id":97916,"date":"2025-11-30T18:41:31","date_gmt":"2025-11-30T17:41:31","guid":{"rendered":"https:\/\/nimedixmedical.com\/notre-catalogue\/cable-ecg-vet-5-deriv-rechange-pour-33305-6\/"},"modified":"2026-02-20T20:50:03","modified_gmt":"2026-02-20T19:50:03","slug":"cable-ecg-vet-5-deriv-spare-for-33305-6","status":"publish","type":"product","link":"https:\/\/nimedixmedical.com\/en\/our-catalog\/cable-ecg-vet-5-deriv-spare-for-33305-6\/","title":{"rendered":"C\u00e2ble ECG V\u00e9t 5 D\u00e9riv. &#8211; Rechange pour 33305\/6"},"content":{"rendered":"<p>The ECG cable VET 5 d\u00e9riv. is an essential accessory for the heart monitors veterinarian. Designed for models 33305 and 33306, it guarantees accurate and reliable measurements during health examinations of the animals.<\/p>\n<h2>Features<\/h2>\n<ul>\n<li>Type : ECG Cable 5 leads<\/li>\n<li>Compatibility : Replacement for models 33305 and 33306<\/li>\n<li>Ease of use : quick and simple Installation<\/li>\n<li>Durability : Designed for intensive use in the veterinarian community<\/li>\n<\/ul>\n<h2>Delivery<\/h2>\n<ul>\n<li><strong>France :<\/strong> Direct delivery.<\/li>\n<li><strong>Export (Europe and Africa) :<\/strong> Quote.<\/li>\n<\/ul>","protected":false},"excerpt":{"rendered":"<ul>\n<li>Compatible with devices ECG veterinary models 33305 and 33306.<\/li>\n<li>Easy to follow heart of the animals, thanks to precise measurements.<\/li>\n<li>Easy to install and use, ensuring smooth operation of the devices.<\/li>\n<li>Contributes to the quality of veterinary diagnostics.<\/li>\n<\/ul>","protected":false},"featured_media":97917,"comment_status":"open","ping_status":"open","template":"","meta":{"inline_featured_image":false},"product_brand":[],"product_cat":[746,756,753],"product_tag":[],"class_list":{"0":"post-97916","1":"product","2":"type-product","3":"status-publish","4":"has-post-thumbnail","6":"product_cat-appareils-veterinaires","7":"product_cat-ecg-veterinaires","8":"product_cat-ecg-veterinaires-moniteurs-echographes-veterinaires","10":"first","11":"instock","12":"sale","13":"taxable","14":"shipping-taxable","15":"purchasable","16":"product-type-simple"},"_links":{"self":[{"href":"https:\/\/nimedixmedical.com\/en\/wp-json\/wp\/v2\/product\/97916","targetHints":{"allow":["GET"]}}],"collection":[{"href":"https:\/\/nimedixmedical.com\/en\/wp-json\/wp\/v2\/product"}],"about":[{"href":"https:\/\/nimedixmedical.com\/en\/wp-json\/wp\/v2\/types\/product"}],"replies":[{"embeddable":true,"href":"https:\/\/nimedixmedical.com\/en\/wp-json\/wp\/v2\/comments?post=97916"}],"wp:featuredmedia":[{"embeddable":true,"href":"https:\/\/nimedixmedical.com\/en\/wp-json\/wp\/v2\/media\/97917"}],"wp:attachment":[{"href":"https:\/\/nimedixmedical.com\/en\/wp-json\/wp\/v2\/media?parent=97916"}],"wp:term":[{"taxonomy":"product_brand","embeddable":true,"href":"https:\/\/nimedixmedical.com\/en\/wp-json\/wp\/v2\/product_brand?post=97916"},{"taxonomy":"product_cat","embeddable":true,"href":"https:\/\/nimedixmedical.com\/en\/wp-json\/wp\/v2\/product_cat?post=97916"},{"taxonomy":"product_tag","embeddable":true,"href":"https:\/\/nimedixmedical.com\/en\/wp-json\/wp\/v2\/product_tag?post=97916"}],"curies":[{"name":"wp","href":"https:\/\/api.w.org\/{rel}","templated":true}]}}