{"id":116673,"date":"2026-01-12T07:16:01","date_gmt":"2026-01-12T06:16:01","guid":{"rendered":"https:\/\/nimedixmedical.com\/?post_type=product&#038;p=116673"},"modified":"2026-02-20T17:37:17","modified_gmt":"2026-02-20T16:37:17","slug":"echographe-esaote-my-lab-a50-multifonction","status":"publish","type":"product","link":"https:\/\/nimedixmedical.com\/en\/our-catalog\/echographe-esaote-my-lab-a50-multifonction\/","title":{"rendered":"ECHOGRAPHY ESAOTE My Lab A50 Multifunction"},"content":{"rendered":"<p>Chariot ergonomique et compact con\u00e7u pour une<\/p>\n<p>maniabilit\u00e9 ais\u00e9e<\/p>\n<p>* Panneau de commande r\u00e9glable\u00a0:<\/p>\n<p>Orientation lat\u00e9rale : 50\u00b0 \u00e0 gauche, 50\u00b0 \u00e0 droite ;<\/p>\n<p>Transport et rangement\u00a0: 180\u00b0 \u00e0 droite\u00a0;<\/p>\n<p>Nombre de crans \u00e0 droite : 6,<br \/>\nnombre de crans \u00e0 gauche : 6, 1 cran pour le transport<\/p>\n<p>D\u00e9placement vertical : +\/- 260 mm<\/p>\n<p>* D\u00e9placement du moniteur :<\/p>\n<p>Rotation : gauche 80\u00b0 &#8211; droite 80\u00b0 &#8211; avant 20\u00b0 &#8211;<\/p>\n<p>arri\u00e8re 90\u00b0<br \/>\nOrientation lat\u00e9rale du bras : droite 236 mm &#8211;<\/p>\n<p>gauche 236 mm<\/p>\n<p>* Panneau de commande r\u00e9tro\u00e9clair\u00e9 avec clavier alphanum\u00e9rique<\/p>\n<p>* \u00c9cran tactile LCD couleur avec commandes suppl\u00e9mentaires et touches de fonction<\/p>\n<p>* Le mode EasyMode permet \u00e0 l&#8217;utilisateur d&#8217;ajuster l&#8217;affichage selon ses pr\u00e9f\u00e9rences<\/p>\n<p>* Quatre roues multidirectionnelles avec frein pour une mobilit\u00e9 ais\u00e9e<\/p>\n<p>* Levier pour un r\u00e9glage facile de la hauteur du clavier<\/p>\n<p>* Espace d\u00e9di\u00e9 pour p\u00e9riph\u00e9riques ou imprimantes<\/p>\n<p>(en option)<\/p>\n<p>* Quatre supports de transducteurs pour une plus grande flexibilit\u00e9 d&#8217;utilisation<\/p>\n<p>* Supports pour gel et c\u00e2bles ECG<\/p>\n<p>* Chauffe-gel int\u00e9gr\u00e9 (en option)<\/p>\n<p>* Supports pour c\u00e2bles de transducteurs<\/p>\n<p>* Supports pour c\u00e2bles ECG<\/p>\n<p>* 4 transducteurs actifs Connecteurs (5e connecteur en option)<\/p>\n<p>* 1 sonde crayon<br \/>\n* Syst\u00e8me de refroidissement int\u00e9gr\u00e9 avec ventilateurs ultra-silencieux<\/p>\n<p>* Plateforme modulaire enti\u00e8rement num\u00e9rique<\/p>\n<p>* Pr\u00e9r\u00e9glages d&#8217;usine (programmables en illimit\u00e9)<\/p>\n<p>pour chaque transducteur et application<\/p>","protected":false},"excerpt":{"rendered":"<p>Panneau de commande r\u00e9tro\u00e9clair\u00e9 avec clavier alphanum\u00e9rique<\/p>\n<p>\u00c9cran tactile LCD couleur avec commandes suppl\u00e9mentaires et touches de fonction<\/p>\n<p>Le mode EasyMode permet \u00e0 l&#8217;utilisateur d&#8217;ajuster l&#8217;affichage selon ses pr\u00e9f\u00e9rences<\/p>\n<p>Quatre roues multidirectionnelles avec frein pour une mobilit\u00e9 ais\u00e9e<\/p>\n<p>Levier pour un r\u00e9glage facile de la hauteur du clavier<\/p>\n<p>Quatre supports de transducteurs pour une plus grande flexibilit\u00e9 d&#8217;utilisation<\/p>\n<p>Supports pour gel et c\u00e2bles ECG<\/p>\n<p>Chauffe-gel int\u00e9gr\u00e9 (en option)<\/p>\n<p>Supports pour c\u00e2bles de transducteurs<\/p>\n<p>Supports pour c\u00e2bles ECG<\/p>\n<p>4 transducteurs actifs Connecteurs (5e connecteur en option)<\/p>\n<p>1 sonde crayon<br \/>\nSyst\u00e8me de refroidissement int\u00e9gr\u00e9 avec ventilateurs ultra-silencieux<\/p>\n<p>Plateforme modulaire enti\u00e8rement num\u00e9rique<\/p>\n<p>Pr\u00e9r\u00e9glages d&#8217;usine (programmables en illimit\u00e9)<\/p>\n<p>pour chaque transducteur et application<\/p>","protected":false},"featured_media":116690,"comment_status":"open","ping_status":"closed","template":"","meta":{"inline_featured_image":false},"product_brand":[1317,1316],"product_cat":[15],"product_tag":[],"class_list":{"0":"post-116673","1":"product","2":"type-product","3":"status-publish","4":"has-post-thumbnail","6":"product_brand-a50","7":"product_brand-mylab","8":"product_cat-appareils-de-diagnostic","10":"first","11":"onbackorder","12":"taxable","13":"shipping-taxable","14":"purchasable","15":"product-type-simple"},"_links":{"self":[{"href":"https:\/\/nimedixmedical.com\/en\/wp-json\/wp\/v2\/product\/116673","targetHints":{"allow":["GET"]}}],"collection":[{"href":"https:\/\/nimedixmedical.com\/en\/wp-json\/wp\/v2\/product"}],"about":[{"href":"https:\/\/nimedixmedical.com\/en\/wp-json\/wp\/v2\/types\/product"}],"replies":[{"embeddable":true,"href":"https:\/\/nimedixmedical.com\/en\/wp-json\/wp\/v2\/comments?post=116673"}],"wp:featuredmedia":[{"embeddable":true,"href":"https:\/\/nimedixmedical.com\/en\/wp-json\/wp\/v2\/media\/116690"}],"wp:attachment":[{"href":"https:\/\/nimedixmedical.com\/en\/wp-json\/wp\/v2\/media?parent=116673"}],"wp:term":[{"taxonomy":"product_brand","embeddable":true,"href":"https:\/\/nimedixmedical.com\/en\/wp-json\/wp\/v2\/product_brand?post=116673"},{"taxonomy":"product_cat","embeddable":true,"href":"https:\/\/nimedixmedical.com\/en\/wp-json\/wp\/v2\/product_cat?post=116673"},{"taxonomy":"product_tag","embeddable":true,"href":"https:\/\/nimedixmedical.com\/en\/wp-json\/wp\/v2\/product_tag?post=116673"}],"curies":[{"name":"wp","href":"https:\/\/api.w.org\/{rel}","templated":true}]}}