{"id":116306,"date":"2025-11-30T23:17:33","date_gmt":"2025-11-30T22:17:33","guid":{"rendered":"https:\/\/nimedixmedical.com\/notre-catalogue\/bandelettes-glucose-pour-23965-66-67-24147-48-49-24150-51-52-53\/"},"modified":"2026-01-21T20:34:08","modified_gmt":"2026-01-21T19:34:08","slug":"bandelettes-glucose-pour-23965-66-67-24147-48-49-24150-51-52-53","status":"publish","type":"product","link":"https:\/\/nimedixmedical.com\/en\/our-catalog\/bandelettes-glucose-pour-23965-66-67-24147-48-49-24150-51-52-53\/","title":{"rendered":"Bandelettes Glucose &#8211; pour 23965\/66\/67, 24147\/48\/49, 24150\/51\/52\/53"},"content":{"rendered":"<p>Les bandelettes de glucose Biocapteur sont essentielles pour les personnes surveillant leur glyc\u00e9mie. Elles permettent un suivi de la sant\u00e9 rapide et efficace, contribuant \u00e0 une gestion optimale des niveaux de glucose sanguin chez les utilisateurs de glucom\u00e8tres sp\u00e9cifiques.<\/p>\n<h2>Features<\/h2>\n<ul>\n<li>Compatible avec les glucom\u00e8tres Biocapteur mod\u00e8les 23965\/66\/67, 24147\/48\/49, 24150\/51\/52\/53.<\/li>\n<li>Pr\u00e9cision et rapidit\u00e9 des r\u00e9sultats pour une surveillance efficace du glucose.<\/li>\n<li>Bo\u00eete multilingue incluant des instructions en 9 langues.<\/li>\n<li>Id\u00e9al pour les tests de triglyc\u00e9rides, cholest\u00e9rol et glucose, offrant une solution tout-en-un.<\/li>\n<\/ul>\n<h2>Delivery<\/h2>\n<ul>\n<li><strong>France :<\/strong> Direct delivery.<\/li>\n<li><strong>Export (Europe and Africa) :<\/strong> Quote.<\/li>\n<\/ul>","protected":false},"excerpt":{"rendered":"<ul>\n<li>Usage : Bandelettes con\u00e7ues pour les glucom\u00e8tres Biocapteur mod\u00e8les 23965\/66\/67, 24147\/48\/49, 24150\/51\/52\/53.<\/li>\n<li>B\u00e9n\u00e9fice : Contr\u00f4le rapide et pr\u00e9cis du taux de glucose dans le sang pour une meilleure gestion de la sant\u00e9.<\/li>\n<li>Multilingue : Conditionn\u00e9es dans une bo\u00eete avec instructions en 9 langues, facilitant l&#8217;utilisation.<\/li>\n<li>Compatibilit\u00e9 : Adapt\u00e9es pour les tests de triglyc\u00e9rides, cholest\u00e9rol et glucose, offrant une polyvalence dans les analyses.<\/li>\n<\/ul>","protected":false},"featured_media":116307,"comment_status":"open","ping_status":"open","template":"","meta":{"inline_featured_image":false},"product_brand":[],"product_cat":[1287,1298,1300],"product_tag":[],"class_list":{"0":"post-116306","1":"product","2":"type-product","3":"status-publish","4":"has-post-thumbnail","6":"product_cat-diagnostics-laboratoire","7":"product_cat-glucometres-et-multicare","8":"product_cat-kit-multicare-test-triglycerides-cholesterol-et-glucose","10":"first","11":"outofstock","12":"sale","13":"taxable","14":"shipping-taxable","15":"purchasable","16":"product-type-simple"},"_links":{"self":[{"href":"https:\/\/nimedixmedical.com\/en\/wp-json\/wp\/v2\/product\/116306","targetHints":{"allow":["GET"]}}],"collection":[{"href":"https:\/\/nimedixmedical.com\/en\/wp-json\/wp\/v2\/product"}],"about":[{"href":"https:\/\/nimedixmedical.com\/en\/wp-json\/wp\/v2\/types\/product"}],"replies":[{"embeddable":true,"href":"https:\/\/nimedixmedical.com\/en\/wp-json\/wp\/v2\/comments?post=116306"}],"wp:featuredmedia":[{"embeddable":true,"href":"https:\/\/nimedixmedical.com\/en\/wp-json\/wp\/v2\/media\/116307"}],"wp:attachment":[{"href":"https:\/\/nimedixmedical.com\/en\/wp-json\/wp\/v2\/media?parent=116306"}],"wp:term":[{"taxonomy":"product_brand","embeddable":true,"href":"https:\/\/nimedixmedical.com\/en\/wp-json\/wp\/v2\/product_brand?post=116306"},{"taxonomy":"product_cat","embeddable":true,"href":"https:\/\/nimedixmedical.com\/en\/wp-json\/wp\/v2\/product_cat?post=116306"},{"taxonomy":"product_tag","embeddable":true,"href":"https:\/\/nimedixmedical.com\/en\/wp-json\/wp\/v2\/product_tag?post=116306"}],"curies":[{"name":"wp","href":"https:\/\/api.w.org\/{rel}","templated":true}]}}