{"id":116270,"date":"2025-11-30T23:16:22","date_gmt":"2025-11-30T22:16:22","guid":{"rendered":"https:\/\/nimedixmedical.com\/notre-catalogue\/aiguille-de-securite-arrondie-26g-lancettes-automatiques\/"},"modified":"2026-01-12T15:57:38","modified_gmt":"2026-01-12T14:57:38","slug":"round-safety-needle-26g-automatic-lancets","status":"publish","type":"product","link":"https:\/\/nimedixmedical.com\/en\/our-catalog\/round-safety-needle-26g-automatic-lancets\/","title":{"rendered":"Aiguille de Securite Arrondie 26g &#8211; Lancettes Automatiques"},"content":{"rendered":"<p>Les lancettes de s\u00e9curit\u00e9 arrondies 26G sont con\u00e7ues pour faciliter le pr\u00e9l\u00e8vement de sang capillaire, offrant une solution confortable et s\u00e9curis\u00e9e pour le suivi des niveaux de glucose. Leur conception innovante permet de r\u00e9pondre aux exigences vari\u00e9es des utilisateurs, tout en garantissant une utilisation sans risque.<\/p>\n<h2>Features<\/h2>\n<ul>\n<li>Type: Lancettes de s\u00e9curit\u00e9 rondes<\/li>\n<li>Couleur: Bleu clair<\/li>\n<li>Profondeur de p\u00e9n\u00e9tration: 1,8 mm<\/li>\n<li>Calibre: 26G<\/li>\n<li>Volume de sang: 5-10 \u00b5I<\/li>\n<li>Piq\u00fbre du doigt: OUI<\/li>\n<li>Compatible avec: Glucose et H\u00e9matocrite<\/li>\n<li>Saignement: Moyen<\/li>\n<li>Usage unique: M\u00e9canisme autodestructeur int\u00e9gr\u00e9<\/li>\n<li>S\u00e9curit\u00e9: Aiguille cach\u00e9e avant et apr\u00e8s usage<\/li>\n<li>St\u00e9rilisation: St\u00e9rilis\u00e9e par gamma, prot\u00e9g\u00e9e jusqu&#8217;\u00e0 l&#8217;utilisation<\/li>\n<li>Contamination: Aucune contamination du sang<\/li>\n<li>Instructions multilingues: Disponible en plusieurs langues<\/li>\n<\/ul>\n<h2>Delivery<\/h2>\n<ul>\n<li><strong>France :<\/strong> Direct delivery.<\/li>\n<li><strong>Export (Europe and Africa) :<\/strong> Quote.<\/li>\n<\/ul>","protected":false},"excerpt":{"rendered":"<ul>\n<li><strong>Use:<\/strong> Lancettes de s\u00e9curit\u00e9 rondes, id\u00e9ales pour les tests de glyc\u00e9mie.<\/li>\n<li><strong>B\u00e9n\u00e9fice:<\/strong> M\u00e9canisme autodestructeur \u00e9vitant la r\u00e9utilisation, garantissant ainsi une utilisation s\u00fbre.<\/li>\n<li><strong>Confort:<\/strong> P\u00e9n\u00e9tration de 1,8 mm pour un pr\u00e9l\u00e8vement doux et efficace.<\/li>\n<li><strong> St\u00e9rilit\u00e9:<\/strong> Lancettes st\u00e9rilis\u00e9es par gamma, assurant une protection optimale jusqu&#8217;\u00e0 utilisation.<\/li>\n<\/ul>","protected":false},"featured_media":116271,"comment_status":"open","ping_status":"open","template":"","meta":{"inline_featured_image":false},"product_brand":[],"product_cat":[1287,1298,1299],"product_tag":[],"class_list":{"0":"post-116270","1":"product","2":"type-product","3":"status-publish","4":"has-post-thumbnail","6":"product_cat-diagnostics-laboratoire","7":"product_cat-glucometres-et-multicare","8":"product_cat-lancettes","10":"first","11":"outofstock","12":"sale","13":"taxable","14":"shipping-taxable","15":"purchasable","16":"product-type-simple"},"_links":{"self":[{"href":"https:\/\/nimedixmedical.com\/en\/wp-json\/wp\/v2\/product\/116270","targetHints":{"allow":["GET"]}}],"collection":[{"href":"https:\/\/nimedixmedical.com\/en\/wp-json\/wp\/v2\/product"}],"about":[{"href":"https:\/\/nimedixmedical.com\/en\/wp-json\/wp\/v2\/types\/product"}],"replies":[{"embeddable":true,"href":"https:\/\/nimedixmedical.com\/en\/wp-json\/wp\/v2\/comments?post=116270"}],"wp:featuredmedia":[{"embeddable":true,"href":"https:\/\/nimedixmedical.com\/en\/wp-json\/wp\/v2\/media\/116271"}],"wp:attachment":[{"href":"https:\/\/nimedixmedical.com\/en\/wp-json\/wp\/v2\/media?parent=116270"}],"wp:term":[{"taxonomy":"product_brand","embeddable":true,"href":"https:\/\/nimedixmedical.com\/en\/wp-json\/wp\/v2\/product_brand?post=116270"},{"taxonomy":"product_cat","embeddable":true,"href":"https:\/\/nimedixmedical.com\/en\/wp-json\/wp\/v2\/product_cat?post=116270"},{"taxonomy":"product_tag","embeddable":true,"href":"https:\/\/nimedixmedical.com\/en\/wp-json\/wp\/v2\/product_tag?post=116270"}],"curies":[{"name":"wp","href":"https:\/\/api.w.org\/{rel}","templated":true}]}}